{"id":703221,"date":"2025-08-27T15:23:09","date_gmt":"2025-08-27T12:23:09","guid":{"rendered":"https:\/\/roveyayinevi.com.tr\/index.php\/urun\/erbakan\/"},"modified":"2026-04-16T02:12:32","modified_gmt":"2026-04-15T23:12:32","slug":"erbakan","status":"publish","type":"product","link":"https:\/\/roveyayinevi.com.tr\/index.php\/urun\/erbakan\/","title":{"rendered":"Erbakan"},"content":{"rendered":"<p>Eziyet Edilerek Yaln\u0131zl\u0131\u011fa Y\u00fckseltilen Bir Siyasal Liderin Portresi \u0130nad\u0131n ve sabr\u0131n ad\u0131yd\u0131; felaketler onu y\u0131k\u0131lmaz yapt\u0131&#8230; Ya\u015famdaki en y\u00fcce ideali ger\u00e7ekle\u015ftirdi; hep kendi olarak kald\u0131. Siyasi ve ahlaki ba\u011f\u0131ms\u0131zl\u0131\u011f\u0131n\u0131 sonuna kadar korudu&#8230; Bir siyasal inan\u00e7 i\u00e7in ac\u0131 \u00e7ekmeyi, o inan\u00e7 u\u011fruna zulmetmeye ye\u011fledi&#8230; G\u00f6r\u00fc\u015f ve hedefinden emindi; \u00fclkesine ve insan\u0131na hep sad\u0131k kald\u0131&#8230; Ku\u015fkusuz her insan gibi yanl\u0131\u015fl\u0131klar da yapt\u0131&#8230; Evet: Tarih bahts\u0131zlar\u0131n bilimidir&#8230; Erbakan hakk\u0131ndaki karar\u0131 ku\u015fkusuz tarihin y\u00fcce mahkemesi verecektir&#8230; Bu kitap sadece olgulardan hareket ederek bir Erbakan biyografisi yazmak amac\u0131yla kaleme al\u0131nd\u0131&#8230;<\/p>\n","protected":false},"excerpt":{"rendered":"<p>Eziyet Edilerek Yaln\u0131zl\u0131\u011fa Y\u00fckseltilen Bir Siyasal Liderin Portresi \u0130nad\u0131n ve sabr\u0131n ad\u0131yd\u0131; felaketler onu y\u0131k\u0131lmaz yapt\u0131&#8230; Ya\u015famdaki en y\u00fcce ideali ger\u00e7ekle\u015ftirdi; hep kendi olarak kald\u0131. Siyasi<span class=\"excerpt-hellip\"> [\u2026]<\/span><\/p>\n","protected":false},"featured_media":0,"template":"","meta":{"_monsterinsights_skip_tracking":false,"_monsterinsights_sitenote_active":false,"_monsterinsights_sitenote_note":"","_monsterinsights_sitenote_category":0},"product_brand":[],"product_cat":[13590,12337],"product_tag":[],"class_list":{"0":"post-703221","1":"product","2":"type-product","3":"status-publish","5":"product_cat-arastirma-inceleme-politika-siyaset","6":"product_cat-politika-siyaset","7":"pa_cilt-ciltsiz","8":"pa_tur-kitap","9":"pa_yayinevi-kirmizi-kedi-yayinevi","10":"pa_yazar-soner-yalcin","12":"first","13":"instock","14":"sale","15":"shipping-taxable","16":"purchasable","17":"product-type-simple"},"_links":{"self":[{"href":"https:\/\/roveyayinevi.com.tr\/index.php\/wp-json\/wp\/v2\/product\/703221","targetHints":{"allow":["GET"]}}],"collection":[{"href":"https:\/\/roveyayinevi.com.tr\/index.php\/wp-json\/wp\/v2\/product"}],"about":[{"href":"https:\/\/roveyayinevi.com.tr\/index.php\/wp-json\/wp\/v2\/types\/product"}],"wp:attachment":[{"href":"https:\/\/roveyayinevi.com.tr\/index.php\/wp-json\/wp\/v2\/media?parent=703221"}],"wp:term":[{"taxonomy":"product_brand","embeddable":true,"href":"https:\/\/roveyayinevi.com.tr\/index.php\/wp-json\/wp\/v2\/product_brand?post=703221"},{"taxonomy":"product_cat","embeddable":true,"href":"https:\/\/roveyayinevi.com.tr\/index.php\/wp-json\/wp\/v2\/product_cat?post=703221"},{"taxonomy":"product_tag","embeddable":true,"href":"https:\/\/roveyayinevi.com.tr\/index.php\/wp-json\/wp\/v2\/product_tag?post=703221"}],"curies":[{"name":"wp","href":"https:\/\/api.w.org\/{rel}","templated":true}]}}