{"id":703220,"date":"2025-08-27T15:23:09","date_gmt":"2025-08-27T12:23:09","guid":{"rendered":"https:\/\/roveyayinevi.com.tr\/index.php\/urun\/bir-seri-katilin-felsefesi-charles-manson\/"},"modified":"2026-04-16T02:12:32","modified_gmt":"2026-04-15T23:12:32","slug":"bir-seri-katilin-felsefesi-charles-manson","status":"publish","type":"product","link":"https:\/\/roveyayinevi.com.tr\/index.php\/urun\/bir-seri-katilin-felsefesi-charles-manson\/","title":{"rendered":"Bir Seri Katilin Felsefesi &#8211; Charles Manson"},"content":{"rendered":"<p>FBI istatistiklerine g\u00f6re seri katiller d\u00fcnya n\u00fcfusunun %6\u2019s\u0131na tekab\u00fcl etmektedir. \u00dcstelik bu %6 hen\u00fcz yakalanmayanlar\u0131n say\u0131s\u0131. <\/p>\n","protected":false},"excerpt":{"rendered":"<p>FBI istatistiklerine g\u00f6re seri katiller d\u00fcnya n\u00fcfusunun %6\u2019s\u0131na tekab\u00fcl etmektedir. \u00dcstelik bu %6 hen\u00fcz yakalanmayanlar\u0131n say\u0131s\u0131.<\/p>\n","protected":false},"featured_media":0,"template":"","meta":{"_monsterinsights_skip_tracking":false,"_monsterinsights_sitenote_active":false,"_monsterinsights_sitenote_note":"","_monsterinsights_sitenote_category":0},"product_brand":[],"product_cat":[14009,12291],"product_tag":[],"class_list":{"0":"post-703220","1":"product","2":"type-product","3":"status-publish","5":"product_cat-biyografi-otobiyografi-edebiyat","6":"product_cat-edebiyat","7":"pa_tur-kitap","8":"pa_yayinevi-herdem-kitap","9":"pa_yazar-charles-manson","11":"first","12":"instock","13":"sale","14":"shipping-taxable","15":"purchasable","16":"product-type-simple"},"_links":{"self":[{"href":"https:\/\/roveyayinevi.com.tr\/index.php\/wp-json\/wp\/v2\/product\/703220","targetHints":{"allow":["GET"]}}],"collection":[{"href":"https:\/\/roveyayinevi.com.tr\/index.php\/wp-json\/wp\/v2\/product"}],"about":[{"href":"https:\/\/roveyayinevi.com.tr\/index.php\/wp-json\/wp\/v2\/types\/product"}],"wp:attachment":[{"href":"https:\/\/roveyayinevi.com.tr\/index.php\/wp-json\/wp\/v2\/media?parent=703220"}],"wp:term":[{"taxonomy":"product_brand","embeddable":true,"href":"https:\/\/roveyayinevi.com.tr\/index.php\/wp-json\/wp\/v2\/product_brand?post=703220"},{"taxonomy":"product_cat","embeddable":true,"href":"https:\/\/roveyayinevi.com.tr\/index.php\/wp-json\/wp\/v2\/product_cat?post=703220"},{"taxonomy":"product_tag","embeddable":true,"href":"https:\/\/roveyayinevi.com.tr\/index.php\/wp-json\/wp\/v2\/product_tag?post=703220"}],"curies":[{"name":"wp","href":"https:\/\/api.w.org\/{rel}","templated":true}]}}