{"id":703219,"date":"2025-08-27T15:23:08","date_gmt":"2025-08-27T12:23:08","guid":{"rendered":"https:\/\/roveyayinevi.com.tr\/index.php\/urun\/esrarengiz-testi\/"},"modified":"2026-04-16T02:12:32","modified_gmt":"2026-04-15T23:12:32","slug":"esrarengiz-testi","status":"publish","type":"product","link":"https:\/\/roveyayinevi.com.tr\/index.php\/urun\/esrarengiz-testi\/","title":{"rendered":"Esrarengiz Testi"},"content":{"rendered":"<p>\u0130rem ile Eren ikiz karde\u015ftir. Bir g\u00fcn eve gelen bir telefon \u00e7\u0131lg\u0131n day\u0131lar\u0131n\u0131n bir Japon k\u0131zla evlenece\u011fini ve d\u00fc\u011f\u00fcn\u00fcn de Kapadokya&#8217;da bir balonda yap\u0131laca\u011f\u0131n\u0131 duyurur. Bu ilgin\u00e7 d\u00fc\u011f\u00fcn\u00fc ka\u00e7\u0131rmak istemeyen aile topluca Kapadokya&#8217;ya do\u011fru yola \u00e7\u0131kar. Elbette ikizlerin kuzenleri Tolga ve Burcu da anne babalar\u0131yla birlikte d\u00fc\u011f\u00fcne gelecektir. Anneanneyle dedenin ve Japon gelinin ailesinin de kat\u0131lmas\u0131yla Kapadokya&#8217;daki konuklar d\u00fc\u011f\u00fcne haz\u0131rlan\u0131r. Ancak day\u0131lar\u0131n\u0131n k\u00f6pe\u011fi Z\u0131pz\u0131p&#8217;\u0131n son anda y\u00fcz\u00fcklerin bulundu\u011fu kutuyu ka\u00e7\u0131rmas\u0131yla kuzenler kendilerini birden peribacalar\u0131ndan yeralt\u0131 \u015fehrine soluk solu\u011fa bir kovalamacan\u0131n i\u00e7inde bulurlar. Z\u0131pz\u0131p&#8217;\u0131n pe\u015finden gittiklerinde bulduklar\u0131 testinin esrar\u0131 nedir? Kuzenler, pe\u015flerine tak\u0131lan adamlardan kurtulup bu esrar\u0131 \u00e7\u00f6zmeyi ba\u015farabilecekler midir?<\/p>\n","protected":false},"excerpt":{"rendered":"<p>\u0130rem ile Eren ikiz karde\u015ftir. Bir g\u00fcn eve gelen bir telefon \u00e7\u0131lg\u0131n day\u0131lar\u0131n\u0131n bir Japon k\u0131zla evlenece\u011fini ve d\u00fc\u011f\u00fcn\u00fcn de Kapadokya&#8217;da bir balonda yap\u0131laca\u011f\u0131n\u0131 duyurur. Bu<span class=\"excerpt-hellip\"> [\u2026]<\/span><\/p>\n","protected":false},"featured_media":0,"template":"","meta":{"_monsterinsights_skip_tracking":false,"_monsterinsights_sitenote_active":false,"_monsterinsights_sitenote_note":"","_monsterinsights_sitenote_category":0},"product_brand":[],"product_cat":[12274,12284],"product_tag":[],"class_list":{"0":"post-703219","1":"product","2":"type-product","3":"status-publish","5":"product_cat-cocuk-ve-genclik-kitaplari","6":"product_cat-hikayeler","7":"pa_cilt-ciltsiz","8":"pa_tur-kitap","9":"pa_yayinevi-kirmizi-kedi-yayinevi","10":"pa_yazar-koray-avci-cakman","12":"first","13":"instock","14":"sale","15":"shipping-taxable","16":"purchasable","17":"product-type-simple"},"_links":{"self":[{"href":"https:\/\/roveyayinevi.com.tr\/index.php\/wp-json\/wp\/v2\/product\/703219","targetHints":{"allow":["GET"]}}],"collection":[{"href":"https:\/\/roveyayinevi.com.tr\/index.php\/wp-json\/wp\/v2\/product"}],"about":[{"href":"https:\/\/roveyayinevi.com.tr\/index.php\/wp-json\/wp\/v2\/types\/product"}],"wp:attachment":[{"href":"https:\/\/roveyayinevi.com.tr\/index.php\/wp-json\/wp\/v2\/media?parent=703219"}],"wp:term":[{"taxonomy":"product_brand","embeddable":true,"href":"https:\/\/roveyayinevi.com.tr\/index.php\/wp-json\/wp\/v2\/product_brand?post=703219"},{"taxonomy":"product_cat","embeddable":true,"href":"https:\/\/roveyayinevi.com.tr\/index.php\/wp-json\/wp\/v2\/product_cat?post=703219"},{"taxonomy":"product_tag","embeddable":true,"href":"https:\/\/roveyayinevi.com.tr\/index.php\/wp-json\/wp\/v2\/product_tag?post=703219"}],"curies":[{"name":"wp","href":"https:\/\/api.w.org\/{rel}","templated":true}]}}