{"id":703218,"date":"2025-08-27T15:23:08","date_gmt":"2025-08-27T12:23:08","guid":{"rendered":"https:\/\/roveyayinevi.com.tr\/index.php\/urun\/farsca-dilbilgisi-metin-gramer-konusma-test-konulu-sozluk-telaffuz-ile\/"},"modified":"2025-10-08T11:06:12","modified_gmt":"2025-10-08T08:06:12","slug":"farsca-dilbilgisi-metin-gramer-konusma-test-konulu-sozluk-telaffuz-ile","status":"publish","type":"product","link":"https:\/\/roveyayinevi.com.tr\/index.php\/urun\/farsca-dilbilgisi-metin-gramer-konusma-test-konulu-sozluk-telaffuz-ile\/","title":{"rendered":"Fars\u00e7a Dilbilgisi (Metin-Gramer-Konu\u015fma-Test- Konulu S\u00f6zl\u00fck) Telaffuz  ile"},"content":{"rendered":"<p>Dr. Ahmad JABBAR\u0130, 15 sene \u0130ran\u2019da \u00e7e\u015fitli \u00fcniversitelerde \u00f6\u011fretim g\u00f6revlisi ve \u00fcyesi olarak \u00e7al\u0131\u015ft\u0131. Ayn\u0131 zamanda Sosyoloji B\u00f6l\u00fcm Ba\u015fkanl\u0131\u011f\u0131, E\u011fitim B\u00f6l\u00fcm Ba\u015fkanl\u0131\u011f\u0131, \u00d6\u011frenci \u0130\u015fleri Ba\u015fkanl\u0131\u011f\u0131, Ara\u015ft\u0131rma M\u00fcd\u00fcrl\u00fc\u011f\u00fc ve Rekt\u00f6r Yard\u0131mc\u0131l\u0131\u011f\u0131 g\u00f6revlerinde bulundu. \u0130ran\u2019da ve yurtd\u0131\u015f\u0131nda Fars\u00e7a \u00d6\u011fretim Merkezleriyle   i\u015fbirli\u011fi  deneyimine  de  sahiptir. El-Mustafa \u00dcniversitesinde \u00f6\u011fretim g\u00f6revlili\u011fi, dan\u0131\u015fmanl\u0131k, m\u00fctercimlik ve yazarl\u0131k yapt\u0131. Bunun yan\u0131s\u0131ra Ankara Dil Kolejleri ve \u0130ran K\u00fclt\u00fcr M\u00fcste\u015farl\u0131\u011f\u0131na ba\u011fl\u0131 Fars\u00e7a \u00d6\u011fretim Merkezinde hocal\u0131k g\u00f6revinde bulundu. \u015eu anda Hacettepe \u00dcniversitesinde ikinci doktoras\u0131n\u0131 yapmakla birlikte ayn\u0131 zamanda da Ankara\u2019da Fars\u00e7a \u00d6\u011fretim Merkezi\u2019nde (\u0130RAN B\u00fcy\u00fckel\u00e7ili\u011fi K\u00fclt\u00fcr M\u00fcste\u015farl\u0131\u011f\u0131nda) M\u00fcd\u00fcr olarak \u00e7al\u0131\u015fmaktad\u0131r. \u0130ran\u2019da ve T\u00fcrkiye\u2019de bug\u00fcne kadar 34 kitab\u0131 yay\u0131mlanm\u0131\u015ft\u0131r. <\/p>\n","protected":false},"excerpt":{"rendered":"<p>Dr. Ahmad JABBAR\u0130, 15 sene \u0130ran\u2019da \u00e7e\u015fitli \u00fcniversitelerde \u00f6\u011fretim g\u00f6revlisi ve \u00fcyesi olarak \u00e7al\u0131\u015ft\u0131. Ayn\u0131 zamanda Sosyoloji B\u00f6l\u00fcm Ba\u015fkanl\u0131\u011f\u0131, E\u011fitim B\u00f6l\u00fcm Ba\u015fkanl\u0131\u011f\u0131, \u00d6\u011frenci \u0130\u015fleri Ba\u015fkanl\u0131\u011f\u0131, Ara\u015ft\u0131rma<span class=\"excerpt-hellip\"> [\u2026]<\/span><\/p>\n","protected":false},"featured_media":0,"template":"","meta":{"_monsterinsights_skip_tracking":false,"_monsterinsights_sitenote_active":false,"_monsterinsights_sitenote_note":"","_monsterinsights_sitenote_category":0},"product_brand":[],"product_cat":[12566,21319,13611],"product_tag":[],"class_list":{"0":"post-703218","1":"product","2":"type-product","3":"status-publish","5":"product_cat-egitim","6":"product_cat-farsca-sozlukler","7":"product_cat-sozlukler-ve-konusma-kilavuzlari","8":"pa_cilt-ciltsiz","9":"pa_tur-kitap","10":"pa_yayinevi-siyasal-kitabevi-egitim","11":"pa_yazar-ahmad-jabbari","13":"first","14":"instock","15":"sale","16":"shipping-taxable","17":"purchasable","18":"product-type-simple"},"_links":{"self":[{"href":"https:\/\/roveyayinevi.com.tr\/index.php\/wp-json\/wp\/v2\/product\/703218","targetHints":{"allow":["GET"]}}],"collection":[{"href":"https:\/\/roveyayinevi.com.tr\/index.php\/wp-json\/wp\/v2\/product"}],"about":[{"href":"https:\/\/roveyayinevi.com.tr\/index.php\/wp-json\/wp\/v2\/types\/product"}],"wp:attachment":[{"href":"https:\/\/roveyayinevi.com.tr\/index.php\/wp-json\/wp\/v2\/media?parent=703218"}],"wp:term":[{"taxonomy":"product_brand","embeddable":true,"href":"https:\/\/roveyayinevi.com.tr\/index.php\/wp-json\/wp\/v2\/product_brand?post=703218"},{"taxonomy":"product_cat","embeddable":true,"href":"https:\/\/roveyayinevi.com.tr\/index.php\/wp-json\/wp\/v2\/product_cat?post=703218"},{"taxonomy":"product_tag","embeddable":true,"href":"https:\/\/roveyayinevi.com.tr\/index.php\/wp-json\/wp\/v2\/product_tag?post=703218"}],"curies":[{"name":"wp","href":"https:\/\/api.w.org\/{rel}","templated":true}]}}