{"id":703217,"date":"2025-08-27T15:23:07","date_gmt":"2025-08-27T12:23:07","guid":{"rendered":"https:\/\/roveyayinevi.com.tr\/index.php\/urun\/albayim-beni-nezahat-ile-evlendir\/"},"modified":"2026-04-16T02:12:32","modified_gmt":"2026-04-15T23:12:32","slug":"albayim-beni-nezahat-ile-evlendir","status":"publish","type":"product","link":"https:\/\/roveyayinevi.com.tr\/index.php\/urun\/albayim-beni-nezahat-ile-evlendir\/","title":{"rendered":"Albay\u0131m Beni Nezahat \u0130le Evlendir"},"content":{"rendered":"<p>Sende bu ad olduk\u00e7a istersen s\u0131f\u0131r numara kel, istersen at kuyruklu olurum. \u0130nce b\u0131y\u0131kl\u0131, tek di\u015fi alt\u0131n olurum. Meftun olurum, meczup olurum. Uzaklara bakar\u0131m, \u00e7\u0131t\u0131m\u0131 \u00e7\u0131karmam. Nas\u0131l s\u00f6yleyece\u011fimi bilmem, susar\u0131m. Susmak \u00fczerine konu\u015fmak gerekse, beni \u00e7a\u011f\u0131r\u0131rlar, oturur susar\u0131m. Dolmabah\u00e7e saat kulesiyle, \u00c7\u0131ra\u011fan Saray\u0131 ile konu\u015furum. \ufffcTan\u0131t\u0131m Metni<\/p>\n","protected":false},"excerpt":{"rendered":"<p>Sende bu ad olduk\u00e7a istersen s\u0131f\u0131r numara kel, istersen at kuyruklu olurum. \u0130nce b\u0131y\u0131kl\u0131, tek di\u015fi alt\u0131n olurum. Meftun olurum, meczup olurum. Uzaklara bakar\u0131m, \u00e7\u0131t\u0131m\u0131 \u00e7\u0131karmam.<span class=\"excerpt-hellip\"> [\u2026]<\/span><\/p>\n","protected":false},"featured_media":0,"template":"","meta":{"_monsterinsights_skip_tracking":false,"_monsterinsights_sitenote_active":false,"_monsterinsights_sitenote_note":"","_monsterinsights_sitenote_category":0},"product_brand":[],"product_cat":[12291,12292],"product_tag":[],"class_list":{"0":"post-703217","1":"product","2":"type-product","3":"status-publish","5":"product_cat-edebiyat","6":"product_cat-turk-edebiyati","7":"pa_cilt-ciltsiz","8":"pa_tur-kitap","9":"pa_yayinevi-iletisim-yayinlari","10":"pa_yazar-ilhami-algor","12":"first","13":"instock","14":"sale","15":"shipping-taxable","16":"purchasable","17":"product-type-simple"},"_links":{"self":[{"href":"https:\/\/roveyayinevi.com.tr\/index.php\/wp-json\/wp\/v2\/product\/703217","targetHints":{"allow":["GET"]}}],"collection":[{"href":"https:\/\/roveyayinevi.com.tr\/index.php\/wp-json\/wp\/v2\/product"}],"about":[{"href":"https:\/\/roveyayinevi.com.tr\/index.php\/wp-json\/wp\/v2\/types\/product"}],"wp:attachment":[{"href":"https:\/\/roveyayinevi.com.tr\/index.php\/wp-json\/wp\/v2\/media?parent=703217"}],"wp:term":[{"taxonomy":"product_brand","embeddable":true,"href":"https:\/\/roveyayinevi.com.tr\/index.php\/wp-json\/wp\/v2\/product_brand?post=703217"},{"taxonomy":"product_cat","embeddable":true,"href":"https:\/\/roveyayinevi.com.tr\/index.php\/wp-json\/wp\/v2\/product_cat?post=703217"},{"taxonomy":"product_tag","embeddable":true,"href":"https:\/\/roveyayinevi.com.tr\/index.php\/wp-json\/wp\/v2\/product_tag?post=703217"}],"curies":[{"name":"wp","href":"https:\/\/api.w.org\/{rel}","templated":true}]}}