{"id":703214,"date":"2025-08-27T15:23:06","date_gmt":"2025-08-27T12:23:06","guid":{"rendered":"https:\/\/roveyayinevi.com.tr\/index.php\/urun\/fakulte-hastanesi\/"},"modified":"2026-04-16T02:12:32","modified_gmt":"2026-04-15T23:12:32","slug":"fakulte-hastanesi","status":"publish","type":"product","link":"https:\/\/roveyayinevi.com.tr\/index.php\/urun\/fakulte-hastanesi\/","title":{"rendered":"Fak\u00fclte Hastanesi"},"content":{"rendered":"<p>1940 y\u0131l\u0131nda do\u011fdu. Orta ve Lise \u00f6\u011frenimini Galatasaray Lisesi&#8217;nde y\u00fcksek \u00f6\u011frenimini de Dil Tarih Co\u011frafya Fak\u00fcltesi Frans\u0131z Dili ve Edbiyat\u0131 B\u00f6l\u00fcm\u00fc&#8217;nde yapt\u0131. Roman ve \u00f6yk\u00fc t\u00fcrlerini i\u00e7eren d\u00fcz yaz\u0131 \u00f6zelliklerinin yan\u0131 s\u0131ra, \u015fiir ve s\u00f6zl\u00fck \u00e7al\u0131\u015fmalar\u0131 da vard\u0131r. <\/p>\n","protected":false},"excerpt":{"rendered":"<p>1940 y\u0131l\u0131nda do\u011fdu. Orta ve Lise \u00f6\u011frenimini Galatasaray Lisesi&#8217;nde y\u00fcksek \u00f6\u011frenimini de Dil Tarih Co\u011frafya Fak\u00fcltesi Frans\u0131z Dili ve Edbiyat\u0131 B\u00f6l\u00fcm\u00fc&#8217;nde yapt\u0131. Roman ve \u00f6yk\u00fc t\u00fcrlerini<span class=\"excerpt-hellip\"> [\u2026]<\/span><\/p>\n","protected":false},"featured_media":0,"template":"","meta":{"_monsterinsights_skip_tracking":false,"_monsterinsights_sitenote_active":false,"_monsterinsights_sitenote_note":"","_monsterinsights_sitenote_category":0},"product_brand":[],"product_cat":[12291,12711],"product_tag":[],"class_list":{"0":"post-703214","1":"product","2":"type-product","3":"status-publish","5":"product_cat-edebiyat","6":"product_cat-roman-oyku","7":"pa_tur-kitap","8":"pa_yayinevi-karinca-yayinlari","9":"pa_yazar-nur-gurkan","11":"first","12":"instock","13":"sale","14":"shipping-taxable","15":"purchasable","16":"product-type-simple"},"_links":{"self":[{"href":"https:\/\/roveyayinevi.com.tr\/index.php\/wp-json\/wp\/v2\/product\/703214","targetHints":{"allow":["GET"]}}],"collection":[{"href":"https:\/\/roveyayinevi.com.tr\/index.php\/wp-json\/wp\/v2\/product"}],"about":[{"href":"https:\/\/roveyayinevi.com.tr\/index.php\/wp-json\/wp\/v2\/types\/product"}],"wp:attachment":[{"href":"https:\/\/roveyayinevi.com.tr\/index.php\/wp-json\/wp\/v2\/media?parent=703214"}],"wp:term":[{"taxonomy":"product_brand","embeddable":true,"href":"https:\/\/roveyayinevi.com.tr\/index.php\/wp-json\/wp\/v2\/product_brand?post=703214"},{"taxonomy":"product_cat","embeddable":true,"href":"https:\/\/roveyayinevi.com.tr\/index.php\/wp-json\/wp\/v2\/product_cat?post=703214"},{"taxonomy":"product_tag","embeddable":true,"href":"https:\/\/roveyayinevi.com.tr\/index.php\/wp-json\/wp\/v2\/product_tag?post=703214"}],"curies":[{"name":"wp","href":"https:\/\/api.w.org\/{rel}","templated":true}]}}