{"id":703213,"date":"2025-08-27T15:23:06","date_gmt":"2025-08-27T12:23:06","guid":{"rendered":"https:\/\/roveyayinevi.com.tr\/index.php\/urun\/merhamet-devrimi\/"},"modified":"2026-04-16T02:12:32","modified_gmt":"2026-04-15T23:12:32","slug":"merhamet-devrimi","status":"publish","type":"product","link":"https:\/\/roveyayinevi.com.tr\/index.php\/urun\/merhamet-devrimi\/","title":{"rendered":"Merhamet Devrimi"},"content":{"rendered":"<p>\u201cM\u00fctevaz\u0131 insanlar\u0131n daha di\u011ferk\u00e2m ve daha merhametli olduklar\u0131 biliniyor. O halde d\u00fcnyaya bir tevazu devrimi gerek. Bir merhamet devrimi: Egosistemden ekosisteme ge\u00e7meliyiz. \u0130nsan\u0131n kendi benli\u011fine dair olumlu imgeler \u00fcretmesi ve \u00e7o\u011faltmas\u0131ndan, ba\u015fka insanlar\u0131n \u00f6nceliklerine ihtiya\u00e7 vermesine\u2026 Ba\u015fkalar\u0131na nas\u0131l g\u00f6r\u00fcnd\u00fc\u011f\u00fcm\u00fcz de\u011fil, ba\u015fka insanlar\u0131n ihtiya\u00e7lar\u0131na nas\u0131l cevap verdi\u011fimiz \u00f6nem kazanacak. \u201cBa\u015fkalar\u0131n\u0131n g\u00f6z\u00fcnden ben\u201d yerine \u201cba\u015fkalar\u0131 i\u00e7in ben\u201d. Kendi benlik ihtiya\u00e7lar\u0131m\u0131n aldat\u0131c\u0131 yan\u0131lsamas\u0131ndan \u00f6tekinin ihtiya\u00e7lar\u0131na kulak vermenin sahici varolu\u015funa. Bu s\u0131\u00e7ray\u0131\u015f, bir merhamet devrimidir!\u201d Merhamet Devrimi, asl\u0131nda farkl\u0131 disiplinden iki ayr\u0131 yazar\u0131n, Kemal Sayar ve Alperen Manisal\u0131gil\u2019in kendi bak\u0131\u015f a\u00e7\u0131lar\u0131n\u0131n \u00f6zg\u00fcnl\u00fc\u011f\u00fcn\u00fc koruyarak ayn\u0131 konuda yazd\u0131klar\u0131 iki kitaptan olu\u015fuyor. B\u00f6ylece merhamet kavram\u0131 pek \u00e7ok boyutuyla daha geni\u015f bir yelpazede tart\u0131\u015f\u0131l\u0131yor, bir yazar\u0131n a\u00e7t\u0131\u011f\u0131 pencereyi di\u011ferininki geni\u015fletiyor. Onlar\u0131 birle\u015ftiren \u015fey, zulm\u00fcn ve tahripk\u00e2r kibrin panzehri olarak merhamet ve tevazuun insan ve toplumda yeniden hayat bulmas\u0131 gerekti\u011fine duyduklar\u0131 inan\u00e7. <\/p>\n","protected":false},"excerpt":{"rendered":"<p>\u201cM\u00fctevaz\u0131 insanlar\u0131n daha di\u011ferk\u00e2m ve daha merhametli olduklar\u0131 biliniyor. O halde d\u00fcnyaya bir tevazu devrimi gerek. Bir merhamet devrimi: Egosistemden ekosisteme ge\u00e7meliyiz. \u0130nsan\u0131n kendi benli\u011fine dair<span class=\"excerpt-hellip\"> [\u2026]<\/span><\/p>\n","protected":false},"featured_media":0,"template":"","meta":{"_monsterinsights_skip_tracking":false,"_monsterinsights_sitenote_active":false,"_monsterinsights_sitenote_note":"","_monsterinsights_sitenote_category":0},"product_brand":[],"product_cat":[12777,12291],"product_tag":[],"class_list":{"0":"post-703213","1":"product","2":"type-product","3":"status-publish","5":"product_cat-deneme","6":"product_cat-edebiyat","7":"pa_cilt-ciltsiz","8":"pa_tur-kitap","9":"pa_yayinevi-timas-yayinlari","10":"pa_yazar-kemal-sayar","12":"first","13":"instock","14":"sale","15":"shipping-taxable","16":"purchasable","17":"product-type-simple"},"_links":{"self":[{"href":"https:\/\/roveyayinevi.com.tr\/index.php\/wp-json\/wp\/v2\/product\/703213","targetHints":{"allow":["GET"]}}],"collection":[{"href":"https:\/\/roveyayinevi.com.tr\/index.php\/wp-json\/wp\/v2\/product"}],"about":[{"href":"https:\/\/roveyayinevi.com.tr\/index.php\/wp-json\/wp\/v2\/types\/product"}],"wp:attachment":[{"href":"https:\/\/roveyayinevi.com.tr\/index.php\/wp-json\/wp\/v2\/media?parent=703213"}],"wp:term":[{"taxonomy":"product_brand","embeddable":true,"href":"https:\/\/roveyayinevi.com.tr\/index.php\/wp-json\/wp\/v2\/product_brand?post=703213"},{"taxonomy":"product_cat","embeddable":true,"href":"https:\/\/roveyayinevi.com.tr\/index.php\/wp-json\/wp\/v2\/product_cat?post=703213"},{"taxonomy":"product_tag","embeddable":true,"href":"https:\/\/roveyayinevi.com.tr\/index.php\/wp-json\/wp\/v2\/product_tag?post=703213"}],"curies":[{"name":"wp","href":"https:\/\/api.w.org\/{rel}","templated":true}]}}