{"id":703212,"date":"2025-08-27T15:23:05","date_gmt":"2025-08-27T12:23:05","guid":{"rendered":"https:\/\/roveyayinevi.com.tr\/index.php\/urun\/hayatim-ve-turkiye\/"},"modified":"2025-10-26T21:17:11","modified_gmt":"2025-10-26T18:17:11","slug":"hayatim-ve-turkiye","status":"publish","type":"product","link":"https:\/\/roveyayinevi.com.tr\/index.php\/urun\/hayatim-ve-turkiye\/","title":{"rendered":"Hayat\u0131m ve T\u00fcrkiye"},"content":{"rendered":"<p>Hayat\u0131m ve T\u00fcrkiye bir yandan Sabahattin Zaim\u2019i daha yak\u0131ndan tan\u0131mam\u0131za ve kendisinin fikir ve d\u00fc\u015f\u00fcncelerini anlamam\u0131za yard\u0131mc\u0131 olmakta di\u011fer yandan T\u00fcrk ve \u0130slam d\u00fcnyas\u0131n\u0131n yak\u0131n ge\u00e7mi\u015fine, T\u00fcrk toplumunun sosyo-k\u00fclt\u00fcrel ve ekonomik yap\u0131s\u0131na \u0131\u015f\u0131k tutmaktad\u0131r. <\/p>\n","protected":false},"excerpt":{"rendered":"<p>Hayat\u0131m ve T\u00fcrkiye bir yandan Sabahattin Zaim\u2019i daha yak\u0131ndan tan\u0131mam\u0131za ve kendisinin fikir ve d\u00fc\u015f\u00fcncelerini anlamam\u0131za yard\u0131mc\u0131 olmakta di\u011fer yandan T\u00fcrk ve \u0130slam d\u00fcnyas\u0131n\u0131n yak\u0131n ge\u00e7mi\u015fine,<span class=\"excerpt-hellip\"> [\u2026]<\/span><\/p>\n","protected":false},"featured_media":0,"template":"","meta":{"_monsterinsights_skip_tracking":false,"_monsterinsights_sitenote_active":false,"_monsterinsights_sitenote_note":"","_monsterinsights_sitenote_category":0},"product_brand":[],"product_cat":[14009,12291],"product_tag":[],"class_list":{"0":"post-703212","1":"product","2":"type-product","3":"status-publish","5":"product_cat-biyografi-otobiyografi-edebiyat","6":"product_cat-edebiyat","7":"pa_tur-kitap","8":"pa_yayinevi-timas-yayinlari","9":"pa_yazar-ibrahim-uslu","11":"first","12":"instock","13":"sale","14":"shipping-taxable","15":"purchasable","16":"product-type-simple"},"_links":{"self":[{"href":"https:\/\/roveyayinevi.com.tr\/index.php\/wp-json\/wp\/v2\/product\/703212","targetHints":{"allow":["GET"]}}],"collection":[{"href":"https:\/\/roveyayinevi.com.tr\/index.php\/wp-json\/wp\/v2\/product"}],"about":[{"href":"https:\/\/roveyayinevi.com.tr\/index.php\/wp-json\/wp\/v2\/types\/product"}],"wp:attachment":[{"href":"https:\/\/roveyayinevi.com.tr\/index.php\/wp-json\/wp\/v2\/media?parent=703212"}],"wp:term":[{"taxonomy":"product_brand","embeddable":true,"href":"https:\/\/roveyayinevi.com.tr\/index.php\/wp-json\/wp\/v2\/product_brand?post=703212"},{"taxonomy":"product_cat","embeddable":true,"href":"https:\/\/roveyayinevi.com.tr\/index.php\/wp-json\/wp\/v2\/product_cat?post=703212"},{"taxonomy":"product_tag","embeddable":true,"href":"https:\/\/roveyayinevi.com.tr\/index.php\/wp-json\/wp\/v2\/product_tag?post=703212"}],"curies":[{"name":"wp","href":"https:\/\/api.w.org\/{rel}","templated":true}]}}