{"id":703208,"date":"2025-08-27T15:23:04","date_gmt":"2025-08-27T12:23:04","guid":{"rendered":"https:\/\/roveyayinevi.com.tr\/index.php\/urun\/ilma-son-nisanli\/"},"modified":"2026-02-03T02:21:12","modified_gmt":"2026-02-02T23:21:12","slug":"ilma-son-nisanli","status":"publish","type":"product","link":"https:\/\/roveyayinevi.com.tr\/index.php\/urun\/ilma-son-nisanli\/","title":{"rendered":"\u0130lma &#8211; Son Ni\u015fanl\u0131"},"content":{"rendered":"<p>D\u00fcnyay\u0131 k\u00f6t\u00fclerden kurtarmaya \u00e7al\u0131\u015f\u0131rken hayat\u0131n\u0131 kaybeden bir baba ve babas\u0131ndan habersiz b\u00fcy\u00fcyen gen\u00e7 bir adam&#8230; \ufffcTan\u0131t\u0131m Metni<\/p>\n","protected":false},"excerpt":{"rendered":"<p>D\u00fcnyay\u0131 k\u00f6t\u00fclerden kurtarmaya \u00e7al\u0131\u015f\u0131rken hayat\u0131n\u0131 kaybeden bir baba ve babas\u0131ndan habersiz b\u00fcy\u00fcyen gen\u00e7 bir adam&#8230; \ufffcTan\u0131t\u0131m Metni<\/p>\n","protected":false},"featured_media":0,"template":"","meta":{"_monsterinsights_skip_tracking":false,"_monsterinsights_sitenote_active":false,"_monsterinsights_sitenote_note":"","_monsterinsights_sitenote_category":0},"product_brand":[],"product_cat":[12291,12711],"product_tag":[],"class_list":{"0":"post-703208","1":"product","2":"type-product","3":"status-publish","5":"product_cat-edebiyat","6":"product_cat-roman-oyku","7":"pa_tur-kitap","8":"pa_yayinevi-timas-yayinlari","9":"pa_yazar-a-s-durmaz","11":"first","12":"instock","13":"sale","14":"shipping-taxable","15":"purchasable","16":"product-type-simple"},"_links":{"self":[{"href":"https:\/\/roveyayinevi.com.tr\/index.php\/wp-json\/wp\/v2\/product\/703208","targetHints":{"allow":["GET"]}}],"collection":[{"href":"https:\/\/roveyayinevi.com.tr\/index.php\/wp-json\/wp\/v2\/product"}],"about":[{"href":"https:\/\/roveyayinevi.com.tr\/index.php\/wp-json\/wp\/v2\/types\/product"}],"wp:attachment":[{"href":"https:\/\/roveyayinevi.com.tr\/index.php\/wp-json\/wp\/v2\/media?parent=703208"}],"wp:term":[{"taxonomy":"product_brand","embeddable":true,"href":"https:\/\/roveyayinevi.com.tr\/index.php\/wp-json\/wp\/v2\/product_brand?post=703208"},{"taxonomy":"product_cat","embeddable":true,"href":"https:\/\/roveyayinevi.com.tr\/index.php\/wp-json\/wp\/v2\/product_cat?post=703208"},{"taxonomy":"product_tag","embeddable":true,"href":"https:\/\/roveyayinevi.com.tr\/index.php\/wp-json\/wp\/v2\/product_tag?post=703208"}],"curies":[{"name":"wp","href":"https:\/\/api.w.org\/{rel}","templated":true}]}}