{"id":703205,"date":"2025-08-27T15:23:03","date_gmt":"2025-08-27T12:23:03","guid":{"rendered":"https:\/\/roveyayinevi.com.tr\/index.php\/urun\/aylak-sinifin-teorisi\/"},"modified":"2026-04-16T02:12:32","modified_gmt":"2026-04-15T23:12:32","slug":"aylak-sinifin-teorisi","status":"publish","type":"product","link":"https:\/\/roveyayinevi.com.tr\/index.php\/urun\/aylak-sinifin-teorisi\/","title":{"rendered":"Aylak S\u0131n\u0131f\u0131n Teorisi"},"content":{"rendered":"<p>Veblen\u2019in muazzam eseri, varl\u0131k sahibi olan ya da varl\u0131k sahibi olma pe\u015finde ko\u015fan ve varl\u0131k sahibi olman\u0131n \u00f6tesine bakan, y\u00fcksek mevki isteyen veya varl\u0131k sahibi olman\u0131n sat\u0131n alma anlam\u0131na geldi\u011fine inanan insanlar\u0131n davran\u0131\u015flar\u0131n\u0131n kapsaml\u0131 ve zaman \u00fcst\u00fc bir yorumlamas\u0131d\u0131r. \u201cAylak S\u0131n\u0131f\u0131n Teorisi\u201dni en az\u0131ndan bir kez okumayan kimse ger\u00e7ekten yeterince okumam\u0131\u015ft\u0131r.J. Kenneth GALBRAITHA\u00e7\u0131kt\u0131r ki, Veblen\u2019in, Amerika k\u00fclt\u00fcr\u00fcn\u00fcn mahir sosyolojik ele\u015ftirisini yapt\u0131\u011f\u0131 kapsaml\u0131 \u00e7al\u0131\u015fmas\u0131 ve muazzam analizi,insan do\u011fas\u0131ndaki y\u0131k\u0131c\u0131 de\u011fi\u015fimi anlamada bize yard\u0131mc\u0131 olabilir.Max HORKHEIMERThorstein Veblen, Amerika\u2019n\u0131n yeti\u015ftirdi\u011fi en iyi Amerika ele\u015ftirmenidir.C. Wright MILLSRussell\u2019\u0131n eserini okurken olduk\u00e7a keyifli saatler ge\u00e7irdim; \u00f6yle ki ayn\u0131 d\u00f6neme ait ba\u015fka hi\u00e7bir bilimsel yazar i\u00e7in bunu s\u00f6yleyemem, tabii ki Thorstein Veblen hari\u00e7.Albert EINSTEIN\u201cDistinction\u201dun hi\u00e7bir yerinde \u201cAylak S\u0131n\u0131f\u0131n Teorisi\u201dne at\u0131f yoktur; bu unutkanl\u0131k o kadar kafa kar\u0131\u015ft\u0131r\u0131c\u0131d\u0131r ki,R. Aron\u2019un \u2018Veblen okudunuz mu\u2019 ba\u015fl\u0131kl\u0131 bir metinle \u00f6ns\u00f6z\u00fcn\u00fc kaleme ald\u0131\u011f\u0131 bu \u00e7al\u0131\u015fma, 1960\u2019lar\u0131n AvrupaAra\u015ft\u0131rma Merkezi\u2019nin alt k\u00fclt\u00fcr\u00fcn\u00fcn klasiklerinden biridir.Claude GRIGNON <\/p>\n","protected":false},"excerpt":{"rendered":"<p>Veblen\u2019in muazzam eseri, varl\u0131k sahibi olan ya da varl\u0131k sahibi olma pe\u015finde ko\u015fan ve varl\u0131k sahibi olman\u0131n \u00f6tesine bakan, y\u00fcksek mevki isteyen veya varl\u0131k sahibi olman\u0131n<span class=\"excerpt-hellip\"> [\u2026]<\/span><\/p>\n","protected":false},"featured_media":0,"template":"","meta":{"_monsterinsights_skip_tracking":false,"_monsterinsights_sitenote_active":false,"_monsterinsights_sitenote_note":"","_monsterinsights_sitenote_category":0},"product_brand":[],"product_cat":[12324,27533],"product_tag":[],"class_list":{"0":"post-703205","1":"product","2":"type-product","3":"status-publish","5":"product_cat-sosyoloji","6":"product_cat-sosyolojiye-giris","7":"pa_cilt-ciltsiz","8":"pa_tur-kitap","9":"pa_yayinevi-heretik-yayincilik","10":"pa_yazar-thorstein-veblen","12":"first","13":"instock","14":"sale","15":"shipping-taxable","16":"purchasable","17":"product-type-simple"},"_links":{"self":[{"href":"https:\/\/roveyayinevi.com.tr\/index.php\/wp-json\/wp\/v2\/product\/703205","targetHints":{"allow":["GET"]}}],"collection":[{"href":"https:\/\/roveyayinevi.com.tr\/index.php\/wp-json\/wp\/v2\/product"}],"about":[{"href":"https:\/\/roveyayinevi.com.tr\/index.php\/wp-json\/wp\/v2\/types\/product"}],"wp:attachment":[{"href":"https:\/\/roveyayinevi.com.tr\/index.php\/wp-json\/wp\/v2\/media?parent=703205"}],"wp:term":[{"taxonomy":"product_brand","embeddable":true,"href":"https:\/\/roveyayinevi.com.tr\/index.php\/wp-json\/wp\/v2\/product_brand?post=703205"},{"taxonomy":"product_cat","embeddable":true,"href":"https:\/\/roveyayinevi.com.tr\/index.php\/wp-json\/wp\/v2\/product_cat?post=703205"},{"taxonomy":"product_tag","embeddable":true,"href":"https:\/\/roveyayinevi.com.tr\/index.php\/wp-json\/wp\/v2\/product_tag?post=703205"}],"curies":[{"name":"wp","href":"https:\/\/api.w.org\/{rel}","templated":true}]}}