{"id":703204,"date":"2025-08-27T15:23:02","date_gmt":"2025-08-27T12:23:02","guid":{"rendered":"https:\/\/roveyayinevi.com.tr\/index.php\/urun\/islami-tenkid-zihniyeti-ve-hadis-tenkidinin-dogusu-ciltli\/"},"modified":"2026-04-16T02:12:32","modified_gmt":"2026-04-15T23:12:32","slug":"islami-tenkid-zihniyeti-ve-hadis-tenkidinin-dogusu-ciltli","status":"publish","type":"product","link":"https:\/\/roveyayinevi.com.tr\/index.php\/urun\/islami-tenkid-zihniyeti-ve-hadis-tenkidinin-dogusu-ciltli\/","title":{"rendered":"\u0130slami Tenkid Zihniyeti Ve Hadis Tenkidinin Do\u011fu\u015fu ( Ciltli )"},"content":{"rendered":"<p>\u0130slam&#8217;\u0131n ilk devirlerinde, sa\u011flam bir tenkid zihniyeti vard\u0131 ve bu zihniyet cemiyete derinlemesine i\u015flemi\u015fti. Bu zihniyetin baltaland\u0131\u011f\u0131 zaman ve mekanlarda \u0130slam milletlerinin de d\u00e2ima seviye kaybettikleri g\u00f6r\u00fclm\u00fc\u015ft\u00fcr. Bunun ilmi sahadaki tezah\u00fcrleri ise daha barizdir. \u0130slam devletlerinin son as\u0131rlardaki \u00e7\u00f6k\u00fcnt\u00fclerinin ba\u015fta gelen sebebi olarak, fikri sahadaki durumlar\u0131n\u0131n bir s\u00fck\u00fbt i\u00e7inde bulunu\u015funu ileri s\u00fcrmek, bos bir iddia olmaz. Kendi memleketimizin de umumiyetle bu h\u00e2l i\u00e7inde bulunu\u015fu, bizler i\u00e7in \u00e7ok ac\u0131 bir ger\u00e7ektir. \ufffcTan\u0131t\u0131m Metni<\/p>\n","protected":false},"excerpt":{"rendered":"<p>\u0130slam&#8217;\u0131n ilk devirlerinde, sa\u011flam bir tenkid zihniyeti vard\u0131 ve bu zihniyet cemiyete derinlemesine i\u015flemi\u015fti. Bu zihniyetin baltaland\u0131\u011f\u0131 zaman ve mekanlarda \u0130slam milletlerinin de d\u00e2ima seviye kaybettikleri<span class=\"excerpt-hellip\"> [\u2026]<\/span><\/p>\n","protected":false},"featured_media":0,"template":"","meta":{"_monsterinsights_skip_tracking":false,"_monsterinsights_sitenote_active":false,"_monsterinsights_sitenote_note":"","_monsterinsights_sitenote_category":0},"product_brand":[],"product_cat":[12718,12719,18109],"product_tag":[],"class_list":{"0":"post-703204","1":"product","2":"type-product","3":"status-publish","5":"product_cat-din","6":"product_cat-islam","7":"product_cat-islam-tarihi","8":"pa_cilt-ciltli","9":"pa_tur-kitap","10":"pa_yayinevi-otto-yayinlari","11":"pa_yazar-mehmed-said-hatiboglu","13":"first","14":"instock","15":"sale","16":"shipping-taxable","17":"purchasable","18":"product-type-simple"},"_links":{"self":[{"href":"https:\/\/roveyayinevi.com.tr\/index.php\/wp-json\/wp\/v2\/product\/703204","targetHints":{"allow":["GET"]}}],"collection":[{"href":"https:\/\/roveyayinevi.com.tr\/index.php\/wp-json\/wp\/v2\/product"}],"about":[{"href":"https:\/\/roveyayinevi.com.tr\/index.php\/wp-json\/wp\/v2\/types\/product"}],"wp:attachment":[{"href":"https:\/\/roveyayinevi.com.tr\/index.php\/wp-json\/wp\/v2\/media?parent=703204"}],"wp:term":[{"taxonomy":"product_brand","embeddable":true,"href":"https:\/\/roveyayinevi.com.tr\/index.php\/wp-json\/wp\/v2\/product_brand?post=703204"},{"taxonomy":"product_cat","embeddable":true,"href":"https:\/\/roveyayinevi.com.tr\/index.php\/wp-json\/wp\/v2\/product_cat?post=703204"},{"taxonomy":"product_tag","embeddable":true,"href":"https:\/\/roveyayinevi.com.tr\/index.php\/wp-json\/wp\/v2\/product_tag?post=703204"}],"curies":[{"name":"wp","href":"https:\/\/api.w.org\/{rel}","templated":true}]}}