{"id":703193,"date":"2025-08-27T15:22:58","date_gmt":"2025-08-27T12:22:58","guid":{"rendered":"https:\/\/roveyayinevi.com.tr\/index.php\/urun\/levent-iz-pesinde-2-buyuk-isler-ustasi\/"},"modified":"2026-04-16T02:12:31","modified_gmt":"2026-04-15T23:12:31","slug":"levent-iz-pesinde-2-buyuk-isler-ustasi","status":"publish","type":"product","link":"https:\/\/roveyayinevi.com.tr\/index.php\/urun\/levent-iz-pesinde-2-buyuk-isler-ustasi\/","title":{"rendered":"Levent \u0130z Pe\u015finde 2 : B\u00fcy\u00fck \u0130\u015fler Ustas\u0131"},"content":{"rendered":"<p>Babalar\u0131n\u0131n uyar\u0131s\u0131yla para biriktirmeye ba\u015flayan Levent ve Mert, paralar\u0131 yat\u0131rmak i\u00e7in bir bankan\u0131n yolunu tutar. Ancak kendilerini bir banka soygununun i\u00e7inde bulurlar. Acaba Levent ve tayfas\u0131 ba\u015fka soygunlar\u0131n olmas\u0131n\u0131 engelleyebilecek midir?Komik, saf, deli dolu Levent&#8217;in, haylaz karde\u015fi ve muz\u0131r s\u0131n\u0131f arkada\u015flar\u0131yla birlikte &#8220;\u0130z Pe\u015finde&#8221; ko\u015ftu\u011fu, k\u0131l\u0131ktan k\u0131l\u0131\u011fa girip her zamanki gibi ba\u015f\u0131na t\u00fcrl\u00fc i\u015fler a\u00e7t\u0131\u011f\u0131 bu maceralara bay\u0131lacaks\u0131n\u0131z!<\/p>\n","protected":false},"excerpt":{"rendered":"<p>Babalar\u0131n\u0131n uyar\u0131s\u0131yla para biriktirmeye ba\u015flayan Levent ve Mert, paralar\u0131 yat\u0131rmak i\u00e7in bir bankan\u0131n yolunu tutar. Ancak kendilerini bir banka soygununun i\u00e7inde bulurlar. Acaba Levent ve tayfas\u0131<span class=\"excerpt-hellip\"> [\u2026]<\/span><\/p>\n","protected":false},"featured_media":0,"template":"","meta":{"_monsterinsights_skip_tracking":false,"_monsterinsights_sitenote_active":false,"_monsterinsights_sitenote_note":"","_monsterinsights_sitenote_category":0},"product_brand":[],"product_cat":[12275,12274],"product_tag":[],"class_list":{"0":"post-703193","1":"product","2":"type-product","3":"status-publish","5":"product_cat-6-12-yas-kitaplari","6":"product_cat-cocuk-ve-genclik-kitaplari","7":"pa_cilt-ciltsiz","8":"pa_tur-kitap","9":"pa_yayinevi-timas-cocuk","10":"pa_yazar-mustafa-orakci","12":"first","13":"instock","14":"sale","15":"shipping-taxable","16":"purchasable","17":"product-type-simple"},"_links":{"self":[{"href":"https:\/\/roveyayinevi.com.tr\/index.php\/wp-json\/wp\/v2\/product\/703193","targetHints":{"allow":["GET"]}}],"collection":[{"href":"https:\/\/roveyayinevi.com.tr\/index.php\/wp-json\/wp\/v2\/product"}],"about":[{"href":"https:\/\/roveyayinevi.com.tr\/index.php\/wp-json\/wp\/v2\/types\/product"}],"wp:attachment":[{"href":"https:\/\/roveyayinevi.com.tr\/index.php\/wp-json\/wp\/v2\/media?parent=703193"}],"wp:term":[{"taxonomy":"product_brand","embeddable":true,"href":"https:\/\/roveyayinevi.com.tr\/index.php\/wp-json\/wp\/v2\/product_brand?post=703193"},{"taxonomy":"product_cat","embeddable":true,"href":"https:\/\/roveyayinevi.com.tr\/index.php\/wp-json\/wp\/v2\/product_cat?post=703193"},{"taxonomy":"product_tag","embeddable":true,"href":"https:\/\/roveyayinevi.com.tr\/index.php\/wp-json\/wp\/v2\/product_tag?post=703193"}],"curies":[{"name":"wp","href":"https:\/\/api.w.org\/{rel}","templated":true}]}}