{"id":703191,"date":"2025-08-27T15:22:57","date_gmt":"2025-08-27T12:22:57","guid":{"rendered":"https:\/\/roveyayinevi.com.tr\/index.php\/urun\/ahlak-uzerine-mektuplar\/"},"modified":"2026-04-16T02:12:31","modified_gmt":"2026-04-15T23:12:31","slug":"ahlak-uzerine-mektuplar","status":"publish","type":"product","link":"https:\/\/roveyayinevi.com.tr\/index.php\/urun\/ahlak-uzerine-mektuplar\/","title":{"rendered":"Ahlak \u00dczerine Mektuplar"},"content":{"rendered":"<p>Descartes\u2019\u0131n Tanr\u0131, evren, \u00e7e\u015fitli tutkular, ruh, beden, madde ve ruhun bu hayattan sonraki durumu vb. konulardaki g\u00f6r\u00fc\u015flerini a\u00e7\u0131klad\u0131\u011f\u0131 \u00e7e\u015fitli mektuplar\u0131ndan olu\u015fan Ahlak \u00dczerine Mektuplar, ba\u015fta Prenses Elisabeth olmak \u00fczere, B\u00fcy\u00fckel\u00e7i ve Krali\u00e7e Christine\u2019e yazd\u0131\u011f\u0131 mektuplardan olu\u015fmaktad\u0131r. Descartes\u2019\u0131n \u00f6zellikle Prenses Elisabeth\u2019e yazd\u0131\u011f\u0131 mektuplar dikkat \u00e7ekicidir. Mektuplar\u0131n birinde Descartes ruh hakk\u0131ndaki g\u00f6r\u00fc\u015f\u00fcn\u00fc \u015f\u00f6yle a\u00e7\u0131klar:\u201cInsan ruhunda iki \u015fey vard\u0131r ki do\u011fas\u0131 hakk\u0131nda edinebilece\u011fimiz b\u00fct\u00fcn bilgiler onlara ba\u011fl\u0131d\u0131r; bunlardan biri d\u00fc\u015f\u00fcnmesi, di\u011feri de bir bedenle birle\u015fmi\u015f oldu\u011funa g\u00f6re, bedene etkisi ve bedenden etkilenmesidir&#8230;\u201d <\/p>\n","protected":false},"excerpt":{"rendered":"<p>Descartes\u2019\u0131n Tanr\u0131, evren, \u00e7e\u015fitli tutkular, ruh, beden, madde ve ruhun bu hayattan sonraki durumu vb. konulardaki g\u00f6r\u00fc\u015flerini a\u00e7\u0131klad\u0131\u011f\u0131 \u00e7e\u015fitli mektuplar\u0131ndan olu\u015fan Ahlak \u00dczerine Mektuplar, ba\u015fta Prenses<span class=\"excerpt-hellip\"> [\u2026]<\/span><\/p>\n","protected":false},"featured_media":0,"template":"","meta":{"_monsterinsights_skip_tracking":false,"_monsterinsights_sitenote_active":false,"_monsterinsights_sitenote_note":"","_monsterinsights_sitenote_category":0},"product_brand":[],"product_cat":[12388,13555],"product_tag":[],"class_list":{"0":"post-703191","1":"product","2":"type-product","3":"status-publish","5":"product_cat-felsefe","6":"product_cat-genel-felsefe","7":"pa_cilt-ciltsiz","8":"pa_tur-kitap","9":"pa_yayinevi-say-yayinlari","10":"pa_yazar-rene-descartes","12":"first","13":"instock","14":"sale","15":"shipping-taxable","16":"purchasable","17":"product-type-simple"},"_links":{"self":[{"href":"https:\/\/roveyayinevi.com.tr\/index.php\/wp-json\/wp\/v2\/product\/703191","targetHints":{"allow":["GET"]}}],"collection":[{"href":"https:\/\/roveyayinevi.com.tr\/index.php\/wp-json\/wp\/v2\/product"}],"about":[{"href":"https:\/\/roveyayinevi.com.tr\/index.php\/wp-json\/wp\/v2\/types\/product"}],"wp:attachment":[{"href":"https:\/\/roveyayinevi.com.tr\/index.php\/wp-json\/wp\/v2\/media?parent=703191"}],"wp:term":[{"taxonomy":"product_brand","embeddable":true,"href":"https:\/\/roveyayinevi.com.tr\/index.php\/wp-json\/wp\/v2\/product_brand?post=703191"},{"taxonomy":"product_cat","embeddable":true,"href":"https:\/\/roveyayinevi.com.tr\/index.php\/wp-json\/wp\/v2\/product_cat?post=703191"},{"taxonomy":"product_tag","embeddable":true,"href":"https:\/\/roveyayinevi.com.tr\/index.php\/wp-json\/wp\/v2\/product_tag?post=703191"}],"curies":[{"name":"wp","href":"https:\/\/api.w.org\/{rel}","templated":true}]}}