{"id":703190,"date":"2025-08-27T15:22:57","date_gmt":"2025-08-27T12:22:57","guid":{"rendered":"https:\/\/roveyayinevi.com.tr\/index.php\/urun\/uzgun-kediler-gazeli\/"},"modified":"2026-04-16T02:12:31","modified_gmt":"2026-04-15T23:12:31","slug":"uzgun-kediler-gazeli","status":"publish","type":"product","link":"https:\/\/roveyayinevi.com.tr\/index.php\/urun\/uzgun-kediler-gazeli\/","title":{"rendered":"\u00dczg\u00fcn Kediler Gazeli"},"content":{"rendered":"<p>\u0130\u00c7 NEFES o bir \u00e7ay istemi\u015fti, trenin i\u00e7inde biz tren yolcusuyduk, \u00e7\u00f6l\u00fcn i\u00e7inde ben yaln\u0131z kalm\u0131\u015ft\u0131m, senin i\u00e7inde oysa ka\u00e7 ki\u015finin yerine sevmi\u015ftim seni!   a\u015fk\u0131 ge\u00e7tik, g\u00f6zlerini a\u00e7abilirsin   o bir dile s\u0131\u011f\u0131nm\u0131\u015ft\u0131, s\u00f6z\u00fc i\u00e7inde yolu yoluma \u00e7\u0131km\u0131\u015ft\u0131, \u00e7\u00f6l\u00fc i\u00e7inde ben eski kalm\u0131\u015ft\u0131m, senin i\u00e7inde oysa ka\u00e7 \u00e7ocu\u011fun yerine \u00f6vm\u00fc\u015ft\u00fcm seni!   d\u00fc\u015f\u00fc ge\u00e7tik, kendine bakabilirsin   o bir bende k\u0131r\u0131lm\u0131\u015ft\u0131, hayli i\u00e7imde \u0131ss\u0131z ota\u011f kurulmu\u015ftu, can\u0131m i\u00e7inde ben kime kalm\u0131\u015ft\u0131m, senin i\u00e7inde oysa ka\u00e7 bah\u00e7e yerine a\u00e7m\u0131\u015ft\u0131m seni! kimi ge\u00e7tik, kimseye sorabilirsin <\/p>\n","protected":false},"excerpt":{"rendered":"<p>\u0130\u00c7 NEFES o bir \u00e7ay istemi\u015fti, trenin i\u00e7inde biz tren yolcusuyduk, \u00e7\u00f6l\u00fcn i\u00e7inde ben yaln\u0131z kalm\u0131\u015ft\u0131m, senin i\u00e7inde oysa ka\u00e7 ki\u015finin yerine sevmi\u015ftim seni! a\u015fk\u0131 ge\u00e7tik,<span class=\"excerpt-hellip\"> [\u2026]<\/span><\/p>\n","protected":false},"featured_media":0,"template":"","meta":{"_monsterinsights_skip_tracking":false,"_monsterinsights_sitenote_active":false,"_monsterinsights_sitenote_note":"","_monsterinsights_sitenote_category":0},"product_brand":[],"product_cat":[12291,12509],"product_tag":[],"class_list":{"0":"post-703190","1":"product","2":"type-product","3":"status-publish","5":"product_cat-edebiyat","6":"product_cat-siir","7":"pa_cilt-ciltsiz","8":"pa_tur-kitap","9":"pa_yayinevi-kirmizi-kedi-yayinevi","10":"pa_yazar-haydar-ergulen","12":"first","13":"instock","14":"sale","15":"shipping-taxable","16":"purchasable","17":"product-type-simple"},"_links":{"self":[{"href":"https:\/\/roveyayinevi.com.tr\/index.php\/wp-json\/wp\/v2\/product\/703190","targetHints":{"allow":["GET"]}}],"collection":[{"href":"https:\/\/roveyayinevi.com.tr\/index.php\/wp-json\/wp\/v2\/product"}],"about":[{"href":"https:\/\/roveyayinevi.com.tr\/index.php\/wp-json\/wp\/v2\/types\/product"}],"wp:attachment":[{"href":"https:\/\/roveyayinevi.com.tr\/index.php\/wp-json\/wp\/v2\/media?parent=703190"}],"wp:term":[{"taxonomy":"product_brand","embeddable":true,"href":"https:\/\/roveyayinevi.com.tr\/index.php\/wp-json\/wp\/v2\/product_brand?post=703190"},{"taxonomy":"product_cat","embeddable":true,"href":"https:\/\/roveyayinevi.com.tr\/index.php\/wp-json\/wp\/v2\/product_cat?post=703190"},{"taxonomy":"product_tag","embeddable":true,"href":"https:\/\/roveyayinevi.com.tr\/index.php\/wp-json\/wp\/v2\/product_tag?post=703190"}],"curies":[{"name":"wp","href":"https:\/\/api.w.org\/{rel}","templated":true}]}}