{"id":703182,"date":"2025-08-27T15:22:54","date_gmt":"2025-08-27T12:22:54","guid":{"rendered":"https:\/\/roveyayinevi.com.tr\/index.php\/urun\/cin-uygarligi\/"},"modified":"2026-04-16T02:12:31","modified_gmt":"2026-04-15T23:12:31","slug":"cin-uygarligi","status":"publish","type":"product","link":"https:\/\/roveyayinevi.com.tr\/index.php\/urun\/cin-uygarligi\/","title":{"rendered":"\u00c7in Uygarl\u0131\u011f\u0131"},"content":{"rendered":"<p>Yazar Eug\u00e8ne Simon, bir tar\u0131m m\u00fchendisi olarak 1860\u2019lar\u0131n ba\u015f\u0131nda \u00c7in\u2019de do\u011fudan bat\u0131ya, kuzeyden g\u00fcneye d\u00f6rt y\u0131l s\u00fcren bir inceleme ve ara\u015ft\u0131rma gezisi yapm\u0131\u015f, 1860\u2019lar\u0131n ikinci yar\u0131s\u0131ndaysa ayn\u0131 \u00fclkede ba\u015fkonsolos olarak \u00e7al\u0131\u015fm\u0131\u015ft\u0131r. Dolay\u0131s\u0131yla o g\u00fcn\u00fcn \u00c7in\u2019ini kentinden k\u00f6y\u00fcne ad\u0131m ad\u0131m dola\u015fm\u0131\u015f ender Avrupal\u0131lardan biridir. \u00c7in\u2019i yaln\u0131zca gezmekle kalmay\u0131p, \u00fclkenin insanlar\u0131yla s\u0131rad\u0131\u015f\u0131 dostluklar kurmay\u0131 ba\u015farm\u0131\u015f bir yabanc\u0131d\u0131r.   Metin \u00e7ok yetenekli uzman bir antropolog taraf\u0131ndan yap\u0131lan g\u00f6zlemlere dayanarak yaz\u0131lm\u0131\u015ft\u0131r. Kitap boyunca bir \u00c7inlinin d\u00fcnyaya bak\u0131\u015f\u0131ndaki farkl\u0131l\u0131klar \u00fczerinde durulmaktad\u0131r. \u00c7inlilerin k\u00fclt\u00fcr ve aile yap\u0131lar\u0131, \u00e7al\u0131\u015fkanl\u0131klar\u0131, devlet anlay\u0131\u015flar\u0131 k\u00f6kleri \u00e7ok derinlere uzanan ve etkisini bug\u00fcn h\u00e2l\u00e2 koruyan bir ge\u00e7mi\u015fe sahiptir.    Yeni bir d\u00fczene ge\u00e7me ihtiyac\u0131 duyan \u00c7in\u2019de \u0130mparatorlu\u011fun son y\u0131llar\u0131na tan\u0131k olmu\u015f, hatt\u00e2 dan\u0131\u015fmanl\u0131k yapm\u0131\u015f \u00f6nemli entelekt\u00fcellerden biri olan ve Bat\u0131 uygarl\u0131\u011f\u0131na hi\u00e7 de hayranl\u0131k duymayan Ku-Hung-Ming, bu kitab\u0131 \u00c7in uygarl\u0131\u011f\u0131n\u0131n ruhu konusunda bir Avrupal\u0131 taraf\u0131ndan yaz\u0131lm\u0131\u015f en iyi kitap olarak nitelendirir. Kitap yay\u0131mland\u0131ktan sonra Tolstoy ve Alman \u015fair Paul Ernst\u2019in bu metinden etkilendikleri belirtilmektedir. Lowes Dickinson me\u015fhur Letters from John Chinaman adl\u0131 eserini bu kitaptan esinlenerek yazm\u0131\u015ft\u0131r. <\/p>\n","protected":false},"excerpt":{"rendered":"<p>Yazar Eug\u00e8ne Simon, bir tar\u0131m m\u00fchendisi olarak 1860\u2019lar\u0131n ba\u015f\u0131nda \u00c7in\u2019de do\u011fudan bat\u0131ya, kuzeyden g\u00fcneye d\u00f6rt y\u0131l s\u00fcren bir inceleme ve ara\u015ft\u0131rma gezisi yapm\u0131\u015f, 1860\u2019lar\u0131n ikinci yar\u0131s\u0131ndaysa<span class=\"excerpt-hellip\"> [\u2026]<\/span><\/p>\n","protected":false},"featured_media":0,"template":"","meta":{"_monsterinsights_skip_tracking":false,"_monsterinsights_sitenote_active":false,"_monsterinsights_sitenote_note":"","_monsterinsights_sitenote_category":0},"product_brand":[],"product_cat":[12305,12304],"product_tag":[],"class_list":{"0":"post-703182","1":"product","2":"type-product","3":"status-publish","5":"product_cat-dunya-tarihi","6":"product_cat-tarih","7":"pa_cilt-ciltsiz","8":"pa_tur-kitap","9":"pa_yayinevi-dogu-bati-yayinlari","10":"pa_yazar-eugene-simon","12":"first","13":"instock","14":"sale","15":"shipping-taxable","16":"purchasable","17":"product-type-simple"},"_links":{"self":[{"href":"https:\/\/roveyayinevi.com.tr\/index.php\/wp-json\/wp\/v2\/product\/703182","targetHints":{"allow":["GET"]}}],"collection":[{"href":"https:\/\/roveyayinevi.com.tr\/index.php\/wp-json\/wp\/v2\/product"}],"about":[{"href":"https:\/\/roveyayinevi.com.tr\/index.php\/wp-json\/wp\/v2\/types\/product"}],"wp:attachment":[{"href":"https:\/\/roveyayinevi.com.tr\/index.php\/wp-json\/wp\/v2\/media?parent=703182"}],"wp:term":[{"taxonomy":"product_brand","embeddable":true,"href":"https:\/\/roveyayinevi.com.tr\/index.php\/wp-json\/wp\/v2\/product_brand?post=703182"},{"taxonomy":"product_cat","embeddable":true,"href":"https:\/\/roveyayinevi.com.tr\/index.php\/wp-json\/wp\/v2\/product_cat?post=703182"},{"taxonomy":"product_tag","embeddable":true,"href":"https:\/\/roveyayinevi.com.tr\/index.php\/wp-json\/wp\/v2\/product_tag?post=703182"}],"curies":[{"name":"wp","href":"https:\/\/api.w.org\/{rel}","templated":true}]}}