{"id":703180,"date":"2025-08-27T15:22:53","date_gmt":"2025-08-27T12:22:53","guid":{"rendered":"https:\/\/roveyayinevi.com.tr\/index.php\/urun\/ustalik\/"},"modified":"2026-04-16T02:12:31","modified_gmt":"2026-04-15T23:12:31","slug":"ustalik","status":"publish","type":"product","link":"https:\/\/roveyayinevi.com.tr\/index.php\/urun\/ustalik\/","title":{"rendered":"Ustal\u0131k"},"content":{"rendered":"<p>Ya\u015fam\u0131n\u0131 g\u00fc\u00e7 yasalar\u0131n\u0131 inceleyerek ge\u00e7iren Robert Greene \u015fimdi tarihin en kudretli insanlar\u0131n\u0131n g\u00fc\u00e7 sahibi olmak i\u00e7in ge\u00e7ti\u011fi yollar\u0131n s\u0131rlar\u0131n\u0131 sizlerle payla\u015f\u0131yor. \u0130lk kez bu kitapta tan\u0131mland\u0131\u011f\u0131 gibi e\u011fer zorlu ama a\u00e7\u0131k yollar\u0131 izlersek, hepimizin i\u00e7inde sakl\u0131 olan usta olma potansiyelini ortaya \u00e7\u0131kar\u0131r\u0131z. \ufffcTan\u0131t\u0131m Metni<\/p>\n","protected":false},"excerpt":{"rendered":"<p>Ya\u015fam\u0131n\u0131 g\u00fc\u00e7 yasalar\u0131n\u0131 inceleyerek ge\u00e7iren Robert Greene \u015fimdi tarihin en kudretli insanlar\u0131n\u0131n g\u00fc\u00e7 sahibi olmak i\u00e7in ge\u00e7ti\u011fi yollar\u0131n s\u0131rlar\u0131n\u0131 sizlerle payla\u015f\u0131yor. \u0130lk kez bu kitapta tan\u0131mland\u0131\u011f\u0131<span class=\"excerpt-hellip\"> [\u2026]<\/span><\/p>\n","protected":false},"featured_media":0,"template":"","meta":{"_monsterinsights_skip_tracking":false,"_monsterinsights_sitenote_active":false,"_monsterinsights_sitenote_note":"","_monsterinsights_sitenote_category":0},"product_brand":[],"product_cat":[12364,12376],"product_tag":[],"class_list":{"0":"post-703180","1":"product","2":"type-product","3":"status-publish","5":"product_cat-genel-konular","6":"product_cat-kisisel-gelisim","7":"pa_cilt-ciltsiz","8":"pa_tur-kitap","9":"pa_yayinevi-altin-kitaplar","10":"pa_yazar-robert-greene","12":"first","13":"instock","14":"sale","15":"shipping-taxable","16":"purchasable","17":"product-type-simple"},"_links":{"self":[{"href":"https:\/\/roveyayinevi.com.tr\/index.php\/wp-json\/wp\/v2\/product\/703180","targetHints":{"allow":["GET"]}}],"collection":[{"href":"https:\/\/roveyayinevi.com.tr\/index.php\/wp-json\/wp\/v2\/product"}],"about":[{"href":"https:\/\/roveyayinevi.com.tr\/index.php\/wp-json\/wp\/v2\/types\/product"}],"wp:attachment":[{"href":"https:\/\/roveyayinevi.com.tr\/index.php\/wp-json\/wp\/v2\/media?parent=703180"}],"wp:term":[{"taxonomy":"product_brand","embeddable":true,"href":"https:\/\/roveyayinevi.com.tr\/index.php\/wp-json\/wp\/v2\/product_brand?post=703180"},{"taxonomy":"product_cat","embeddable":true,"href":"https:\/\/roveyayinevi.com.tr\/index.php\/wp-json\/wp\/v2\/product_cat?post=703180"},{"taxonomy":"product_tag","embeddable":true,"href":"https:\/\/roveyayinevi.com.tr\/index.php\/wp-json\/wp\/v2\/product_tag?post=703180"}],"curies":[{"name":"wp","href":"https:\/\/api.w.org\/{rel}","templated":true}]}}