{"id":703179,"date":"2025-08-27T15:22:53","date_gmt":"2025-08-27T12:22:53","guid":{"rendered":"https:\/\/roveyayinevi.com.tr\/index.php\/urun\/mutfaktaki-teselli\/"},"modified":"2026-04-16T02:12:31","modified_gmt":"2026-04-15T23:12:31","slug":"mutfaktaki-teselli","status":"publish","type":"product","link":"https:\/\/roveyayinevi.com.tr\/index.php\/urun\/mutfaktaki-teselli\/","title":{"rendered":"Mutfaktaki Teselli"},"content":{"rendered":"<p>Annemin \u00f6l\u00fcm\u00fcn\u00fcn ard\u0131ndan evini bo\u015falt\u0131rken mutfak dolab\u0131nda buldu\u011fum, i\u00e7inde be\u011fendi\u011fi tarifleri toplad\u0131\u011f\u0131, sayfalar\u0131 yemek lekeli, mavi plastik kapl\u0131, bu k\u00fc\u00e7\u00fck bakkal veresiye defterini al\u0131p oturuyorum pencerinin \u00f6n\u00fcne. Kutsal bir emanete dokunurcas\u0131na dikkatle a\u00e7\u0131yorum ilk sayfas\u0131n\u0131. Mutfaktan gelen lezzetli yemek kokular\u0131 gibi sayfalar\u0131ndan \u00e7ocuklu\u011fumun an\u0131lar\u0131 sihirli kelimerle yay\u0131l\u0131veriyor odaya. \u00d6zledi\u011fim anne kokusunu duymaya \u00e7al\u0131\u015f\u0131yorum sararm\u0131\u015f sayfalar\u0131nda, \u00e7\u00fcnk\u00fc annem hep yemek kokard\u0131 ben okuldan eve geldi\u011fimde&#8230; Annesi \u00e7al\u0131\u015fmayan \u00e7ocu\u011fun okul d\u00f6n\u00fc\u015f\u00fc \u015fahanedir. Boynundaki ipe tak\u0131l\u0131 anahtarla a\u00e7maz sessiz evin kap\u0131s\u0131n\u0131 annesi ev han\u0131m\u0131 olan \u00e7ocuk. Kurabiye kokusu duyulur daha d\u0131\u015f kap\u0131dan girmeden, kap\u0131 \u00f6n\u00fcnde ayakkab\u0131lar vard\u0131r genellikle evde misafir oldu\u011funu belli eden, el \u00f6pme fasl\u0131 \u00e7abucak savu\u015fturulup ikramlara dal\u0131n\u0131r tatl\u0131s\u0131yla, tuzlusuyla. <\/p>\n","protected":false},"excerpt":{"rendered":"<p>Annemin \u00f6l\u00fcm\u00fcn\u00fcn ard\u0131ndan evini bo\u015falt\u0131rken mutfak dolab\u0131nda buldu\u011fum, i\u00e7inde be\u011fendi\u011fi tarifleri toplad\u0131\u011f\u0131, sayfalar\u0131 yemek lekeli, mavi plastik kapl\u0131, bu k\u00fc\u00e7\u00fck bakkal veresiye defterini al\u0131p oturuyorum pencerinin<span class=\"excerpt-hellip\"> [\u2026]<\/span><\/p>\n","protected":false},"featured_media":0,"template":"","meta":{"_monsterinsights_skip_tracking":false,"_monsterinsights_sitenote_active":false,"_monsterinsights_sitenote_note":"","_monsterinsights_sitenote_category":0},"product_brand":[],"product_cat":[18545,12291],"product_tag":[],"class_list":{"0":"post-703179","1":"product","2":"type-product","3":"status-publish","5":"product_cat-anlati","6":"product_cat-edebiyat","7":"pa_tur-kitap","8":"pa_yayinevi-abis-yayincilik","9":"pa_yazar-ozlem-birsel-graves","11":"first","12":"instock","13":"sale","14":"shipping-taxable","15":"purchasable","16":"product-type-simple"},"_links":{"self":[{"href":"https:\/\/roveyayinevi.com.tr\/index.php\/wp-json\/wp\/v2\/product\/703179","targetHints":{"allow":["GET"]}}],"collection":[{"href":"https:\/\/roveyayinevi.com.tr\/index.php\/wp-json\/wp\/v2\/product"}],"about":[{"href":"https:\/\/roveyayinevi.com.tr\/index.php\/wp-json\/wp\/v2\/types\/product"}],"wp:attachment":[{"href":"https:\/\/roveyayinevi.com.tr\/index.php\/wp-json\/wp\/v2\/media?parent=703179"}],"wp:term":[{"taxonomy":"product_brand","embeddable":true,"href":"https:\/\/roveyayinevi.com.tr\/index.php\/wp-json\/wp\/v2\/product_brand?post=703179"},{"taxonomy":"product_cat","embeddable":true,"href":"https:\/\/roveyayinevi.com.tr\/index.php\/wp-json\/wp\/v2\/product_cat?post=703179"},{"taxonomy":"product_tag","embeddable":true,"href":"https:\/\/roveyayinevi.com.tr\/index.php\/wp-json\/wp\/v2\/product_tag?post=703179"}],"curies":[{"name":"wp","href":"https:\/\/api.w.org\/{rel}","templated":true}]}}