{"id":703178,"date":"2025-08-27T15:22:52","date_gmt":"2025-08-27T12:22:52","guid":{"rendered":"https:\/\/roveyayinevi.com.tr\/index.php\/urun\/balik-ile-salyangozun-oykusu\/"},"modified":"2026-04-16T02:12:31","modified_gmt":"2026-04-15T23:12:31","slug":"balik-ile-salyangozun-oykusu","status":"publish","type":"product","link":"https:\/\/roveyayinevi.com.tr\/index.php\/urun\/balik-ile-salyangozun-oykusu\/","title":{"rendered":"Bal\u0131k ile Salyangoz\u2019un \u00d6yk\u00fcs\u00fc"},"content":{"rendered":"<p>Salyangoz, her g\u00fcn Bal\u0131k&#8217;\u0131n yolunu g\u00f6zler ve eve yeni bir \u00f6yk\u00fc ile d\u00f6nmesini bekler. Ancak bir g\u00fcn Bal\u0131k k\u0131saca anlat\u0131lamayacak kadar uzun bir \u00f6yk\u00fcyle gelir. Hatta bu kez Bal\u0131k \u00f6yk\u00fcy\u00fc anlatmak de\u011fil arkada\u015f\u0131 Salyangoz&#8217;a g\u00f6stermek ister. Ama bunun i\u00e7in de al\u0131\u015f\u0131k olduklar\u0131 kitab\u0131n d\u00fcnyas\u0131ndan ayr\u0131lmalar\u0131 gerekmektedir. \ufffcTan\u0131t\u0131m Metni<\/p>\n","protected":false},"excerpt":{"rendered":"<p>Salyangoz, her g\u00fcn Bal\u0131k&#8217;\u0131n yolunu g\u00f6zler ve eve yeni bir \u00f6yk\u00fc ile d\u00f6nmesini bekler. Ancak bir g\u00fcn Bal\u0131k k\u0131saca anlat\u0131lamayacak kadar uzun bir \u00f6yk\u00fcyle gelir. Hatta<span class=\"excerpt-hellip\"> [\u2026]<\/span><\/p>\n","protected":false},"featured_media":0,"template":"","meta":{"_monsterinsights_skip_tracking":false,"_monsterinsights_sitenote_active":false,"_monsterinsights_sitenote_note":"","_monsterinsights_sitenote_category":0},"product_brand":[],"product_cat":[12274,12284],"product_tag":[],"class_list":{"0":"post-703178","1":"product","2":"type-product","3":"status-publish","5":"product_cat-cocuk-ve-genclik-kitaplari","6":"product_cat-hikayeler","7":"pa_tur-kitap","8":"pa_yayinevi-kuraldisi-yayinevi","9":"pa_yazar-deborah-freedman","11":"first","12":"instock","13":"sale","14":"shipping-taxable","15":"purchasable","16":"product-type-simple"},"_links":{"self":[{"href":"https:\/\/roveyayinevi.com.tr\/index.php\/wp-json\/wp\/v2\/product\/703178","targetHints":{"allow":["GET"]}}],"collection":[{"href":"https:\/\/roveyayinevi.com.tr\/index.php\/wp-json\/wp\/v2\/product"}],"about":[{"href":"https:\/\/roveyayinevi.com.tr\/index.php\/wp-json\/wp\/v2\/types\/product"}],"wp:attachment":[{"href":"https:\/\/roveyayinevi.com.tr\/index.php\/wp-json\/wp\/v2\/media?parent=703178"}],"wp:term":[{"taxonomy":"product_brand","embeddable":true,"href":"https:\/\/roveyayinevi.com.tr\/index.php\/wp-json\/wp\/v2\/product_brand?post=703178"},{"taxonomy":"product_cat","embeddable":true,"href":"https:\/\/roveyayinevi.com.tr\/index.php\/wp-json\/wp\/v2\/product_cat?post=703178"},{"taxonomy":"product_tag","embeddable":true,"href":"https:\/\/roveyayinevi.com.tr\/index.php\/wp-json\/wp\/v2\/product_tag?post=703178"}],"curies":[{"name":"wp","href":"https:\/\/api.w.org\/{rel}","templated":true}]}}