{"id":703177,"date":"2025-08-27T15:22:52","date_gmt":"2025-08-27T12:22:52","guid":{"rendered":"https:\/\/roveyayinevi.com.tr\/index.php\/urun\/iste-kant\/"},"modified":"2026-04-16T02:12:31","modified_gmt":"2026-04-15T23:12:31","slug":"iste-kant","status":"publish","type":"product","link":"https:\/\/roveyayinevi.com.tr\/index.php\/urun\/iste-kant\/","title":{"rendered":"\u0130\u015f\u2019te Kant"},"content":{"rendered":"<p>\u0130\u015f d\u00fcnyas\u0131nda hemen her g\u00fcn al\u0131nmas\u0131 gereken \u00f6nemli kararlar\u0131n arka plan\u0131n\u0131 olu\u015fturmaya \u00e7al\u0131\u015f\u0131rken, \u00f6zellikle de stratejik y\u00f6nelimler belirlerken felsefeden yararlanmak \u015fart. Hem ak\u0131l hem de deneyimden yararlanmak ve ikisinin arac\u0131l\u0131\u011f\u0131yla edinilen bilimsel bilgiler \u0131\u015f\u0131\u011f\u0131nda ilerlemek gerekir, derseniz filozof olarak kar\u015f\u0131n\u0131za Immanuel Kant \u00e7\u0131kacakt\u0131r. <\/p>\n","protected":false},"excerpt":{"rendered":"<p>\u0130\u015f d\u00fcnyas\u0131nda hemen her g\u00fcn al\u0131nmas\u0131 gereken \u00f6nemli kararlar\u0131n arka plan\u0131n\u0131 olu\u015fturmaya \u00e7al\u0131\u015f\u0131rken, \u00f6zellikle de stratejik y\u00f6nelimler belirlerken felsefeden yararlanmak \u015fart. Hem ak\u0131l hem de deneyimden<span class=\"excerpt-hellip\"> [\u2026]<\/span><\/p>\n","protected":false},"featured_media":0,"template":"","meta":{"_monsterinsights_skip_tracking":false,"_monsterinsights_sitenote_active":false,"_monsterinsights_sitenote_note":"","_monsterinsights_sitenote_category":0},"product_brand":[],"product_cat":[13043,14754],"product_tag":[],"class_list":{"0":"post-703177","1":"product","2":"type-product","3":"status-publish","5":"product_cat-ekonomi","6":"product_cat-halkla-iliskiler-insan-kaynaklari","7":"pa_tur-kitap","8":"pa_yayinevi-kuraldisi-yayinevi","9":"pa_yazar-bernd-niquet","11":"first","12":"instock","13":"sale","14":"shipping-taxable","15":"purchasable","16":"product-type-simple"},"_links":{"self":[{"href":"https:\/\/roveyayinevi.com.tr\/index.php\/wp-json\/wp\/v2\/product\/703177","targetHints":{"allow":["GET"]}}],"collection":[{"href":"https:\/\/roveyayinevi.com.tr\/index.php\/wp-json\/wp\/v2\/product"}],"about":[{"href":"https:\/\/roveyayinevi.com.tr\/index.php\/wp-json\/wp\/v2\/types\/product"}],"wp:attachment":[{"href":"https:\/\/roveyayinevi.com.tr\/index.php\/wp-json\/wp\/v2\/media?parent=703177"}],"wp:term":[{"taxonomy":"product_brand","embeddable":true,"href":"https:\/\/roveyayinevi.com.tr\/index.php\/wp-json\/wp\/v2\/product_brand?post=703177"},{"taxonomy":"product_cat","embeddable":true,"href":"https:\/\/roveyayinevi.com.tr\/index.php\/wp-json\/wp\/v2\/product_cat?post=703177"},{"taxonomy":"product_tag","embeddable":true,"href":"https:\/\/roveyayinevi.com.tr\/index.php\/wp-json\/wp\/v2\/product_tag?post=703177"}],"curies":[{"name":"wp","href":"https:\/\/api.w.org\/{rel}","templated":true}]}}