{"id":703175,"date":"2025-08-27T15:22:51","date_gmt":"2025-08-27T12:22:51","guid":{"rendered":"https:\/\/roveyayinevi.com.tr\/index.php\/urun\/dunya-tarihi-3-cilt-yenicag\/"},"modified":"2026-04-16T02:12:31","modified_gmt":"2026-04-15T23:12:31","slug":"dunya-tarihi-3-cilt-yenicag","status":"publish","type":"product","link":"https:\/\/roveyayinevi.com.tr\/index.php\/urun\/dunya-tarihi-3-cilt-yenicag\/","title":{"rendered":"D\u00fcnya Tarihi 3. Cilt &#8211; Yeni\u00e7a\u011f"},"content":{"rendered":"<p>D\u00fcnya Tarihi adl\u0131 d\u00f6rt ciltlik eserin bu \u00fc\u00e7\u00fcnc\u00fc cildinde, ke\u015fifler \u00e7a\u011f\u0131ndan Sanayi Devrimi\u2019ne dek olan zaman dilimi ele al\u0131n\u0131yor. Japon derebeylerinin bitmeyen sava\u015flar\u0131, din sava\u015flar\u0131, Frans\u0131z Devrimi, Ruslar\u0131n ve T\u00fcrklerin Bat\u0131l\u0131la\u015fma hamleleri, Napolyon Sava\u015flar\u0131, G\u00fcney Amerika \u00fclkelerinin \u00f6zg\u00fcrl\u00fck m\u00fccadeleleri gibi \u00f6nemli askeri, siyasi, k\u00fclt\u00fcrel ve bilimsel olaylar \u00f6yk\u00fcle\u015ftirilip renklendirilerek anlat\u0131l\u0131yor.<\/p>\n","protected":false},"excerpt":{"rendered":"<p>D\u00fcnya Tarihi adl\u0131 d\u00f6rt ciltlik eserin bu \u00fc\u00e7\u00fcnc\u00fc cildinde, ke\u015fifler \u00e7a\u011f\u0131ndan Sanayi Devrimi\u2019ne dek olan zaman dilimi ele al\u0131n\u0131yor. Japon derebeylerinin bitmeyen sava\u015flar\u0131, din sava\u015flar\u0131, Frans\u0131z<span class=\"excerpt-hellip\"> [\u2026]<\/span><\/p>\n","protected":false},"featured_media":0,"template":"","meta":{"_monsterinsights_skip_tracking":false,"_monsterinsights_sitenote_active":false,"_monsterinsights_sitenote_note":"","_monsterinsights_sitenote_category":0},"product_brand":[],"product_cat":[13590,12337],"product_tag":[],"class_list":{"0":"post-703175","1":"product","2":"type-product","3":"status-publish","5":"product_cat-arastirma-inceleme-politika-siyaset","6":"product_cat-politika-siyaset","7":"pa_cilt-ciltsiz","8":"pa_tur-kitap","9":"pa_yayinevi-say-yayinlari","10":"pa_yazar-susan-wise-bauer","12":"first","13":"instock","14":"sale","15":"shipping-taxable","16":"purchasable","17":"product-type-simple"},"_links":{"self":[{"href":"https:\/\/roveyayinevi.com.tr\/index.php\/wp-json\/wp\/v2\/product\/703175","targetHints":{"allow":["GET"]}}],"collection":[{"href":"https:\/\/roveyayinevi.com.tr\/index.php\/wp-json\/wp\/v2\/product"}],"about":[{"href":"https:\/\/roveyayinevi.com.tr\/index.php\/wp-json\/wp\/v2\/types\/product"}],"wp:attachment":[{"href":"https:\/\/roveyayinevi.com.tr\/index.php\/wp-json\/wp\/v2\/media?parent=703175"}],"wp:term":[{"taxonomy":"product_brand","embeddable":true,"href":"https:\/\/roveyayinevi.com.tr\/index.php\/wp-json\/wp\/v2\/product_brand?post=703175"},{"taxonomy":"product_cat","embeddable":true,"href":"https:\/\/roveyayinevi.com.tr\/index.php\/wp-json\/wp\/v2\/product_cat?post=703175"},{"taxonomy":"product_tag","embeddable":true,"href":"https:\/\/roveyayinevi.com.tr\/index.php\/wp-json\/wp\/v2\/product_tag?post=703175"}],"curies":[{"name":"wp","href":"https:\/\/api.w.org\/{rel}","templated":true}]}}