{"id":703174,"date":"2025-08-27T15:22:51","date_gmt":"2025-08-27T12:22:51","guid":{"rendered":"https:\/\/roveyayinevi.com.tr\/index.php\/urun\/canavar-pesinde-serisi-31-kargasa-dunyasi-kertenkele-kral-komodo\/"},"modified":"2026-04-16T02:12:31","modified_gmt":"2026-04-15T23:12:31","slug":"canavar-pesinde-serisi-31-kargasa-dunyasi-kertenkele-kral-komodo","status":"publish","type":"product","link":"https:\/\/roveyayinevi.com.tr\/index.php\/urun\/canavar-pesinde-serisi-31-kargasa-dunyasi-kertenkele-kral-komodo\/","title":{"rendered":"Canavar Pe\u015finde Serisi 31 &#8211; Karga\u015fa D\u00fcnyas\u0131 (Kertenkele Kral Komodo)"},"content":{"rendered":"<p>Yepyeni Canavar Pe\u015finde maceras\u0131na ho\u015f geldiniz: Karga\u015fa D\u00fcnyas\u0131Tom\u2019un en zorlu g\u00f6revi ba\u015fl\u0131yor! Annesini hilek\u00e2r b\u00fcy\u00fcc\u00fc Velmal\u2019in elinden kurtarmak zorunda. Bunu da ancak alt\u0131 iksir malzemesini bularak yapabilir. Bu malzemelerin her biri, Kayonya\u2019n\u0131n korkun\u00e7 canavarlar\u0131 taraf\u0131ndan korunuyor. Tom ve arkada\u015flar\u0131, \u00e7\u00f6l\u00fcn zorluklar\u0131na g\u00f6\u011f\u00fcs gerip Kertenkele Kral Komodo\u2019yu yenmek zorunda\u2026<\/p>\n","protected":false},"excerpt":{"rendered":"<p>Yepyeni Canavar Pe\u015finde maceras\u0131na ho\u015f geldiniz: Karga\u015fa D\u00fcnyas\u0131Tom\u2019un en zorlu g\u00f6revi ba\u015fl\u0131yor! Annesini hilek\u00e2r b\u00fcy\u00fcc\u00fc Velmal\u2019in elinden kurtarmak zorunda. Bunu da ancak alt\u0131 iksir malzemesini bularak<span class=\"excerpt-hellip\"> [\u2026]<\/span><\/p>\n","protected":false},"featured_media":0,"template":"","meta":{"_monsterinsights_skip_tracking":false,"_monsterinsights_sitenote_active":false,"_monsterinsights_sitenote_note":"","_monsterinsights_sitenote_category":0},"product_brand":[],"product_cat":[12274,12631],"product_tag":[],"class_list":{"0":"post-703174","1":"product","2":"type-product","3":"status-publish","5":"product_cat-cocuk-ve-genclik-kitaplari","6":"product_cat-diger-cocuk-ve-genclik-kitaplari","7":"pa_cilt-ciltsiz","8":"pa_tur-kitap","9":"pa_yayinevi-beyaz-balina-yayinlari","10":"pa_yazar-adam-blade","12":"first","13":"instock","14":"sale","15":"shipping-taxable","16":"purchasable","17":"product-type-simple"},"_links":{"self":[{"href":"https:\/\/roveyayinevi.com.tr\/index.php\/wp-json\/wp\/v2\/product\/703174","targetHints":{"allow":["GET"]}}],"collection":[{"href":"https:\/\/roveyayinevi.com.tr\/index.php\/wp-json\/wp\/v2\/product"}],"about":[{"href":"https:\/\/roveyayinevi.com.tr\/index.php\/wp-json\/wp\/v2\/types\/product"}],"wp:attachment":[{"href":"https:\/\/roveyayinevi.com.tr\/index.php\/wp-json\/wp\/v2\/media?parent=703174"}],"wp:term":[{"taxonomy":"product_brand","embeddable":true,"href":"https:\/\/roveyayinevi.com.tr\/index.php\/wp-json\/wp\/v2\/product_brand?post=703174"},{"taxonomy":"product_cat","embeddable":true,"href":"https:\/\/roveyayinevi.com.tr\/index.php\/wp-json\/wp\/v2\/product_cat?post=703174"},{"taxonomy":"product_tag","embeddable":true,"href":"https:\/\/roveyayinevi.com.tr\/index.php\/wp-json\/wp\/v2\/product_tag?post=703174"}],"curies":[{"name":"wp","href":"https:\/\/api.w.org\/{rel}","templated":true}]}}