{"id":703173,"date":"2025-08-27T15:22:51","date_gmt":"2025-08-27T12:22:51","guid":{"rendered":"https:\/\/roveyayinevi.com.tr\/index.php\/urun\/siyasi-ictimai-hadiselerle-hadis-munasebetleri-ciltli\/"},"modified":"2026-04-16T02:12:31","modified_gmt":"2026-04-15T23:12:31","slug":"siyasi-ictimai-hadiselerle-hadis-munasebetleri-ciltli","status":"publish","type":"product","link":"https:\/\/roveyayinevi.com.tr\/index.php\/urun\/siyasi-ictimai-hadiselerle-hadis-munasebetleri-ciltli\/","title":{"rendered":"Siyasi &#8211; \u0130ctimai Hadiselerle Hadis M\u00fcnasebetleri (Ciltli)"},"content":{"rendered":"<p>Bu eserde, muayyen bir devrin kaynaklar\u0131 ilmi tedkiklerle ele al\u0131nmaktad\u0131r. B\u00f6ylece devirden devire ne gibi cereyanlar\u0131n do\u011fmu\u015f, eski fikirlere nelerin eklenmi\u015f oldu\u011fu, daha sarih olarak ortaya konmaktad\u0131r. \u0130slam&#8217;\u0131n fikri seyrini sa\u011flam bir \u015fekilde kavramak bak\u0131m\u0131ndan bu us\u00fbl\u00fcn tatbiki elzemdir. Hangi as\u0131rda hangi cereyanlar\u0131n mevcud oldu\u011fu, bunlar\u0131n devirler ge\u00e7tik\u00e7e ne gibi geli\u015fmeler g\u00f6sterdi\u011fi, ancak bu \u015fekilde ortaya konabilecektir.Bu kitab, dinin siyasete alet edili\u015finin b\u00fct\u00fcn tarihi maceras\u0131n\u0131, ilmi tedkiklerle g\u00f6zler \u00f6n\u00fcne sermektedir.<\/p>\n","protected":false},"excerpt":{"rendered":"<p>Bu eserde, muayyen bir devrin kaynaklar\u0131 ilmi tedkiklerle ele al\u0131nmaktad\u0131r. B\u00f6ylece devirden devire ne gibi cereyanlar\u0131n do\u011fmu\u015f, eski fikirlere nelerin eklenmi\u015f oldu\u011fu, daha sarih olarak ortaya<span class=\"excerpt-hellip\"> [\u2026]<\/span><\/p>\n","protected":false},"featured_media":0,"template":"","meta":{"_monsterinsights_skip_tracking":false,"_monsterinsights_sitenote_active":false,"_monsterinsights_sitenote_note":"","_monsterinsights_sitenote_category":0},"product_brand":[],"product_cat":[16789,12718,12719],"product_tag":[],"class_list":{"0":"post-703173","1":"product","2":"type-product","3":"status-publish","5":"product_cat-diger-islam","6":"product_cat-din","7":"product_cat-islam","8":"pa_cilt-ciltli","9":"pa_tur-kitap","10":"pa_yayinevi-otto-yayinlari","11":"pa_yazar-mehmed-said-hatiboglu","13":"first","14":"instock","15":"sale","16":"shipping-taxable","17":"purchasable","18":"product-type-simple"},"_links":{"self":[{"href":"https:\/\/roveyayinevi.com.tr\/index.php\/wp-json\/wp\/v2\/product\/703173","targetHints":{"allow":["GET"]}}],"collection":[{"href":"https:\/\/roveyayinevi.com.tr\/index.php\/wp-json\/wp\/v2\/product"}],"about":[{"href":"https:\/\/roveyayinevi.com.tr\/index.php\/wp-json\/wp\/v2\/types\/product"}],"wp:attachment":[{"href":"https:\/\/roveyayinevi.com.tr\/index.php\/wp-json\/wp\/v2\/media?parent=703173"}],"wp:term":[{"taxonomy":"product_brand","embeddable":true,"href":"https:\/\/roveyayinevi.com.tr\/index.php\/wp-json\/wp\/v2\/product_brand?post=703173"},{"taxonomy":"product_cat","embeddable":true,"href":"https:\/\/roveyayinevi.com.tr\/index.php\/wp-json\/wp\/v2\/product_cat?post=703173"},{"taxonomy":"product_tag","embeddable":true,"href":"https:\/\/roveyayinevi.com.tr\/index.php\/wp-json\/wp\/v2\/product_tag?post=703173"}],"curies":[{"name":"wp","href":"https:\/\/api.w.org\/{rel}","templated":true}]}}