{"id":703169,"date":"2025-08-27T15:22:49","date_gmt":"2025-08-27T12:22:49","guid":{"rendered":"https:\/\/roveyayinevi.com.tr\/index.php\/urun\/ibranice-konusma-kilavuzu\/"},"modified":"2026-04-16T02:12:31","modified_gmt":"2026-04-15T23:12:31","slug":"ibranice-konusma-kilavuzu","status":"publish","type":"product","link":"https:\/\/roveyayinevi.com.tr\/index.php\/urun\/ibranice-konusma-kilavuzu\/","title":{"rendered":"\u0130branice Konu\u015fma K\u0131lavuzu"},"content":{"rendered":"<p>\u0130branice Konu\u015fma K\u0131lavuzu\u2022    Bu k\u0131lavuz \u0130braniceyi pratik olarak konu\u015fman\u0131zda size yard\u0131mc\u0131 olacakt\u0131r.\u2022    K\u0131lavuzdaki \u0130branice s\u00f6zc\u00fck ve c\u00fcmlelerin T\u00fcrk alfabesiyle okunu\u015flar\u0131 verilmi\u015ftir. B\u00f6ylece en ufak  bir zorluk \u00e7ekmeden \u0130branice s\u00f6zc\u00fck ve c\u00fcmleleri rahatl\u0131kla okuyabileceksiniz. \u2022    Konu\u015fma k\u0131lavuzu, diyaloglar \u015feklinde haz\u0131rland\u0131\u011f\u0131 i\u00e7in seyahatlerinizde size b\u00fcy\u00fck kolayl\u0131k sa\u011flayacakt\u0131r.\u2022    \u0130braniceyi kolayca \u00f6\u011frenebilmeniz i\u00e7in T\u00fcrk\u00e7e ve \u0130branice gramerin kar\u015f\u0131la\u015ft\u0131r\u0131lmas\u0131 yap\u0131lm\u0131\u015f baz\u0131 temel kurallar\u0131 verilmi\u015ftir.\u2022    K\u0131lavuzun sonunda yakla\u015f\u0131k 3.000 kelimelik bir s\u00f6zl\u00fck ilave edilmi\u015ftir.<\/p>\n","protected":false},"excerpt":{"rendered":"<p>\u0130branice Konu\u015fma K\u0131lavuzu\u2022 Bu k\u0131lavuz \u0130braniceyi pratik olarak konu\u015fman\u0131zda size yard\u0131mc\u0131 olacakt\u0131r.\u2022 K\u0131lavuzdaki \u0130branice s\u00f6zc\u00fck ve c\u00fcmlelerin T\u00fcrk alfabesiyle okunu\u015flar\u0131 verilmi\u015ftir. B\u00f6ylece en ufak bir zorluk<span class=\"excerpt-hellip\"> [\u2026]<\/span><\/p>\n","protected":false},"featured_media":0,"template":"","meta":{"_monsterinsights_skip_tracking":false,"_monsterinsights_sitenote_active":false,"_monsterinsights_sitenote_note":"","_monsterinsights_sitenote_category":0},"product_brand":[],"product_cat":[12472],"product_tag":[],"class_list":{"0":"post-703169","1":"product","2":"type-product","3":"status-publish","5":"product_cat-yabanci-dilde-kitaplar","6":"pa_cilt-ciltsiz","7":"pa_tur-kitap","8":"pa_yayinevi-engin-yayinevi","9":"pa_yazar-mehmet-hengirmen","11":"first","12":"instock","13":"sale","14":"shipping-taxable","15":"purchasable","16":"product-type-simple"},"_links":{"self":[{"href":"https:\/\/roveyayinevi.com.tr\/index.php\/wp-json\/wp\/v2\/product\/703169","targetHints":{"allow":["GET"]}}],"collection":[{"href":"https:\/\/roveyayinevi.com.tr\/index.php\/wp-json\/wp\/v2\/product"}],"about":[{"href":"https:\/\/roveyayinevi.com.tr\/index.php\/wp-json\/wp\/v2\/types\/product"}],"wp:attachment":[{"href":"https:\/\/roveyayinevi.com.tr\/index.php\/wp-json\/wp\/v2\/media?parent=703169"}],"wp:term":[{"taxonomy":"product_brand","embeddable":true,"href":"https:\/\/roveyayinevi.com.tr\/index.php\/wp-json\/wp\/v2\/product_brand?post=703169"},{"taxonomy":"product_cat","embeddable":true,"href":"https:\/\/roveyayinevi.com.tr\/index.php\/wp-json\/wp\/v2\/product_cat?post=703169"},{"taxonomy":"product_tag","embeddable":true,"href":"https:\/\/roveyayinevi.com.tr\/index.php\/wp-json\/wp\/v2\/product_tag?post=703169"}],"curies":[{"name":"wp","href":"https:\/\/api.w.org\/{rel}","templated":true}]}}