{"id":703168,"date":"2025-08-27T15:22:49","date_gmt":"2025-08-27T12:22:49","guid":{"rendered":"https:\/\/roveyayinevi.com.tr\/index.php\/urun\/dunya-tarihinde-orta-asya\/"},"modified":"2026-04-16T02:12:31","modified_gmt":"2026-04-15T23:12:31","slug":"dunya-tarihinde-orta-asya","status":"publish","type":"product","link":"https:\/\/roveyayinevi.com.tr\/index.php\/urun\/dunya-tarihinde-orta-asya\/","title":{"rendered":"D\u00fcnya Tarihinde Orta Asya"},"content":{"rendered":"<p>\u201cBu kitaptaki gayem, d\u00f6rt bin y\u0131ldan fazla bir zaman boyunca Man\u00e7urya ormanlar\u0131ndan t\u00e2 Macaristan bozk\u0131rlar\u0131na kadar uzanan muazzam bir b\u00f6lgenin siyas\u00ee, iktisad\u00ee ve k\u00fclt\u00fcr tarihini \u00f6zetlemekti. Orta Asya, y\u00fczy\u0131llar boyunca bug\u00fcnk\u00fc d\u00fcnyan\u0131n bi\u00e7imlenmesinde m\u00fchim roller oynam\u0131\u015f medeniyetlerin, dinlerin, imparatorluklar\u0131n ve sair siyas\u00ee te\u015fkilatlar\u0131n bulu\u015fma yeri olmu\u015ftur. D\u00fcnya Tarihinde Orta Asya, giri\u015f niteli\u011finde bir kitapt\u0131r. Gayesi de d\u00fcnyan\u0131n bu \u00e7ok \u00f6nemli b\u00f6lgesindeki \u00fclkelerin ve halklar\u0131n tarihini ayd\u0131nlatarak bug\u00fcnk\u00fc d\u00fcnyaya \u015fekil veren etkenleri genel \u00e7izgilerle izah etmektir. T\u00fcrk okuyucular\u0131 i\u00e7in D\u00fcnya Tarihinde Orta Asya&#8217;n\u0131n sayfalar\u0131nda g\u00f6z\u00fcken isimler, halklar ve yer adlar\u0131 yabanc\u0131 olmay\u0131p T\u00fcrkiye T\u00fcrkleri tarihinin ayr\u0131lamaz par\u00e7alar\u0131d\u0131r.\u201d Peter B. Golden D\u00fcnya Tarihinde Orta Asya, b\u00f6lge tarihini bir b\u00fct\u00fcn olarak ele almas\u0131yla ve T\u00fcrklerin en eski tarihinden bug\u00fcne uzanan tarih\u00ee silsileyi \u00f6zl\u00fc \u015fekilde sunmas\u0131yla \u00f6nem arz ediyor. Peter B. Golden&#8217;\u0131n Orta Asya tetkiklerinde kazand\u0131\u011f\u0131 hakl\u0131 \u015f\u00f6hret, T\u00fcrk tarihinin en eski d\u00f6nemlerine, bilhassa yerle\u015fik-g\u00f6\u00e7ebe toplumlar\u0131n ili\u015fkisi ve bunun neticesi olarak halklar\u0131n te\u015fekk\u00fcl\u00fcne dair fikirleri, bu muhtasar eserinde anla\u015f\u0131l\u0131r tarzda genel okuyucuya sunulmu\u015ftur. Golden&#8217;\u0131n tarih\u00ee hadiselere geni\u015f bir zaviyeden bakan yakla\u015f\u0131m\u0131, Orta Asya tarihinin yaln\u0131zca kadim d\u00f6nemlerini de\u011fil, modern d\u00f6nemlerini de i\u00e7eriyor. Ayr\u0131ca b\u00f6lgenin tarihi; siyas\u00ee, iktisad\u00ee, din\u00ee ve k\u00fclt\u00fcrel ve\u00e7heleriyle de ele al\u0131nm\u0131\u015ft\u0131r. Orta Asya tarihinin en eski \u00e7a\u011flar\u0131ndan g\u00fcn\u00fcm\u00fcze uzanan d\u00f6nem hakk\u0131nda okuyucuya \u00f6zl\u00fc bilgiler verilmesini ama\u00e7layan bu eser, genel okuyucunun yan\u0131nda \u00fcniversite \u00f6\u011frencileri i\u00e7in de <\/p>\n","protected":false},"excerpt":{"rendered":"<p>\u201cBu kitaptaki gayem, d\u00f6rt bin y\u0131ldan fazla bir zaman boyunca Man\u00e7urya ormanlar\u0131ndan t\u00e2 Macaristan bozk\u0131rlar\u0131na kadar uzanan muazzam bir b\u00f6lgenin siyas\u00ee, iktisad\u00ee ve k\u00fclt\u00fcr tarihini \u00f6zetlemekti.<span class=\"excerpt-hellip\"> [\u2026]<\/span><\/p>\n","protected":false},"featured_media":0,"template":"","meta":{"_monsterinsights_skip_tracking":false,"_monsterinsights_sitenote_active":false,"_monsterinsights_sitenote_note":"","_monsterinsights_sitenote_category":0},"product_brand":[],"product_cat":[12304,13650],"product_tag":[],"class_list":{"0":"post-703168","1":"product","2":"type-product","3":"status-publish","5":"product_cat-tarih","6":"product_cat-turk-tarihi-arastirmalari","7":"pa_cilt-ciltsiz","8":"pa_tur-kitap","9":"pa_yayinevi-otuken-nesriyat","10":"pa_yazar-peter-b-golden","12":"first","13":"instock","14":"sale","15":"shipping-taxable","16":"purchasable","17":"product-type-simple"},"_links":{"self":[{"href":"https:\/\/roveyayinevi.com.tr\/index.php\/wp-json\/wp\/v2\/product\/703168","targetHints":{"allow":["GET"]}}],"collection":[{"href":"https:\/\/roveyayinevi.com.tr\/index.php\/wp-json\/wp\/v2\/product"}],"about":[{"href":"https:\/\/roveyayinevi.com.tr\/index.php\/wp-json\/wp\/v2\/types\/product"}],"wp:attachment":[{"href":"https:\/\/roveyayinevi.com.tr\/index.php\/wp-json\/wp\/v2\/media?parent=703168"}],"wp:term":[{"taxonomy":"product_brand","embeddable":true,"href":"https:\/\/roveyayinevi.com.tr\/index.php\/wp-json\/wp\/v2\/product_brand?post=703168"},{"taxonomy":"product_cat","embeddable":true,"href":"https:\/\/roveyayinevi.com.tr\/index.php\/wp-json\/wp\/v2\/product_cat?post=703168"},{"taxonomy":"product_tag","embeddable":true,"href":"https:\/\/roveyayinevi.com.tr\/index.php\/wp-json\/wp\/v2\/product_tag?post=703168"}],"curies":[{"name":"wp","href":"https:\/\/api.w.org\/{rel}","templated":true}]}}