{"id":703167,"date":"2025-08-27T15:22:48","date_gmt":"2025-08-27T12:22:48","guid":{"rendered":"https:\/\/roveyayinevi.com.tr\/index.php\/urun\/pratik-meditasyon-rehberi-meditasyon-ilk-ve-son-ozgurluk-ciltli\/"},"modified":"2026-04-16T02:12:31","modified_gmt":"2026-04-15T23:12:31","slug":"pratik-meditasyon-rehberi-meditasyon-ilk-ve-son-ozgurluk-ciltli","status":"publish","type":"product","link":"https:\/\/roveyayinevi.com.tr\/index.php\/urun\/pratik-meditasyon-rehberi-meditasyon-ilk-ve-son-ozgurluk-ciltli\/","title":{"rendered":"Pratik Meditasyon Rehberi Meditasyon : \u0130lk ve Son \u00d6zg\u00fcrl\u00fck (Ciltli)"},"content":{"rendered":"<p>Meditasyon kesinlikle bir gerekliliktir, insanl\u0131\u011f\u0131n kurtulu\u015fu ve d\u00fcnyan\u0131n hayatta kalmas\u0131 i\u00e7in tek umuttur. Meditasyon, basit\u00e7e ifade etmek gerekirse, dahil olma kapasitesine sahip olup ba\u011f\u0131ms\u0131z kalabilmektir. \u00c7eli\u015fkili g\u00f6r\u00fcn\u00fcr, t\u00fcm b\u00fcy\u00fck ger\u00e7ekler \u00e7eli\u015fkilidir. \u00c7eli\u015fkiyi tecr\u00fcbe etmelisiniz, onu anlaman\u0131n tek yolu budur. Bir \u015feyi ne\u015feli bir \u015fekilde yapabilir ama yine de onu yapan de\u011filmi\u015f\u00e7esine yapt\u0131\u011f\u0131n\u0131za \u015fahitlik edebilirsiniz. K\u00fc\u00e7\u00fck \u015feylerle deneyin, b\u00f6ylece anlayacaks\u0131n\u0131z. Yar\u0131n sabah y\u00fcr\u00fcy\u00fc\u015fe gitti\u011finizde y\u00fcr\u00fcmekten keyif al\u0131n; a\u011fa\u00e7lardaki ku\u015flardan, g\u00fcne\u015fin \u0131\u015f\u0131klar\u0131ndan, bulutlardan, r\u00fczg\u00e2rdan. Keyif al\u0131n ve ayn\u0131 zamanda bir ayna oldu\u011funuzu hat\u0131rlamaya devam edin; siz bulutlar\u0131, a\u011fa\u00e7lar\u0131, ku\u015flar\u0131 ve insanlar\u0131 yans\u0131t\u0131yorsunuz. <\/p>\n","protected":false},"excerpt":{"rendered":"<p>Meditasyon kesinlikle bir gerekliliktir, insanl\u0131\u011f\u0131n kurtulu\u015fu ve d\u00fcnyan\u0131n hayatta kalmas\u0131 i\u00e7in tek umuttur. Meditasyon, basit\u00e7e ifade etmek gerekirse, dahil olma kapasitesine sahip olup ba\u011f\u0131ms\u0131z kalabilmektir. \u00c7eli\u015fkili<span class=\"excerpt-hellip\"> [\u2026]<\/span><\/p>\n","protected":false},"featured_media":0,"template":"","meta":{"_monsterinsights_skip_tracking":false,"_monsterinsights_sitenote_active":false,"_monsterinsights_sitenote_note":"","_monsterinsights_sitenote_category":0},"product_brand":[],"product_cat":[13365,19822],"product_tag":[],"class_list":{"0":"post-703167","1":"product","2":"type-product","3":"status-publish","5":"product_cat-saglik","6":"product_cat-yoga-meditasyon","7":"pa_cilt-ciltli","8":"pa_tur-kitap","9":"pa_yayinevi-omega","10":"pa_yazar-osho-bhagwan-shree-rajneesh","12":"first","13":"instock","14":"sale","15":"shipping-taxable","16":"purchasable","17":"product-type-simple"},"_links":{"self":[{"href":"https:\/\/roveyayinevi.com.tr\/index.php\/wp-json\/wp\/v2\/product\/703167","targetHints":{"allow":["GET"]}}],"collection":[{"href":"https:\/\/roveyayinevi.com.tr\/index.php\/wp-json\/wp\/v2\/product"}],"about":[{"href":"https:\/\/roveyayinevi.com.tr\/index.php\/wp-json\/wp\/v2\/types\/product"}],"wp:attachment":[{"href":"https:\/\/roveyayinevi.com.tr\/index.php\/wp-json\/wp\/v2\/media?parent=703167"}],"wp:term":[{"taxonomy":"product_brand","embeddable":true,"href":"https:\/\/roveyayinevi.com.tr\/index.php\/wp-json\/wp\/v2\/product_brand?post=703167"},{"taxonomy":"product_cat","embeddable":true,"href":"https:\/\/roveyayinevi.com.tr\/index.php\/wp-json\/wp\/v2\/product_cat?post=703167"},{"taxonomy":"product_tag","embeddable":true,"href":"https:\/\/roveyayinevi.com.tr\/index.php\/wp-json\/wp\/v2\/product_tag?post=703167"}],"curies":[{"name":"wp","href":"https:\/\/api.w.org\/{rel}","templated":true}]}}