{"id":703166,"date":"2025-08-27T15:22:48","date_gmt":"2025-08-27T12:22:48","guid":{"rendered":"https:\/\/roveyayinevi.com.tr\/index.php\/urun\/kizilbasligin-tarihi\/"},"modified":"2026-04-16T02:12:31","modified_gmt":"2026-04-15T23:12:31","slug":"kizilbasligin-tarihi","status":"publish","type":"product","link":"https:\/\/roveyayinevi.com.tr\/index.php\/urun\/kizilbasligin-tarihi\/","title":{"rendered":"K\u0131z\u0131lba\u015fl\u0131\u011f\u0131n Tarihi"},"content":{"rendered":"<p>K\u0131z\u0131lba\u015fl\u0131\u011f\u0131n Tarihi, Osmanl\u0131lar ile Safev\u00eeler aras\u0131ndaki siyasi m\u00fccadelenin bir yans\u0131mas\u0131 olarak Anadolu\u2019dan kopup giden, Safev\u00ee Hanedan\u0131\u2019n\u0131n hizmet kemerini beline ba\u011flayan ve \u0130ran\u2019da hanl\u0131k mans\u0131plar\u0131yla onurlanan K\u0131z\u0131lba\u015f T\u00fcrklerin siyasi ve asker\u00ee hik\u00e2yesidir. \u015eamlu, Rumlu, Karamanlu, Tekel\u00fc, Ustaclu, Z\u00fclkadirli gibi T\u00fcrkl\u00fc\u011f\u00fc \u015f\u00fcphe g\u00f6t\u00fcrmez bu boylar, istikballerini \u015eah \u0130smail\u2019de g\u00f6r\u00fcp onun derg\u00e2h\u0131na varm\u0131\u015flar, b\u00f6ylece Safev\u00ee ordusunun \u00e7ekirde\u011fini olu\u015fturmu\u015flard\u0131r. S\u00fcnn\u00ee \u0130slam d\u00fcnyas\u0131n\u0131n en \u00f6nemli g\u00fc\u00e7lerinden biri olan \u015eeyb\u00e2n\u00eelere kar\u015f\u0131 zafer tac\u0131n\u0131 giyerken kaderin bir cilvesi olarak can d\u00fc\u015fmanlar\u0131 Yavuz Sultan Selim kar\u015f\u0131s\u0131nda \u00c7ald\u0131ran\u2019da hezimetin en a\u011f\u0131r\u0131n\u0131 ya\u015fam\u0131\u015flard\u0131r. <\/p>\n","protected":false},"excerpt":{"rendered":"<p>K\u0131z\u0131lba\u015fl\u0131\u011f\u0131n Tarihi, Osmanl\u0131lar ile Safev\u00eeler aras\u0131ndaki siyasi m\u00fccadelenin bir yans\u0131mas\u0131 olarak Anadolu\u2019dan kopup giden, Safev\u00ee Hanedan\u0131\u2019n\u0131n hizmet kemerini beline ba\u011flayan ve \u0130ran\u2019da hanl\u0131k mans\u0131plar\u0131yla onurlanan K\u0131z\u0131lba\u015f<span class=\"excerpt-hellip\"> [\u2026]<\/span><\/p>\n","protected":false},"featured_media":0,"template":"","meta":{"_monsterinsights_skip_tracking":false,"_monsterinsights_sitenote_active":false,"_monsterinsights_sitenote_note":"","_monsterinsights_sitenote_category":0},"product_brand":[],"product_cat":[12370,12304],"product_tag":[],"class_list":{"0":"post-703166","1":"product","2":"type-product","3":"status-publish","5":"product_cat-arastirma-inceleme","6":"product_cat-tarih","7":"pa_cilt-ciltsiz","8":"pa_tur-kitap","9":"pa_yayinevi-bilge-kultur-sanat","10":"pa_yazar-anonim","12":"first","13":"instock","14":"sale","15":"shipping-taxable","16":"purchasable","17":"product-type-simple"},"_links":{"self":[{"href":"https:\/\/roveyayinevi.com.tr\/index.php\/wp-json\/wp\/v2\/product\/703166","targetHints":{"allow":["GET"]}}],"collection":[{"href":"https:\/\/roveyayinevi.com.tr\/index.php\/wp-json\/wp\/v2\/product"}],"about":[{"href":"https:\/\/roveyayinevi.com.tr\/index.php\/wp-json\/wp\/v2\/types\/product"}],"wp:attachment":[{"href":"https:\/\/roveyayinevi.com.tr\/index.php\/wp-json\/wp\/v2\/media?parent=703166"}],"wp:term":[{"taxonomy":"product_brand","embeddable":true,"href":"https:\/\/roveyayinevi.com.tr\/index.php\/wp-json\/wp\/v2\/product_brand?post=703166"},{"taxonomy":"product_cat","embeddable":true,"href":"https:\/\/roveyayinevi.com.tr\/index.php\/wp-json\/wp\/v2\/product_cat?post=703166"},{"taxonomy":"product_tag","embeddable":true,"href":"https:\/\/roveyayinevi.com.tr\/index.php\/wp-json\/wp\/v2\/product_tag?post=703166"}],"curies":[{"name":"wp","href":"https:\/\/api.w.org\/{rel}","templated":true}]}}