{"id":703165,"date":"2025-08-27T15:22:48","date_gmt":"2025-08-27T12:22:48","guid":{"rendered":"https:\/\/roveyayinevi.com.tr\/index.php\/urun\/anilar-ve-izlenimler\/"},"modified":"2026-04-16T02:12:31","modified_gmt":"2026-04-15T23:12:31","slug":"anilar-ve-izlenimler","status":"publish","type":"product","link":"https:\/\/roveyayinevi.com.tr\/index.php\/urun\/anilar-ve-izlenimler\/","title":{"rendered":"An\u0131lar ve \u0130zlenimler"},"content":{"rendered":"<p>Elinizdeki kitap, hayat\u0131n\u0131 sanata adam\u0131\u015f bir d\u00fc\u015f\u00fcn insan\u0131n\u0131n g\u00f6z\u00fcnden T\u00fcrkiye\u2019de sanat\u0131n ve sanat\u00e7\u0131n\u0131n son 60 y\u0131l\u0131n\u0131 anlatmaktad\u0131r. <\/p>\n","protected":false},"excerpt":{"rendered":"<p>Elinizdeki kitap, hayat\u0131n\u0131 sanata adam\u0131\u015f bir d\u00fc\u015f\u00fcn insan\u0131n\u0131n g\u00f6z\u00fcnden T\u00fcrkiye\u2019de sanat\u0131n ve sanat\u00e7\u0131n\u0131n son 60 y\u0131l\u0131n\u0131 anlatmaktad\u0131r.<\/p>\n","protected":false},"featured_media":0,"template":"","meta":{"_monsterinsights_skip_tracking":false,"_monsterinsights_sitenote_active":false,"_monsterinsights_sitenote_note":"","_monsterinsights_sitenote_category":0},"product_brand":[],"product_cat":[13701,12291],"product_tag":[],"class_list":{"0":"post-703165","1":"product","2":"type-product","3":"status-publish","5":"product_cat-ani-mektup-gunluk","6":"product_cat-edebiyat","7":"pa_tur-kitap","8":"pa_yayinevi-kaynak-yayinlari","9":"pa_yazar-hayati-asilyazici","11":"first","12":"instock","13":"sale","14":"shipping-taxable","15":"purchasable","16":"product-type-simple"},"_links":{"self":[{"href":"https:\/\/roveyayinevi.com.tr\/index.php\/wp-json\/wp\/v2\/product\/703165","targetHints":{"allow":["GET"]}}],"collection":[{"href":"https:\/\/roveyayinevi.com.tr\/index.php\/wp-json\/wp\/v2\/product"}],"about":[{"href":"https:\/\/roveyayinevi.com.tr\/index.php\/wp-json\/wp\/v2\/types\/product"}],"wp:attachment":[{"href":"https:\/\/roveyayinevi.com.tr\/index.php\/wp-json\/wp\/v2\/media?parent=703165"}],"wp:term":[{"taxonomy":"product_brand","embeddable":true,"href":"https:\/\/roveyayinevi.com.tr\/index.php\/wp-json\/wp\/v2\/product_brand?post=703165"},{"taxonomy":"product_cat","embeddable":true,"href":"https:\/\/roveyayinevi.com.tr\/index.php\/wp-json\/wp\/v2\/product_cat?post=703165"},{"taxonomy":"product_tag","embeddable":true,"href":"https:\/\/roveyayinevi.com.tr\/index.php\/wp-json\/wp\/v2\/product_tag?post=703165"}],"curies":[{"name":"wp","href":"https:\/\/api.w.org\/{rel}","templated":true}]}}