{"id":703164,"date":"2025-08-27T15:22:47","date_gmt":"2025-08-27T12:22:47","guid":{"rendered":"https:\/\/roveyayinevi.com.tr\/index.php\/urun\/sehir\/"},"modified":"2026-04-16T02:12:31","modified_gmt":"2026-04-15T23:12:31","slug":"sehir","status":"publish","type":"product","link":"https:\/\/roveyayinevi.com.tr\/index.php\/urun\/sehir\/","title":{"rendered":"\u015eehir"},"content":{"rendered":"<p>..Dile kolay, 90 y\u0131l sonra\u2026 \u0130lk bask\u0131s\u0131 1925 y\u0131l\u0131nda yap\u0131lm\u0131\u015f bu klasik eser, devam\u0131nda, ABD\u2019de ve d\u00fcnyan\u0131n geri kalan\u0131nda kent sosyolojisi \u00e7al\u0131\u015fma\u00aclar\u0131nda merkez\u00ee bir referans noktas\u0131 te\u015fkil etmi\u015f; Robert E. Park ve ekibi taraf\u0131ndan o zamanlar daha hen\u00fcz bir ara\u015ft\u0131rma program\u0131 olarak sunulan \u201cekolojik yakla\u015f\u0131m\u201d, kenti konu alan ciddi ve zengin bir saha prati\u011fini tetiklemi\u015f; \u00f6zellikle Chicago Sosyoloji B\u00f6l\u00fcm\u00fc b\u00fcnyesinde y\u00fcr\u00fct\u00fclm\u00fc\u015f bu \u00e7al\u0131\u015fmalar\u0131n teorik \u00e7\u0131kt\u0131lar\u0131 ise uzun bir d\u00f6nem boyunca tart\u0131\u015f\u0131lm\u0131\u015ft\u0131r. Lakin bug\u00fcnden bak\u0131ld\u0131\u011f\u0131nda eserde kesif bir \u201cnaftalin\u201d kokusu da mevcuttur; kullan\u0131lan normatif ve organizmac\u0131 dil \u015fa\u015f\u0131rtabilir ve hatta rahats\u0131z dahi edebilir; savunulan tez ve arg\u00fcmanlar ve bunlar\u0131n ampirik izlekleri bug\u00fcn tart\u0131\u015fmaya a\u00e7\u0131kt\u0131r. Fakat t\u00fcm bunlar eserin k\u0131ymetinden bir \u015fey g\u00f6t\u00fcrmez zira bu k\u0131ymet, bundan 90 y\u0131l \u00f6nce, kent ve moderniteye ili\u015fkin bug\u00fcn art\u0131k kan\u0131ksad\u0131\u011f\u0131m\u0131z tematik ve sorunsallar\u0131n en can al\u0131c\u0131lar\u0131n\u0131 ele alm\u0131\u015f olmas\u0131ndan ileri gelir; elbette o d\u00f6nemin dertleri \u00e7er\u00e7e\u00acvesinde, yine o d\u00f6nemin diliyle ve bug\u00fcnden bak\u0131ld\u0131\u011f\u0131nda biraz da amat\u00f6rce. Bu ayn\u0131 zamanda, g\u00fc\u00e7l\u00fc bir \u201cahlak\u00e7\u0131\u201d duru\u015f sergilerken ve olduk\u00e7a \u201cetnisist\u201d bir dil kullan\u0131rken dahi, \u201cmuhit\u201d ve \u201cmek\u00e2n\u201da bir o kadar g\u00fc\u00e7l\u00fc bir vurgu yapmak suretiyle, hem d\u00f6nemin biyolojik arg\u00fcmanlar\u0131na kar\u015f\u0131 m\u00fccadele etme hem de bir disiplini (sosyolojiyi) t\u00fcm \u00f6zerklik ve yetkinli\u011finde olabildi\u011fince tesis etme \u00e7abas\u0131d\u0131r (\u00f6zellikle bak\u0131n\u0131z, onuncu b\u00f6l\u00fcmdeki tasnifli ve a\u00e7\u0131klamal\u0131 kent kaynak\u00e7as\u0131; \u0130ngilizce, Fran\u00acs\u0131zca ve Almanca dillerini kapsayan ve farkl\u0131 disiplinlerden gelen kaynaklar\u0131 da i\u00e7eren devasa bir \u00e7al\u0131\u015fma, \u00fcstelik 1920\u2019lerde). Dolay\u0131s\u0131yla bu eser, daha sonra serpilecek olan bir kent sosyolojisi prati\u011finin ilk tomurcuklar\u0131 olarak, bir mirasla, \u00f6nc\u00fclerle kurulmu\u015f bir diyalogdur da. <\/p>\n","protected":false},"excerpt":{"rendered":"<p>..Dile kolay, 90 y\u0131l sonra\u2026 \u0130lk bask\u0131s\u0131 1925 y\u0131l\u0131nda yap\u0131lm\u0131\u015f bu klasik eser, devam\u0131nda, ABD\u2019de ve d\u00fcnyan\u0131n geri kalan\u0131nda kent sosyolojisi \u00e7al\u0131\u015fma\u00aclar\u0131nda merkez\u00ee bir referans noktas\u0131<span class=\"excerpt-hellip\"> [\u2026]<\/span><\/p>\n","protected":false},"featured_media":0,"template":"","meta":{"_monsterinsights_skip_tracking":false,"_monsterinsights_sitenote_active":false,"_monsterinsights_sitenote_note":"","_monsterinsights_sitenote_category":0},"product_brand":[],"product_cat":[12835,12324],"product_tag":[],"class_list":{"0":"post-703164","1":"product","2":"type-product","3":"status-publish","5":"product_cat-genel-sosyoloji","6":"product_cat-sosyoloji","7":"pa_cilt-ciltsiz","8":"pa_tur-kitap","9":"pa_yayinevi-heretik-yayincilik","10":"pa_yazar-robert-ezra-park","12":"first","13":"instock","14":"sale","15":"shipping-taxable","16":"purchasable","17":"product-type-simple"},"_links":{"self":[{"href":"https:\/\/roveyayinevi.com.tr\/index.php\/wp-json\/wp\/v2\/product\/703164","targetHints":{"allow":["GET"]}}],"collection":[{"href":"https:\/\/roveyayinevi.com.tr\/index.php\/wp-json\/wp\/v2\/product"}],"about":[{"href":"https:\/\/roveyayinevi.com.tr\/index.php\/wp-json\/wp\/v2\/types\/product"}],"wp:attachment":[{"href":"https:\/\/roveyayinevi.com.tr\/index.php\/wp-json\/wp\/v2\/media?parent=703164"}],"wp:term":[{"taxonomy":"product_brand","embeddable":true,"href":"https:\/\/roveyayinevi.com.tr\/index.php\/wp-json\/wp\/v2\/product_brand?post=703164"},{"taxonomy":"product_cat","embeddable":true,"href":"https:\/\/roveyayinevi.com.tr\/index.php\/wp-json\/wp\/v2\/product_cat?post=703164"},{"taxonomy":"product_tag","embeddable":true,"href":"https:\/\/roveyayinevi.com.tr\/index.php\/wp-json\/wp\/v2\/product_tag?post=703164"}],"curies":[{"name":"wp","href":"https:\/\/api.w.org\/{rel}","templated":true}]}}