{"id":703163,"date":"2025-08-27T15:22:47","date_gmt":"2025-08-27T12:22:47","guid":{"rendered":"https:\/\/roveyayinevi.com.tr\/index.php\/urun\/william-s-burroughs-ve-kuran-i-kerim\/"},"modified":"2026-04-16T02:12:31","modified_gmt":"2026-04-15T23:12:31","slug":"william-s-burroughs-ve-kuran-i-kerim","status":"publish","type":"product","link":"https:\/\/roveyayinevi.com.tr\/index.php\/urun\/william-s-burroughs-ve-kuran-i-kerim\/","title":{"rendered":"William S. Burroughs ve Kur\u2019an-\u0131 Kerim"},"content":{"rendered":"<p>\u201cD\u00fcnyan\u0131n sonu Kur\u2019an-\u0131 Kerim\u2019in intihar notudur\u201d der, Muhammad Knight \u2013kald\u0131 ki haks\u0131z da de\u011fildir! Kabe\u2019nin, \u0130slamiyet\u2019in Disney Land\u2019i oldu\u011funu dile getirirken asl\u0131nda ger\u00e7ek M\u00fcsl\u00fcman\u0131n i\u00e7inde hissetti\u011fi ac\u0131ya da dokunur: \u0130n\u015faat sekt\u00f6r\u00fcnce parsellenmi\u015f bir Beyt\u2019ullah, Muhammed Resul\u00fcn zorluklarla s\u0131nanmam\u0131z\u0131 istedi\u011fi uzun Hac yolculuklar\u0131 ile yan yana gelemez elbet! William Burroughs\u2019un \u201c\u0130slam Anonim \u015eirketi\u201d ifadesini Knight \u201c\u0130slami Koka Kola\u201d fikriyle geni\u015fletir. \u00d6te yandan Hakim Bey\u2019in tradisyonellerden \u00e7al\u0131p sit\u00fcasyonist\u00e7e sapt\u0131rd\u0131\u011f\u0131 irfana katt\u0131klar\u0131n\u0131 al\u0131r ve sokak punk\u0131na bular. Evet kar\u015f\u0131n\u0131zda ba\u015fka bir kusmuk var, kar\u015f\u0131-k\u00fclt\u00fcr eklekti\u011fi bir \u0130slam! <\/p>\n","protected":false},"excerpt":{"rendered":"<p>\u201cD\u00fcnyan\u0131n sonu Kur\u2019an-\u0131 Kerim\u2019in intihar notudur\u201d der, Muhammad Knight \u2013kald\u0131 ki haks\u0131z da de\u011fildir! Kabe\u2019nin, \u0130slamiyet\u2019in Disney Land\u2019i oldu\u011funu dile getirirken asl\u0131nda ger\u00e7ek M\u00fcsl\u00fcman\u0131n i\u00e7inde hissetti\u011fi<span class=\"excerpt-hellip\"> [\u2026]<\/span><\/p>\n","protected":false},"featured_media":0,"template":"","meta":{"_monsterinsights_skip_tracking":false,"_monsterinsights_sitenote_active":false,"_monsterinsights_sitenote_note":"","_monsterinsights_sitenote_category":0},"product_brand":[],"product_cat":[18545,12291],"product_tag":[],"class_list":{"0":"post-703163","1":"product","2":"type-product","3":"status-publish","5":"product_cat-anlati","6":"product_cat-edebiyat","7":"pa_tur-kitap","8":"pa_yayinevi-altikirkbes-yayinlari","9":"pa_yazar-michael-muhammad-knight","11":"first","12":"instock","13":"sale","14":"shipping-taxable","15":"purchasable","16":"product-type-simple"},"_links":{"self":[{"href":"https:\/\/roveyayinevi.com.tr\/index.php\/wp-json\/wp\/v2\/product\/703163","targetHints":{"allow":["GET"]}}],"collection":[{"href":"https:\/\/roveyayinevi.com.tr\/index.php\/wp-json\/wp\/v2\/product"}],"about":[{"href":"https:\/\/roveyayinevi.com.tr\/index.php\/wp-json\/wp\/v2\/types\/product"}],"wp:attachment":[{"href":"https:\/\/roveyayinevi.com.tr\/index.php\/wp-json\/wp\/v2\/media?parent=703163"}],"wp:term":[{"taxonomy":"product_brand","embeddable":true,"href":"https:\/\/roveyayinevi.com.tr\/index.php\/wp-json\/wp\/v2\/product_brand?post=703163"},{"taxonomy":"product_cat","embeddable":true,"href":"https:\/\/roveyayinevi.com.tr\/index.php\/wp-json\/wp\/v2\/product_cat?post=703163"},{"taxonomy":"product_tag","embeddable":true,"href":"https:\/\/roveyayinevi.com.tr\/index.php\/wp-json\/wp\/v2\/product_tag?post=703163"}],"curies":[{"name":"wp","href":"https:\/\/api.w.org\/{rel}","templated":true}]}}