{"id":703161,"date":"2025-08-27T15:22:46","date_gmt":"2025-08-27T12:22:46","guid":{"rendered":"https:\/\/roveyayinevi.com.tr\/index.php\/urun\/sari-lacivert-ofkeli-adam-aziz-yildirim\/"},"modified":"2026-04-16T02:12:31","modified_gmt":"2026-04-15T23:12:31","slug":"sari-lacivert-ofkeli-adam-aziz-yildirim","status":"publish","type":"product","link":"https:\/\/roveyayinevi.com.tr\/index.php\/urun\/sari-lacivert-ofkeli-adam-aziz-yildirim\/","title":{"rendered":"Sar\u0131-Lacivert \u00d6fkeli Adam : Aziz Y\u0131ld\u0131r\u0131m"},"content":{"rendered":"<p>3 Temmuz 2011&#8230; Fenerbah\u00e7e Kul\u00fcb\u00fc Ba\u015fkan\u0131 Aziz Y\u0131ld\u0131r\u0131m\u2019\u0131n g\u00f6zalt\u0131na al\u0131nmas\u0131, Ergenekon ve Balyoz depremlerini ya\u015famakta olan T\u00fcrkiye\u2019de yeni bir s\u00fcre\u00e7 ba\u015flatt\u0131. Bu kez hedef milyonlarca taraftara sahip Fenerbah\u00e7e\u2019ydi. \ufffcTan\u0131t\u0131m Metni<\/p>\n","protected":false},"excerpt":{"rendered":"<p>3 Temmuz 2011&#8230; Fenerbah\u00e7e Kul\u00fcb\u00fc Ba\u015fkan\u0131 Aziz Y\u0131ld\u0131r\u0131m\u2019\u0131n g\u00f6zalt\u0131na al\u0131nmas\u0131, Ergenekon ve Balyoz depremlerini ya\u015famakta olan T\u00fcrkiye\u2019de yeni bir s\u00fcre\u00e7 ba\u015flatt\u0131. Bu kez hedef milyonlarca taraftara<span class=\"excerpt-hellip\"> [\u2026]<\/span><\/p>\n","protected":false},"featured_media":0,"template":"","meta":{"_monsterinsights_skip_tracking":false,"_monsterinsights_sitenote_active":false,"_monsterinsights_sitenote_note":"","_monsterinsights_sitenote_category":0},"product_brand":[],"product_cat":[12346,12337],"product_tag":[],"class_list":{"0":"post-703161","1":"product","2":"type-product","3":"status-publish","5":"product_cat-derin-siyaset-komplo-teorileri","6":"product_cat-politika-siyaset","7":"pa_cilt-ciltsiz","8":"pa_tur-kitap","9":"pa_yayinevi-kirmizi-kedi-yayinevi","10":"pa_yazar-aytunc-erkin","12":"first","13":"instock","14":"sale","15":"shipping-taxable","16":"purchasable","17":"product-type-simple"},"_links":{"self":[{"href":"https:\/\/roveyayinevi.com.tr\/index.php\/wp-json\/wp\/v2\/product\/703161","targetHints":{"allow":["GET"]}}],"collection":[{"href":"https:\/\/roveyayinevi.com.tr\/index.php\/wp-json\/wp\/v2\/product"}],"about":[{"href":"https:\/\/roveyayinevi.com.tr\/index.php\/wp-json\/wp\/v2\/types\/product"}],"wp:attachment":[{"href":"https:\/\/roveyayinevi.com.tr\/index.php\/wp-json\/wp\/v2\/media?parent=703161"}],"wp:term":[{"taxonomy":"product_brand","embeddable":true,"href":"https:\/\/roveyayinevi.com.tr\/index.php\/wp-json\/wp\/v2\/product_brand?post=703161"},{"taxonomy":"product_cat","embeddable":true,"href":"https:\/\/roveyayinevi.com.tr\/index.php\/wp-json\/wp\/v2\/product_cat?post=703161"},{"taxonomy":"product_tag","embeddable":true,"href":"https:\/\/roveyayinevi.com.tr\/index.php\/wp-json\/wp\/v2\/product_tag?post=703161"}],"curies":[{"name":"wp","href":"https:\/\/api.w.org\/{rel}","templated":true}]}}