{"id":703160,"date":"2025-08-27T15:22:46","date_gmt":"2025-08-27T12:22:46","guid":{"rendered":"https:\/\/roveyayinevi.com.tr\/index.php\/urun\/tarihsel-cografi-ve-sosyo-ekonomik-boyutlariyla-belarus\/"},"modified":"2025-11-22T03:30:08","modified_gmt":"2025-11-22T00:30:08","slug":"tarihsel-cografi-ve-sosyo-ekonomik-boyutlariyla-belarus","status":"publish","type":"product","link":"https:\/\/roveyayinevi.com.tr\/index.php\/urun\/tarihsel-cografi-ve-sosyo-ekonomik-boyutlariyla-belarus\/","title":{"rendered":"Tarihsel Co\u011frafi ve Sosyo-Ekonomik Boyutlar\u0131yla Belarus"},"content":{"rendered":"<p>Bat\u0131 d\u00fcnyas\u0131na meydan okuyan, kom\u015fu \u00fclkelerle s\u0131k s\u0131k politik restle\u015fmeler ya\u015fayan ama kendi ulusal \u00e7\u0131kar ve de\u011ferleri konusunda son derece duyarl\u0131 ve \u00f6d\u00fcns\u00fcz olan Belarus, kendi iradesiyle \u00e7izdi\u011fi yolda ilerlerken kimilerince alk\u0131\u015flanmakta, kimilerince ise sert ele\u015ftirilere maruz kalmaktad\u0131r. Bu ba\u011flamda \u201cg\u00f6recelik\u201d ve \u201cde\u011fi\u015fkenlik\u201d Belarus\u2019u okumada \u00f6nemli \u00f6l\u00e7me ara\u00e7lar\u0131 olarak sonuca etki etmektedir. \u00d6rne\u011fin Washington a\u00e7\u0131s\u0131ndan Belarus, NATO\u2019nun do\u011fuya ilerleyi\u015fini durduran inat\u00e7\u0131 bir engel iken, Moskova i\u00e7inse AB ve NATO\u2019nun ilerleyi\u015fini durduran g\u00fcvenilir bir m\u00fcttefiktir. Belarus ulusu Litvanya B\u00fcy\u00fck D\u00fckl\u00fc\u011f\u00fcnden Rus \u00c7arl\u0131\u011f\u0131na ve Polonya\u2019dan Alman i\u015fgallerine farkl\u0131 siyasal y\u00f6ntemlerin egemenli\u011fi alt\u0131nda kalm\u0131\u015f ve Balt\u0131k ve Slav k\u00fclt\u00fcrlerinin uzun soluklu etkile\u015fimi i\u00e7inde Polonya-Rusya-Litvanya aromalar\u0131n\u0131n g\u00f6rece daha yo\u011fun duyumsand\u0131\u011f\u0131 bir t\u00fcr k\u00fclt\u00fcr kokteyline ula\u015fm\u0131\u015ft\u0131r. <\/p>\n","protected":false},"excerpt":{"rendered":"<p>Bat\u0131 d\u00fcnyas\u0131na meydan okuyan, kom\u015fu \u00fclkelerle s\u0131k s\u0131k politik restle\u015fmeler ya\u015fayan ama kendi ulusal \u00e7\u0131kar ve de\u011ferleri konusunda son derece duyarl\u0131 ve \u00f6d\u00fcns\u00fcz olan Belarus, kendi<span class=\"excerpt-hellip\"> [\u2026]<\/span><\/p>\n","protected":false},"featured_media":0,"template":"","meta":{"_monsterinsights_skip_tracking":false,"_monsterinsights_sitenote_active":false,"_monsterinsights_sitenote_note":"","_monsterinsights_sitenote_category":0},"product_brand":[],"product_cat":[13054,45811],"product_tag":[],"class_list":{"0":"post-703160","1":"product","2":"type-product","3":"status-publish","5":"product_cat-gezi-ve-rehber-kitaplari","6":"product_cat-ulke-rehberleri","7":"pa_tur-kitap","8":"pa_yayinevi-sentez-yayinlari","9":"pa_yazar-kolektif","11":"first","12":"instock","13":"sale","14":"shipping-taxable","15":"purchasable","16":"product-type-simple"},"_links":{"self":[{"href":"https:\/\/roveyayinevi.com.tr\/index.php\/wp-json\/wp\/v2\/product\/703160","targetHints":{"allow":["GET"]}}],"collection":[{"href":"https:\/\/roveyayinevi.com.tr\/index.php\/wp-json\/wp\/v2\/product"}],"about":[{"href":"https:\/\/roveyayinevi.com.tr\/index.php\/wp-json\/wp\/v2\/types\/product"}],"wp:attachment":[{"href":"https:\/\/roveyayinevi.com.tr\/index.php\/wp-json\/wp\/v2\/media?parent=703160"}],"wp:term":[{"taxonomy":"product_brand","embeddable":true,"href":"https:\/\/roveyayinevi.com.tr\/index.php\/wp-json\/wp\/v2\/product_brand?post=703160"},{"taxonomy":"product_cat","embeddable":true,"href":"https:\/\/roveyayinevi.com.tr\/index.php\/wp-json\/wp\/v2\/product_cat?post=703160"},{"taxonomy":"product_tag","embeddable":true,"href":"https:\/\/roveyayinevi.com.tr\/index.php\/wp-json\/wp\/v2\/product_tag?post=703160"}],"curies":[{"name":"wp","href":"https:\/\/api.w.org\/{rel}","templated":true}]}}