{"id":703157,"date":"2025-08-27T15:22:44","date_gmt":"2025-08-27T12:22:44","guid":{"rendered":"https:\/\/roveyayinevi.com.tr\/index.php\/urun\/derin-yalnizlik\/"},"modified":"2026-04-16T02:12:31","modified_gmt":"2026-04-15T23:12:31","slug":"derin-yalnizlik","status":"publish","type":"product","link":"https:\/\/roveyayinevi.com.tr\/index.php\/urun\/derin-yalnizlik\/","title":{"rendered":"Derin Yaln\u0131zl\u0131k"},"content":{"rendered":"<p>Bu kitapta elit teorileri ve elit-iktidar ili\u015fkileri \u00e7er\u00e7evesinde T\u00fcrkiye\u2019nin siyasi tarihinin ve d\u0131\u015f politikas\u0131n\u0131n evrimi incelenmektedir. Dr. Vahap Polat   elit teorileri milli ve uluslararas\u0131 siyaseti anlamaya yard\u0131mc\u0131 olur   diyor ve ekliyor:   Bir toplumun elit profiline bak\u0131larak gelecekteki siyasi geli\u015fmeleri analiz edilebilir. <\/p>\n","protected":false},"excerpt":{"rendered":"<p>Bu kitapta elit teorileri ve elit-iktidar ili\u015fkileri \u00e7er\u00e7evesinde T\u00fcrkiye\u2019nin siyasi tarihinin ve d\u0131\u015f politikas\u0131n\u0131n evrimi incelenmektedir. Dr. Vahap Polat elit teorileri milli ve uluslararas\u0131 siyaseti anlamaya<span class=\"excerpt-hellip\"> [\u2026]<\/span><\/p>\n","protected":false},"featured_media":0,"template":"","meta":{"_monsterinsights_skip_tracking":false,"_monsterinsights_sitenote_active":false,"_monsterinsights_sitenote_note":"","_monsterinsights_sitenote_category":0},"product_brand":[],"product_cat":[12337,14543],"product_tag":[],"class_list":{"0":"post-703157","1":"product","2":"type-product","3":"status-publish","5":"product_cat-politika-siyaset","6":"product_cat-turkiye-siyaseti-ve-politikasi","7":"pa_tur-kitap","8":"pa_yayinevi-kaynak-yayinlari","9":"pa_yazar-vahap-polat","11":"first","12":"instock","13":"sale","14":"shipping-taxable","15":"purchasable","16":"product-type-simple"},"_links":{"self":[{"href":"https:\/\/roveyayinevi.com.tr\/index.php\/wp-json\/wp\/v2\/product\/703157","targetHints":{"allow":["GET"]}}],"collection":[{"href":"https:\/\/roveyayinevi.com.tr\/index.php\/wp-json\/wp\/v2\/product"}],"about":[{"href":"https:\/\/roveyayinevi.com.tr\/index.php\/wp-json\/wp\/v2\/types\/product"}],"wp:attachment":[{"href":"https:\/\/roveyayinevi.com.tr\/index.php\/wp-json\/wp\/v2\/media?parent=703157"}],"wp:term":[{"taxonomy":"product_brand","embeddable":true,"href":"https:\/\/roveyayinevi.com.tr\/index.php\/wp-json\/wp\/v2\/product_brand?post=703157"},{"taxonomy":"product_cat","embeddable":true,"href":"https:\/\/roveyayinevi.com.tr\/index.php\/wp-json\/wp\/v2\/product_cat?post=703157"},{"taxonomy":"product_tag","embeddable":true,"href":"https:\/\/roveyayinevi.com.tr\/index.php\/wp-json\/wp\/v2\/product_tag?post=703157"}],"curies":[{"name":"wp","href":"https:\/\/api.w.org\/{rel}","templated":true}]}}