{"id":703154,"date":"2025-08-27T15:22:43","date_gmt":"2025-08-27T12:22:43","guid":{"rendered":"https:\/\/roveyayinevi.com.tr\/index.php\/urun\/karanligin-yuregi-2\/"},"modified":"2026-04-16T02:12:31","modified_gmt":"2026-04-15T23:12:31","slug":"karanligin-yuregi-2","status":"publish","type":"product","link":"https:\/\/roveyayinevi.com.tr\/index.php\/urun\/karanligin-yuregi-2\/","title":{"rendered":"Karanl\u0131\u011f\u0131n Y\u00fcre\u011fi"},"content":{"rendered":"<p>Polonyal\u0131 yazar Joseph Conrad, gen\u00e7lik y\u0131llar\u0131nda e\u011fitimini yar\u0131da b\u0131rak\u0131p denizci olmay\u0131 se\u00e7ti. \u0130ngiliz vatanda\u015fl\u0131\u011f\u0131na ge\u00e7tikten sonra, ya\u015fam\u0131n\u0131 kaptanl\u0131k yaparak kazand\u0131. Bu y\u0131llarda Bat\u0131 uygarl\u0131\u011f\u0131na uzak \u00fclkelerde dola\u015ft\u0131. Ser\u00fcvenlerle dolu ya\u015fam\u0131ndan ilham ald\u0131\u011f\u0131 yap\u0131tlar\u0131yla b\u00fcy\u00fck \u00fcn kazand\u0131.Anadili Leh\u00e7e olmas\u0131na kar\u015f\u0131n \u0130ngilizce yazan Conrad XX. y\u00fczy\u0131l modern edebiyat\u0131n\u0131n \u00f6nc\u00fclerindendir.Karanl\u0131\u011f\u0131n Y\u00fcre\u011fi, Conrad\u2019\u0131n ya\u015fama bak\u0131\u015f\u0131n\u0131 \u00f6zetler: Do\u011fa kar\u015f\u0131s\u0131nda \u00e7aresiz kalan insan, korku ve kahramanl\u0131k aras\u0131nda gider gelir. Conrad\u2019\u0131n insan karakterine ili\u015fkin evrensel mesaj\u0131 \u00f6yle g\u00fc\u00e7l\u00fcd\u00fcr ki, bu roman yaz\u0131ld\u0131ktan y\u0131llar sonra bile etkisini s\u00fcrd\u00fcrmektedir.\u00dcnl\u00fc y\u00f6netmen Coppola\u2019n\u0131n k\u00fclt filmi Apocalypse, Now (K\u0131yamet) bu romandan uyarlanm\u0131\u015ft\u0131r.<\/p>\n","protected":false},"excerpt":{"rendered":"<p>Polonyal\u0131 yazar Joseph Conrad, gen\u00e7lik y\u0131llar\u0131nda e\u011fitimini yar\u0131da b\u0131rak\u0131p denizci olmay\u0131 se\u00e7ti. \u0130ngiliz vatanda\u015fl\u0131\u011f\u0131na ge\u00e7tikten sonra, ya\u015fam\u0131n\u0131 kaptanl\u0131k yaparak kazand\u0131. Bu y\u0131llarda Bat\u0131 uygarl\u0131\u011f\u0131na uzak \u00fclkelerde<span class=\"excerpt-hellip\"> [\u2026]<\/span><\/p>\n","protected":false},"featured_media":0,"template":"","meta":{"_monsterinsights_skip_tracking":false,"_monsterinsights_sitenote_active":false,"_monsterinsights_sitenote_note":"","_monsterinsights_sitenote_category":0},"product_brand":[],"product_cat":[12291,12711],"product_tag":[],"class_list":{"0":"post-703154","1":"product","2":"type-product","3":"status-publish","5":"product_cat-edebiyat","6":"product_cat-roman-oyku","7":"pa_cilt-ciltsiz","8":"pa_tur-kitap","9":"pa_yayinevi-cem-yayinevi","10":"pa_yazar-joseph-conrad","12":"first","13":"instock","14":"sale","15":"shipping-taxable","16":"purchasable","17":"product-type-simple"},"_links":{"self":[{"href":"https:\/\/roveyayinevi.com.tr\/index.php\/wp-json\/wp\/v2\/product\/703154","targetHints":{"allow":["GET"]}}],"collection":[{"href":"https:\/\/roveyayinevi.com.tr\/index.php\/wp-json\/wp\/v2\/product"}],"about":[{"href":"https:\/\/roveyayinevi.com.tr\/index.php\/wp-json\/wp\/v2\/types\/product"}],"wp:attachment":[{"href":"https:\/\/roveyayinevi.com.tr\/index.php\/wp-json\/wp\/v2\/media?parent=703154"}],"wp:term":[{"taxonomy":"product_brand","embeddable":true,"href":"https:\/\/roveyayinevi.com.tr\/index.php\/wp-json\/wp\/v2\/product_brand?post=703154"},{"taxonomy":"product_cat","embeddable":true,"href":"https:\/\/roveyayinevi.com.tr\/index.php\/wp-json\/wp\/v2\/product_cat?post=703154"},{"taxonomy":"product_tag","embeddable":true,"href":"https:\/\/roveyayinevi.com.tr\/index.php\/wp-json\/wp\/v2\/product_tag?post=703154"}],"curies":[{"name":"wp","href":"https:\/\/api.w.org\/{rel}","templated":true}]}}