{"id":703153,"date":"2025-08-27T15:22:43","date_gmt":"2025-08-27T12:22:43","guid":{"rendered":"https:\/\/roveyayinevi.com.tr\/index.php\/urun\/ozel-gunceler-apacik-yuregim\/"},"modified":"2026-03-08T02:15:52","modified_gmt":"2026-03-07T23:15:52","slug":"ozel-gunceler-apacik-yuregim","status":"publish","type":"product","link":"https:\/\/roveyayinevi.com.tr\/index.php\/urun\/ozel-gunceler-apacik-yuregim\/","title":{"rendered":"\u00d6zel G\u00fcnceler : Apa\u00e7\u0131k Y\u00fcre\u011fim"},"content":{"rendered":"<p>Charles Baudelaire (1821-1867): 1857\u2019de yay\u0131mlanan K\u00f6t\u00fcl\u00fck \u00c7i\u00e7ekleri\u2019nin yan\u0131 s\u0131ra, Avrupa\u2019ya tan\u0131tt\u0131\u011f\u0131 Poe \u00e7evirileri ve ele\u015ftirel yaz\u0131lar\u0131yla da 19. y\u00fczy\u0131lda edebiyat\u0131 yenileyen en \u00f6nemli modern ustalardan biridir. Baudelaire\u2019in I\u015f\u0131nt\u0131lar ve Apa\u00e7\u0131k Y\u00fcre\u011fim\u2019den olu\u015fan \u00f6zel g\u00fcnceleri ve baz\u0131 yaz\u0131\u015fmalar\u0131n\u0131 i\u00e7eren bu eser Baudelaire\u2019in d\u00fcnya ve sanat g\u00f6r\u00fc\u015f\u00fcne, ki\u015fisel ya\u015fant\u0131s\u0131na dair \u00f6nemli bilgiler ta\u015f\u0131maktad\u0131r. Apa\u00e7\u0131k Y\u00fcre\u011fim ayn\u0131 zamanda, Frans\u0131z edebiyat\u0131nda Jean-Jacques Rousseau\u2019nun kurdu\u011fu \u201c\u0130tiraf\u201d gelene\u011fine de modern bir soluk getirmi\u015ftir. \ufffcTan\u0131t\u0131m Metni<\/p>\n","protected":false},"excerpt":{"rendered":"<p>Charles Baudelaire (1821-1867): 1857\u2019de yay\u0131mlanan K\u00f6t\u00fcl\u00fck \u00c7i\u00e7ekleri\u2019nin yan\u0131 s\u0131ra, Avrupa\u2019ya tan\u0131tt\u0131\u011f\u0131 Poe \u00e7evirileri ve ele\u015ftirel yaz\u0131lar\u0131yla da 19. y\u00fczy\u0131lda edebiyat\u0131 yenileyen en \u00f6nemli modern ustalardan biridir.<span class=\"excerpt-hellip\"> [\u2026]<\/span><\/p>\n","protected":false},"featured_media":0,"template":"","meta":{"_monsterinsights_skip_tracking":false,"_monsterinsights_sitenote_active":false,"_monsterinsights_sitenote_note":"","_monsterinsights_sitenote_category":0},"product_brand":[],"product_cat":[12291,13376],"product_tag":[],"class_list":{"0":"post-703153","1":"product","2":"type-product","3":"status-publish","5":"product_cat-edebiyat","6":"product_cat-fransiz-edebiyati","7":"pa_cilt-ciltsiz","8":"pa_tur-kitap","9":"pa_yayinevi-is-bankasi-kultur-yayinlari","10":"pa_yazar-charles-baudelaire","12":"first","13":"instock","14":"sale","15":"shipping-taxable","16":"purchasable","17":"product-type-simple"},"_links":{"self":[{"href":"https:\/\/roveyayinevi.com.tr\/index.php\/wp-json\/wp\/v2\/product\/703153","targetHints":{"allow":["GET"]}}],"collection":[{"href":"https:\/\/roveyayinevi.com.tr\/index.php\/wp-json\/wp\/v2\/product"}],"about":[{"href":"https:\/\/roveyayinevi.com.tr\/index.php\/wp-json\/wp\/v2\/types\/product"}],"wp:attachment":[{"href":"https:\/\/roveyayinevi.com.tr\/index.php\/wp-json\/wp\/v2\/media?parent=703153"}],"wp:term":[{"taxonomy":"product_brand","embeddable":true,"href":"https:\/\/roveyayinevi.com.tr\/index.php\/wp-json\/wp\/v2\/product_brand?post=703153"},{"taxonomy":"product_cat","embeddable":true,"href":"https:\/\/roveyayinevi.com.tr\/index.php\/wp-json\/wp\/v2\/product_cat?post=703153"},{"taxonomy":"product_tag","embeddable":true,"href":"https:\/\/roveyayinevi.com.tr\/index.php\/wp-json\/wp\/v2\/product_tag?post=703153"}],"curies":[{"name":"wp","href":"https:\/\/api.w.org\/{rel}","templated":true}]}}