{"id":703151,"date":"2025-08-27T15:22:42","date_gmt":"2025-08-27T12:22:42","guid":{"rendered":"https:\/\/roveyayinevi.com.tr\/index.php\/urun\/evliya-celebi-gibi\/"},"modified":"2026-04-16T02:12:31","modified_gmt":"2026-04-15T23:12:31","slug":"evliya-celebi-gibi","status":"publish","type":"product","link":"https:\/\/roveyayinevi.com.tr\/index.php\/urun\/evliya-celebi-gibi\/","title":{"rendered":"Evliya \u00c7elebi Gibi"},"content":{"rendered":"<p>\u201cBabam h\u00e2l\u00e2 ortal\u0131kta g\u00f6r\u00fcnm\u00fcyordu. Bir elimde defter di\u011ferinde gazoz, masada oturuyordum. Asl\u0131nda birilerinin gelip \u2018Hah! Defterimi sen mi buldun, alabilir miyim? \u00c7ok te\u015fekk\u00fcr ederim!\u2019 diyerek beni bu y\u00fckten kurtarmas\u0131n\u0131 istiyordum. Ama kimse gelmiyordu. Defteri masaya b\u0131rakt\u0131m. Akl\u0131mdan onlarca \u015fey ge\u00e7iyordu&#8230; \u0130\u00e7ine bak\u0131p bakmamakta \u00e7ok karars\u0131z kalm\u0131\u015ft\u0131m. Kendimle sava\u015fmaya ba\u015flad\u0131m. Akl\u0131mdan ge\u00e7en son c\u00fcmleyi istemeden y\u00fcksek sesle s\u00f6yledim, kendi kendime, \u201cA\u00c7 VE BAK!\u201d dedim. Karars\u0131zl\u0131kla elimi deftere uzatt\u0131m.\u201d Marmaris\u2019te ailesiyle birlikte tatil yapan kahraman\u0131m\u0131z, eve d\u00f6n\u00fc\u015f biletlerini almak i\u00e7in otogara giden babas\u0131n\u0131n pe\u015fine tak\u0131l\u0131r. Bir kafede oturup babas\u0131n\u0131 bekleyecektir. Ama oturmaya karar verdi\u011fi masada bir defter vard\u0131r. Defteri kim unutmu\u015f, i\u00e7inde neler yaz\u0131yor derken kendisini tarihin en \u00f6nemli seyyahlar\u0131ndan biriyle yolculuk ederken bulur! <\/p>\n","protected":false},"excerpt":{"rendered":"<p>\u201cBabam h\u00e2l\u00e2 ortal\u0131kta g\u00f6r\u00fcnm\u00fcyordu. Bir elimde defter di\u011ferinde gazoz, masada oturuyordum. Asl\u0131nda birilerinin gelip \u2018Hah! Defterimi sen mi buldun, alabilir miyim? \u00c7ok te\u015fekk\u00fcr ederim!\u2019 diyerek beni<span class=\"excerpt-hellip\"> [\u2026]<\/span><\/p>\n","protected":false},"featured_media":0,"template":"","meta":{"_monsterinsights_skip_tracking":false,"_monsterinsights_sitenote_active":false,"_monsterinsights_sitenote_note":"","_monsterinsights_sitenote_category":0},"product_brand":[],"product_cat":[12274,12284],"product_tag":[],"class_list":{"0":"post-703151","1":"product","2":"type-product","3":"status-publish","5":"product_cat-cocuk-ve-genclik-kitaplari","6":"product_cat-hikayeler","7":"pa_cilt-ciltsiz","8":"pa_tur-kitap","9":"pa_yayinevi-kirmizi-kedi-yayinevi","10":"pa_yazar-arslan-sayman","12":"first","13":"instock","14":"sale","15":"shipping-taxable","16":"purchasable","17":"product-type-simple"},"_links":{"self":[{"href":"https:\/\/roveyayinevi.com.tr\/index.php\/wp-json\/wp\/v2\/product\/703151","targetHints":{"allow":["GET"]}}],"collection":[{"href":"https:\/\/roveyayinevi.com.tr\/index.php\/wp-json\/wp\/v2\/product"}],"about":[{"href":"https:\/\/roveyayinevi.com.tr\/index.php\/wp-json\/wp\/v2\/types\/product"}],"wp:attachment":[{"href":"https:\/\/roveyayinevi.com.tr\/index.php\/wp-json\/wp\/v2\/media?parent=703151"}],"wp:term":[{"taxonomy":"product_brand","embeddable":true,"href":"https:\/\/roveyayinevi.com.tr\/index.php\/wp-json\/wp\/v2\/product_brand?post=703151"},{"taxonomy":"product_cat","embeddable":true,"href":"https:\/\/roveyayinevi.com.tr\/index.php\/wp-json\/wp\/v2\/product_cat?post=703151"},{"taxonomy":"product_tag","embeddable":true,"href":"https:\/\/roveyayinevi.com.tr\/index.php\/wp-json\/wp\/v2\/product_tag?post=703151"}],"curies":[{"name":"wp","href":"https:\/\/api.w.org\/{rel}","templated":true}]}}