{"id":703149,"date":"2025-08-27T15:22:41","date_gmt":"2025-08-27T12:22:41","guid":{"rendered":"https:\/\/roveyayinevi.com.tr\/index.php\/urun\/hamlet-stage-5\/"},"modified":"2026-04-16T02:12:30","modified_gmt":"2026-04-15T23:12:30","slug":"hamlet-stage-5","status":"publish","type":"product","link":"https:\/\/roveyayinevi.com.tr\/index.php\/urun\/hamlet-stage-5\/","title":{"rendered":"Hamlet &#8211; Stage 5"},"content":{"rendered":"<p>Engin Gold Star Classics Serisi resimlerle zenginle\u015ftirilmi\u015f yirmi be\u015f klasik kitaptan olu\u015fmaktad\u0131r. Be\u015f seviyeden olu\u015fan serimiz ortaokul 6. s\u0131n\u0131ftan bayralarak lise son s\u0131n\u0131f \u00f6\u011frencilerine kadar \u0130ngilizcesini geli\u015ftirmek isteyen her ya\u015ftan ve seviyeden \u00f6\u011frenicinin zevkle okuyaca\u011f\u0131 klasik kitaplardan olu\u015fmaktad\u0131r. Her kitab\u0131n sonunda s\u00f6zl\u00fck ve al\u0131\u015ft\u0131rma b\u00f6l\u00fcmleri bulunmaktad\u0131r. B\u00f6ylece okuyucu metin i\u00e7in anlamlar\u0131n\u0131 bilmedi\u011fi kelimeleri kolayca \u00f6\u011frenip al\u0131\u015ft\u0131rmalar\u0131 yaparak hikayeyi daha iyi anlayabilmektedir.<\/p>\n","protected":false},"excerpt":{"rendered":"<p>Engin Gold Star Classics Serisi resimlerle zenginle\u015ftirilmi\u015f yirmi be\u015f klasik kitaptan olu\u015fmaktad\u0131r. Be\u015f seviyeden olu\u015fan serimiz ortaokul 6. s\u0131n\u0131ftan bayralarak lise son s\u0131n\u0131f \u00f6\u011frencilerine kadar \u0130ngilizcesini<span class=\"excerpt-hellip\"> [\u2026]<\/span><\/p>\n","protected":false},"featured_media":0,"template":"","meta":{"_monsterinsights_skip_tracking":false,"_monsterinsights_sitenote_active":false,"_monsterinsights_sitenote_note":"","_monsterinsights_sitenote_category":0},"product_brand":[],"product_cat":[12472],"product_tag":[],"class_list":{"0":"post-703149","1":"product","2":"type-product","3":"status-publish","5":"product_cat-yabanci-dilde-kitaplar","6":"pa_cilt-ciltsiz","7":"pa_tur-kitap","8":"pa_yayinevi-engin-yayinevi","9":"pa_yazar-william-shakespeare","11":"first","12":"instock","13":"sale","14":"shipping-taxable","15":"purchasable","16":"product-type-simple"},"_links":{"self":[{"href":"https:\/\/roveyayinevi.com.tr\/index.php\/wp-json\/wp\/v2\/product\/703149","targetHints":{"allow":["GET"]}}],"collection":[{"href":"https:\/\/roveyayinevi.com.tr\/index.php\/wp-json\/wp\/v2\/product"}],"about":[{"href":"https:\/\/roveyayinevi.com.tr\/index.php\/wp-json\/wp\/v2\/types\/product"}],"wp:attachment":[{"href":"https:\/\/roveyayinevi.com.tr\/index.php\/wp-json\/wp\/v2\/media?parent=703149"}],"wp:term":[{"taxonomy":"product_brand","embeddable":true,"href":"https:\/\/roveyayinevi.com.tr\/index.php\/wp-json\/wp\/v2\/product_brand?post=703149"},{"taxonomy":"product_cat","embeddable":true,"href":"https:\/\/roveyayinevi.com.tr\/index.php\/wp-json\/wp\/v2\/product_cat?post=703149"},{"taxonomy":"product_tag","embeddable":true,"href":"https:\/\/roveyayinevi.com.tr\/index.php\/wp-json\/wp\/v2\/product_tag?post=703149"}],"curies":[{"name":"wp","href":"https:\/\/api.w.org\/{rel}","templated":true}]}}