{"id":703145,"date":"2025-08-27T15:22:40","date_gmt":"2025-08-27T12:22:40","guid":{"rendered":"https:\/\/roveyayinevi.com.tr\/index.php\/urun\/evernight-akademisi-3-kum-saati\/"},"modified":"2026-04-16T02:12:30","modified_gmt":"2026-04-15T23:12:30","slug":"evernight-akademisi-3-kum-saati","status":"publish","type":"product","link":"https:\/\/roveyayinevi.com.tr\/index.php\/urun\/evernight-akademisi-3-kum-saati\/","title":{"rendered":"Evernight Akademisi 3 : Kum Saati"},"content":{"rendered":"<p>\u00d6l\u00fcm ve sonsuz ya\u015fam aras\u0131ndaki ince \u00e7izgide y\u00fcr\u00fcyen Bianca, hayata tutanabilecek mi?Bianca ve Lucas, tan\u0131\u015ft\u0131klar\u0131 vampir okulu Evernight Akademisi\u2019nden ka\u00e7\u0131p Siyah Ha\u00e7 adl\u0131 fanatik vampir avc\u0131lar\u0131 toplulu\u011funa s\u0131\u011f\u0131nm\u0131\u015ft\u0131r. Bianca avc\u0131lar\u0131n aras\u0131nda hayatta kalmak i\u00e7in do\u011fa\u00fcst\u00fc k\u00f6kenini gizlemek zorundad\u0131r ama Siyah Ha\u00e7, gen\u00e7 k\u0131z\u0131n arkada\u015f\u0131 Balthazar\u2019\u0131 ele ge\u00e7irince saklanmak gibi bir se\u00e7ene\u011fi kalmaz.\u00c7ok ge\u00e7meden Bianca ve Lucas yine ka\u00e7maya ba\u015flar ancak bu sefer pe\u015flerinde hem Siyah Ha\u00e7 hem de Evernight Akademisi\u2019nin g\u00fc\u00e7l\u00fc liderleri vard\u0131r. Ancak ne kadar uza\u011fa giderlerse gitsinler gen\u00e7 k\u0131z kaderinden ka\u00e7amayacakt\u0131r.Bianca, a\u015fklar\u0131n\u0131n her \u015feye g\u00f6\u011f\u00fcs gerebilece\u011fini d\u00fc\u015f\u00fcnm\u00fc\u015ft\u00fcr\u2026 Peki, a\u015fk\u0131 onlar\u0131 bekleyen felaketten de sa\u011f \u00e7\u0131kabilecek midir? &#8220;Gray bir kez daha, kesintisiz macera ve tutku dolu a\u015fk\u0131 kitab\u0131n \u015fa\u015f\u0131rt\u0131c\u0131 finaline kadar dengede tutmay\u0131 ba\u015farm\u0131\u015f. Okurlar, bir sonraki kitab\u0131 sab\u0131rs\u0131zl\u0131kla bekleyecek.\u201d- Booklist\u201cSerinin bu kitab\u0131nda \u00e7ok daha fazla macera ve sonunda \u00e7\u00f6z\u00fclmemi\u015f \u00e7ok daha fazla sorun var. Okurlar bir sonraki kitab\u0131 heyecanla bekleyecek.\u201d &#8211; School Library Journal\u201cAtlat\u0131lan b\u00fcy\u00fck tehlikeler, son dakikada yap\u0131lan kurtarma operasyonlar\u0131 ve dudak u\u00e7uklatan bir son\u2026 Serinin hayranlar\u0131 daha fazlas\u0131n\u0131 istemeden duramayacak.\u201d  &#8211; Voya\u201cGray\u2019in evreninde vampirler ve hayaletler aras\u0131ndaki sava\u015f hem yeni hem de ilgi \u00e7ekici.\u201d- Children\u2019s Literatur\u2019e<\/p>\n","protected":false},"excerpt":{"rendered":"<p>\u00d6l\u00fcm ve sonsuz ya\u015fam aras\u0131ndaki ince \u00e7izgide y\u00fcr\u00fcyen Bianca, hayata tutanabilecek mi?Bianca ve Lucas, tan\u0131\u015ft\u0131klar\u0131 vampir okulu Evernight Akademisi\u2019nden ka\u00e7\u0131p Siyah Ha\u00e7 adl\u0131 fanatik vampir avc\u0131lar\u0131<span class=\"excerpt-hellip\"> [\u2026]<\/span><\/p>\n","protected":false},"featured_media":0,"template":"","meta":{"_monsterinsights_skip_tracking":false,"_monsterinsights_sitenote_active":false,"_monsterinsights_sitenote_note":"","_monsterinsights_sitenote_category":0},"product_brand":[],"product_cat":[12291,12711],"product_tag":[],"class_list":{"0":"post-703145","1":"product","2":"type-product","3":"status-publish","5":"product_cat-edebiyat","6":"product_cat-roman-oyku","7":"pa_cilt-ciltsiz","8":"pa_tur-kitap","9":"pa_yayinevi-pegasus-yayinlari","10":"pa_yazar-claudia-gray","12":"first","13":"instock","14":"sale","15":"shipping-taxable","16":"purchasable","17":"product-type-simple"},"_links":{"self":[{"href":"https:\/\/roveyayinevi.com.tr\/index.php\/wp-json\/wp\/v2\/product\/703145","targetHints":{"allow":["GET"]}}],"collection":[{"href":"https:\/\/roveyayinevi.com.tr\/index.php\/wp-json\/wp\/v2\/product"}],"about":[{"href":"https:\/\/roveyayinevi.com.tr\/index.php\/wp-json\/wp\/v2\/types\/product"}],"wp:attachment":[{"href":"https:\/\/roveyayinevi.com.tr\/index.php\/wp-json\/wp\/v2\/media?parent=703145"}],"wp:term":[{"taxonomy":"product_brand","embeddable":true,"href":"https:\/\/roveyayinevi.com.tr\/index.php\/wp-json\/wp\/v2\/product_brand?post=703145"},{"taxonomy":"product_cat","embeddable":true,"href":"https:\/\/roveyayinevi.com.tr\/index.php\/wp-json\/wp\/v2\/product_cat?post=703145"},{"taxonomy":"product_tag","embeddable":true,"href":"https:\/\/roveyayinevi.com.tr\/index.php\/wp-json\/wp\/v2\/product_tag?post=703145"}],"curies":[{"name":"wp","href":"https:\/\/api.w.org\/{rel}","templated":true}]}}