{"id":703142,"date":"2025-08-27T15:22:39","date_gmt":"2025-08-27T12:22:39","guid":{"rendered":"https:\/\/roveyayinevi.com.tr\/index.php\/urun\/tarih-ve-tekerrur\/"},"modified":"2026-04-16T02:12:30","modified_gmt":"2026-04-15T23:12:30","slug":"tarih-ve-tekerrur","status":"publish","type":"product","link":"https:\/\/roveyayinevi.com.tr\/index.php\/urun\/tarih-ve-tekerrur\/","title":{"rendered":"Tarih ve Tekerr\u00fcr"},"content":{"rendered":"<p>Tarih ve Tekerr\u00fcr, Karatani\u2019nin, \u00e7o\u011funlu\u011fu Bat\u0131\u2019da So\u011fuk Sava\u015f\u2019\u0131n sona ermesini, Japonya\u2019daysa \u015eowa imparatorunun \u00f6l\u00fcm\u00fcn\u00fc takip eden \u00e7alkant\u0131l\u0131 d\u00f6nemde kaleme ald\u0131\u011f\u0131 yaz\u0131lar\u0131 bir araya getiriyor. \u0130lk bak\u0131\u015fta sadece Japonya\u2019yla ilgiliymi\u015f gibi g\u00f6r\u00fcnen bu yaz\u0131lar, yazar\u0131n deyi\u015fiyle   esasen devletin ve sermayenin d\u00f6ng\u00fcsel do\u011fas\u0131na dair   oldu\u011fundan tek bir \u00fclkenin ve belli bir d\u00f6nemin s\u0131n\u0131rlar\u0131n\u0131 a\u015f\u0131yor.   Tarihin incelenmesinin sebebi asl\u0131nda tam da bir kez olup biten bir fenomen olmamas\u0131 ve tekrarlanma olas\u0131l\u0131\u011f\u0131n\u0131 muhafaza etmesidir,   diyen Karatani\u2019ye g\u00f6re as\u0131l mesele, ge\u00e7mi\u015fteki olaylar\u0131 tek tek ele almaktan ziyade tarihteki tekrar \u00f6r\u00fcnt\u00fcs\u00fcn\u00fc g\u00f6rebilmek. <\/p>\n","protected":false},"excerpt":{"rendered":"<p>Tarih ve Tekerr\u00fcr, Karatani\u2019nin, \u00e7o\u011funlu\u011fu Bat\u0131\u2019da So\u011fuk Sava\u015f\u2019\u0131n sona ermesini, Japonya\u2019daysa \u015eowa imparatorunun \u00f6l\u00fcm\u00fcn\u00fc takip eden \u00e7alkant\u0131l\u0131 d\u00f6nemde kaleme ald\u0131\u011f\u0131 yaz\u0131lar\u0131 bir araya getiriyor. \u0130lk bak\u0131\u015fta<span class=\"excerpt-hellip\"> [\u2026]<\/span><\/p>\n","protected":false},"featured_media":0,"template":"","meta":{"_monsterinsights_skip_tracking":false,"_monsterinsights_sitenote_active":false,"_monsterinsights_sitenote_note":"","_monsterinsights_sitenote_category":0},"product_brand":[],"product_cat":[13590,12337],"product_tag":[],"class_list":{"0":"post-703142","1":"product","2":"type-product","3":"status-publish","5":"product_cat-arastirma-inceleme-politika-siyaset","6":"product_cat-politika-siyaset","7":"pa_cilt-ciltsiz","8":"pa_tur-kitap","9":"pa_yayinevi-metis-yayinlari","10":"pa_yazar-kojin-karatani","12":"first","13":"instock","14":"sale","15":"shipping-taxable","16":"purchasable","17":"product-type-simple"},"_links":{"self":[{"href":"https:\/\/roveyayinevi.com.tr\/index.php\/wp-json\/wp\/v2\/product\/703142","targetHints":{"allow":["GET"]}}],"collection":[{"href":"https:\/\/roveyayinevi.com.tr\/index.php\/wp-json\/wp\/v2\/product"}],"about":[{"href":"https:\/\/roveyayinevi.com.tr\/index.php\/wp-json\/wp\/v2\/types\/product"}],"wp:attachment":[{"href":"https:\/\/roveyayinevi.com.tr\/index.php\/wp-json\/wp\/v2\/media?parent=703142"}],"wp:term":[{"taxonomy":"product_brand","embeddable":true,"href":"https:\/\/roveyayinevi.com.tr\/index.php\/wp-json\/wp\/v2\/product_brand?post=703142"},{"taxonomy":"product_cat","embeddable":true,"href":"https:\/\/roveyayinevi.com.tr\/index.php\/wp-json\/wp\/v2\/product_cat?post=703142"},{"taxonomy":"product_tag","embeddable":true,"href":"https:\/\/roveyayinevi.com.tr\/index.php\/wp-json\/wp\/v2\/product_tag?post=703142"}],"curies":[{"name":"wp","href":"https:\/\/api.w.org\/{rel}","templated":true}]}}