{"id":703141,"date":"2025-08-27T15:22:38","date_gmt":"2025-08-27T12:22:38","guid":{"rendered":"https:\/\/roveyayinevi.com.tr\/index.php\/urun\/son-eseri\/"},"modified":"2026-04-16T02:12:30","modified_gmt":"2026-04-15T23:12:30","slug":"son-eseri","status":"publish","type":"product","link":"https:\/\/roveyayinevi.com.tr\/index.php\/urun\/son-eseri\/","title":{"rendered":"Son Eseri"},"content":{"rendered":"<p>Art\u0131k hi\u00e7bir \u0131st\u0131raptan ve azaptan korkmuyorum. N\u00f6bet saatin ge\u00e7ti, art\u0131k dinlen, diyecek \u00f6l\u00fcm borusu \u00e7al\u0131ncaya kadar insanl\u0131k vazifemi yapaca\u011f\u0131ma sana s\u00f6z veriyorum K\u00e2muran. Ve bunu s\u00f6ylerken a\u015fk\u0131m\u0131z\u0131n \u015fimdi muhaf\u0131z\u0131 olmaya l\u00e2y\u0131k oldu\u011fumu hissediyorum. Allaha \u0131smarlad\u0131k, K\u00e2muran! Sana ithaf etti\u011fim \u00f6mr\u00fcm, bu Son Eserim[\u2018in] herhangi \u015faheserden fazla sana l\u00e2y\u0131k oldu\u011funa eminim. Halide Edib Ad\u0131var\u2019\u0131n 1913 y\u0131l\u0131nda Tanin gazetesinde tefrika edilen roman\u0131 Son Eseri, yazar\u0131n erken d\u00f6nem yap\u0131tlar\u0131 aras\u0131nda yer al\u0131yor. Roman, Bence yazmak, ya\u015famakla bir. T\u0131pk\u0131 baharda yapraklanan a\u011fa\u00e7lar, tomurcuklanan \u00e7i\u00e7ekler gibi, diyen \u00fcnl\u00fc romanc\u0131 Feridun Hikmet\u2019le gen\u00e7 kad\u0131n ressam K\u00e2muran\u2019\u0131n \u00fcmitsiz a\u015fk\u0131n\u0131 anlat\u0131yor. Feridun Hikmet, kar\u0131s\u0131n\u0131 elinden ald\u0131\u011f\u0131 As\u0131m Bey\u2019in, K\u00e2muran\u2019\u0131n a\u011fabeyi oldu\u011funu \u00f6\u011frenince \u00f6nce i\u00e7ine kapan\u0131yor, ama sonra a\u015fk\u0131n co\u015fkusu galip geliyor. Son Eseri, sa\u011flam psikolojik \u00e7\u00f6z\u00fcmlemelerle dolu, \u00f6nemli bir roman. \ufffcTan\u0131t\u0131m Metni<\/p>\n","protected":false},"excerpt":{"rendered":"<p>Art\u0131k hi\u00e7bir \u0131st\u0131raptan ve azaptan korkmuyorum. N\u00f6bet saatin ge\u00e7ti, art\u0131k dinlen, diyecek \u00f6l\u00fcm borusu \u00e7al\u0131ncaya kadar insanl\u0131k vazifemi yapaca\u011f\u0131ma sana s\u00f6z veriyorum K\u00e2muran. Ve bunu s\u00f6ylerken<span class=\"excerpt-hellip\"> [\u2026]<\/span><\/p>\n","protected":false},"featured_media":0,"template":"","meta":{"_monsterinsights_skip_tracking":false,"_monsterinsights_sitenote_active":false,"_monsterinsights_sitenote_note":"","_monsterinsights_sitenote_category":0},"product_brand":[],"product_cat":[12274,20117],"product_tag":[],"class_list":{"0":"post-703141","1":"product","2":"type-product","3":"status-publish","5":"product_cat-cocuk-ve-genclik-kitaplari","6":"product_cat-turk-klasikleri","7":"pa_cilt-ciltsiz","8":"pa_tur-kitap","9":"pa_yayinevi-can-yayinlari","10":"pa_yazar-halide-edib-adivar","12":"first","13":"instock","14":"sale","15":"shipping-taxable","16":"purchasable","17":"product-type-simple"},"_links":{"self":[{"href":"https:\/\/roveyayinevi.com.tr\/index.php\/wp-json\/wp\/v2\/product\/703141","targetHints":{"allow":["GET"]}}],"collection":[{"href":"https:\/\/roveyayinevi.com.tr\/index.php\/wp-json\/wp\/v2\/product"}],"about":[{"href":"https:\/\/roveyayinevi.com.tr\/index.php\/wp-json\/wp\/v2\/types\/product"}],"wp:attachment":[{"href":"https:\/\/roveyayinevi.com.tr\/index.php\/wp-json\/wp\/v2\/media?parent=703141"}],"wp:term":[{"taxonomy":"product_brand","embeddable":true,"href":"https:\/\/roveyayinevi.com.tr\/index.php\/wp-json\/wp\/v2\/product_brand?post=703141"},{"taxonomy":"product_cat","embeddable":true,"href":"https:\/\/roveyayinevi.com.tr\/index.php\/wp-json\/wp\/v2\/product_cat?post=703141"},{"taxonomy":"product_tag","embeddable":true,"href":"https:\/\/roveyayinevi.com.tr\/index.php\/wp-json\/wp\/v2\/product_tag?post=703141"}],"curies":[{"name":"wp","href":"https:\/\/api.w.org\/{rel}","templated":true}]}}