{"id":703140,"date":"2025-08-27T15:22:38","date_gmt":"2025-08-27T12:22:38","guid":{"rendered":"https:\/\/roveyayinevi.com.tr\/index.php\/urun\/sosyoloji-2\/"},"modified":"2026-04-16T02:12:30","modified_gmt":"2026-04-15T23:12:30","slug":"sosyoloji-2","status":"publish","type":"product","link":"https:\/\/roveyayinevi.com.tr\/index.php\/urun\/sosyoloji-2\/","title":{"rendered":"Sosyoloji"},"content":{"rendered":"<p>\u201cSosyoloji, insan\u0131n ya\u015fam\u0131yla ilgilenen geni\u015f kapsaml\u0131 bir aland\u0131r. \u0130nsanlar ba\u015fkalar\u0131yla toplumsal ba\u011flar\u0131 olmadan, \u00e7ocuk olarak geli\u015femez ya da yeti\u015fkin olarak varl\u0131klar\u0131n\u0131 s\u00fcrd\u00fcremezler. Bu nedenle t\u00fcm insanlar bir topluma aittir ve toplum insan\u0131n var olabilmesinin en belirgin ko\u015fuludur.\u201d \ufffcTan\u0131t\u0131m Metni<\/p>\n","protected":false},"excerpt":{"rendered":"<p>\u201cSosyoloji, insan\u0131n ya\u015fam\u0131yla ilgilenen geni\u015f kapsaml\u0131 bir aland\u0131r. \u0130nsanlar ba\u015fkalar\u0131yla toplumsal ba\u011flar\u0131 olmadan, \u00e7ocuk olarak geli\u015femez ya da yeti\u015fkin olarak varl\u0131klar\u0131n\u0131 s\u00fcrd\u00fcremezler. Bu nedenle t\u00fcm insanlar<span class=\"excerpt-hellip\"> [\u2026]<\/span><\/p>\n","protected":false},"featured_media":0,"template":"","meta":{"_monsterinsights_skip_tracking":false,"_monsterinsights_sitenote_active":false,"_monsterinsights_sitenote_note":"","_monsterinsights_sitenote_category":0},"product_brand":[],"product_cat":[12312,12304],"product_tag":[],"class_list":{"0":"post-703140","1":"product","2":"type-product","3":"status-publish","5":"product_cat-diger","6":"product_cat-tarih","7":"pa_cilt-ciltsiz","8":"pa_tur-kitap","9":"pa_yayinevi-say-yayinlari","10":"pa_yazar-anthony-giddens","12":"first","13":"instock","14":"sale","15":"shipping-taxable","16":"purchasable","17":"product-type-simple"},"_links":{"self":[{"href":"https:\/\/roveyayinevi.com.tr\/index.php\/wp-json\/wp\/v2\/product\/703140","targetHints":{"allow":["GET"]}}],"collection":[{"href":"https:\/\/roveyayinevi.com.tr\/index.php\/wp-json\/wp\/v2\/product"}],"about":[{"href":"https:\/\/roveyayinevi.com.tr\/index.php\/wp-json\/wp\/v2\/types\/product"}],"wp:attachment":[{"href":"https:\/\/roveyayinevi.com.tr\/index.php\/wp-json\/wp\/v2\/media?parent=703140"}],"wp:term":[{"taxonomy":"product_brand","embeddable":true,"href":"https:\/\/roveyayinevi.com.tr\/index.php\/wp-json\/wp\/v2\/product_brand?post=703140"},{"taxonomy":"product_cat","embeddable":true,"href":"https:\/\/roveyayinevi.com.tr\/index.php\/wp-json\/wp\/v2\/product_cat?post=703140"},{"taxonomy":"product_tag","embeddable":true,"href":"https:\/\/roveyayinevi.com.tr\/index.php\/wp-json\/wp\/v2\/product_tag?post=703140"}],"curies":[{"name":"wp","href":"https:\/\/api.w.org\/{rel}","templated":true}]}}