{"id":703137,"date":"2025-08-27T15:22:37","date_gmt":"2025-08-27T12:22:37","guid":{"rendered":"https:\/\/roveyayinevi.com.tr\/index.php\/urun\/yazma\/"},"modified":"2026-04-16T02:12:30","modified_gmt":"2026-04-15T23:12:30","slug":"yazma","status":"publish","type":"product","link":"https:\/\/roveyayinevi.com.tr\/index.php\/urun\/yazma\/","title":{"rendered":"Yazma"},"content":{"rendered":"<p>SUDABir \u00e7ift yaprakm\u0131\u015f dal\u0131nda yumu\u015fac\u0131k, Tutmu\u015fum, tutmu\u015fum ellerinden senin; D\u00fc\u015fm\u00fc\u015f\u00fcz yava\u015f\u00e7a, bir s\u00e2kin derenin \u0130\u00e7indeymi\u015fik, ye\u015filmi\u015fik, sazm\u0131\u015f\u0131k. Bal\u0131klar gibiymi\u015f, sessiz ve karanl\u0131k, Y\u00fczermi\u015f sa\u00e7lar\u0131n, y\u00fczermi\u015f nefesin; Susarm\u0131\u015f\u0131z \u00f6yle, bir s\u00e2kin derenin  \u0130\u00e7indeymi\u015fik, ye\u015filmi\u015fik, sazm\u0131\u015f\u0131k. <\/p>\n","protected":false},"excerpt":{"rendered":"<p>SUDABir \u00e7ift yaprakm\u0131\u015f dal\u0131nda yumu\u015fac\u0131k, Tutmu\u015fum, tutmu\u015fum ellerinden senin; D\u00fc\u015fm\u00fc\u015f\u00fcz yava\u015f\u00e7a, bir s\u00e2kin derenin \u0130\u00e7indeymi\u015fik, ye\u015filmi\u015fik, sazm\u0131\u015f\u0131k. Bal\u0131klar gibiymi\u015f, sessiz ve karanl\u0131k, Y\u00fczermi\u015f sa\u00e7lar\u0131n, y\u00fczermi\u015f nefesin;<span class=\"excerpt-hellip\"> [\u2026]<\/span><\/p>\n","protected":false},"featured_media":0,"template":"","meta":{"_monsterinsights_skip_tracking":false,"_monsterinsights_sitenote_active":false,"_monsterinsights_sitenote_note":"","_monsterinsights_sitenote_category":0},"product_brand":[],"product_cat":[12291,12509],"product_tag":[],"class_list":{"0":"post-703137","1":"product","2":"type-product","3":"status-publish","5":"product_cat-edebiyat","6":"product_cat-siir","7":"pa_cilt-ciltsiz","8":"pa_tur-kitap","9":"pa_yayinevi-is-bankasi-kultur-yayinlari","10":"pa_yazar-can-yucel","12":"first","13":"instock","14":"sale","15":"shipping-taxable","16":"purchasable","17":"product-type-simple"},"_links":{"self":[{"href":"https:\/\/roveyayinevi.com.tr\/index.php\/wp-json\/wp\/v2\/product\/703137","targetHints":{"allow":["GET"]}}],"collection":[{"href":"https:\/\/roveyayinevi.com.tr\/index.php\/wp-json\/wp\/v2\/product"}],"about":[{"href":"https:\/\/roveyayinevi.com.tr\/index.php\/wp-json\/wp\/v2\/types\/product"}],"wp:attachment":[{"href":"https:\/\/roveyayinevi.com.tr\/index.php\/wp-json\/wp\/v2\/media?parent=703137"}],"wp:term":[{"taxonomy":"product_brand","embeddable":true,"href":"https:\/\/roveyayinevi.com.tr\/index.php\/wp-json\/wp\/v2\/product_brand?post=703137"},{"taxonomy":"product_cat","embeddable":true,"href":"https:\/\/roveyayinevi.com.tr\/index.php\/wp-json\/wp\/v2\/product_cat?post=703137"},{"taxonomy":"product_tag","embeddable":true,"href":"https:\/\/roveyayinevi.com.tr\/index.php\/wp-json\/wp\/v2\/product_tag?post=703137"}],"curies":[{"name":"wp","href":"https:\/\/api.w.org\/{rel}","templated":true}]}}