{"id":703135,"date":"2025-08-27T15:22:36","date_gmt":"2025-08-27T12:22:36","guid":{"rendered":"https:\/\/roveyayinevi.com.tr\/index.php\/urun\/binbir-gece-masallari\/"},"modified":"2026-04-16T02:12:30","modified_gmt":"2026-04-15T23:12:30","slug":"binbir-gece-masallari","status":"publish","type":"product","link":"https:\/\/roveyayinevi.com.tr\/index.php\/urun\/binbir-gece-masallari\/","title":{"rendered":"Binbir Gece Masallar\u0131"},"content":{"rendered":"<p>Modern \u00e7izimlerle tasarlanan ve sert kapak olarak yenilenen Epsilon \u00c7ocuk Klasikleri, yeni y\u00fczleriyle benzerlerinden ayr\u0131l\u0131yor. Epsilon Yay\u0131nevi&#8217;nin \u00c7ocuk Klasikleri Dizisi ak\u0131c\u0131 \u00e7evirileriyle \u00e7ocuklar\u0131 keyifli okumalara davet ediyor. <\/p>\n","protected":false},"excerpt":{"rendered":"<p>Modern \u00e7izimlerle tasarlanan ve sert kapak olarak yenilenen Epsilon \u00c7ocuk Klasikleri, yeni y\u00fczleriyle benzerlerinden ayr\u0131l\u0131yor. Epsilon Yay\u0131nevi&#8217;nin \u00c7ocuk Klasikleri Dizisi ak\u0131c\u0131 \u00e7evirileriyle \u00e7ocuklar\u0131 keyifli okumalara davet<span class=\"excerpt-hellip\"> [\u2026]<\/span><\/p>\n","protected":false},"featured_media":0,"template":"","meta":{"_monsterinsights_skip_tracking":false,"_monsterinsights_sitenote_active":false,"_monsterinsights_sitenote_note":"","_monsterinsights_sitenote_category":0},"product_brand":[],"product_cat":[12274,12523],"product_tag":[],"class_list":{"0":"post-703135","1":"product","2":"type-product","3":"status-publish","5":"product_cat-cocuk-ve-genclik-kitaplari","6":"product_cat-masallar","7":"pa_cilt-ciltli","8":"pa_tur-kitap","9":"pa_yayinevi-epsilon-yayinlari","10":"pa_yazar-kolektif","12":"first","13":"instock","14":"sale","15":"shipping-taxable","16":"purchasable","17":"product-type-simple"},"_links":{"self":[{"href":"https:\/\/roveyayinevi.com.tr\/index.php\/wp-json\/wp\/v2\/product\/703135","targetHints":{"allow":["GET"]}}],"collection":[{"href":"https:\/\/roveyayinevi.com.tr\/index.php\/wp-json\/wp\/v2\/product"}],"about":[{"href":"https:\/\/roveyayinevi.com.tr\/index.php\/wp-json\/wp\/v2\/types\/product"}],"wp:attachment":[{"href":"https:\/\/roveyayinevi.com.tr\/index.php\/wp-json\/wp\/v2\/media?parent=703135"}],"wp:term":[{"taxonomy":"product_brand","embeddable":true,"href":"https:\/\/roveyayinevi.com.tr\/index.php\/wp-json\/wp\/v2\/product_brand?post=703135"},{"taxonomy":"product_cat","embeddable":true,"href":"https:\/\/roveyayinevi.com.tr\/index.php\/wp-json\/wp\/v2\/product_cat?post=703135"},{"taxonomy":"product_tag","embeddable":true,"href":"https:\/\/roveyayinevi.com.tr\/index.php\/wp-json\/wp\/v2\/product_tag?post=703135"}],"curies":[{"name":"wp","href":"https:\/\/api.w.org\/{rel}","templated":true}]}}