{"id":703134,"date":"2025-08-27T15:22:35","date_gmt":"2025-08-27T12:22:35","guid":{"rendered":"https:\/\/roveyayinevi.com.tr\/index.php\/urun\/robin-hood-6\/"},"modified":"2026-04-16T02:12:30","modified_gmt":"2026-04-15T23:12:30","slug":"robin-hood-6","status":"publish","type":"product","link":"https:\/\/roveyayinevi.com.tr\/index.php\/urun\/robin-hood-6\/","title":{"rendered":"Robin Hood"},"content":{"rendered":"<p>\u00c7o\u011fu ki\u015fi \u00e7imenlerin t\u00fcrk\u00fcs\u00fcn\u00fc s\u00f6yler, baz\u0131lar\u0131 ekinlerin t\u00fcrk\u00fcs\u00fcn\u00fc, onun do\u011fdu\u011fu yerlerde t\u00fcrk\u00fcler s\u00f6yler, Robin Hood&#8217;un \u00f6yk\u00fcs\u00fcn\u00fc. Do\u011fdu\u011fu yer saray de\u011fil s\u00fcsl\u00fc p\u00fcsl\u00fc bir oda da orman\u0131n ye\u015filli\u011finde do\u011fdu. Saf zambaklar aras\u0131nda. <\/p>\n","protected":false},"excerpt":{"rendered":"<p>\u00c7o\u011fu ki\u015fi \u00e7imenlerin t\u00fcrk\u00fcs\u00fcn\u00fc s\u00f6yler, baz\u0131lar\u0131 ekinlerin t\u00fcrk\u00fcs\u00fcn\u00fc, onun do\u011fdu\u011fu yerlerde t\u00fcrk\u00fcler s\u00f6yler, Robin Hood&#8217;un \u00f6yk\u00fcs\u00fcn\u00fc. Do\u011fdu\u011fu yer saray de\u011fil s\u00fcsl\u00fc p\u00fcsl\u00fc bir oda da orman\u0131n<span class=\"excerpt-hellip\"> [\u2026]<\/span><\/p>\n","protected":false},"featured_media":0,"template":"","meta":{"_monsterinsights_skip_tracking":false,"_monsterinsights_sitenote_active":false,"_monsterinsights_sitenote_note":"","_monsterinsights_sitenote_category":0},"product_brand":[],"product_cat":[12274,12467],"product_tag":[],"class_list":{"0":"post-703134","1":"product","2":"type-product","3":"status-publish","5":"product_cat-cocuk-ve-genclik-kitaplari","6":"product_cat-dunya-klasikleri","7":"pa_cilt-ciltli","8":"pa_tur-kitap","9":"pa_yayinevi-epsilon-yayinlari","10":"pa_yazar-roger-l-green","12":"first","13":"instock","14":"sale","15":"shipping-taxable","16":"purchasable","17":"product-type-simple"},"_links":{"self":[{"href":"https:\/\/roveyayinevi.com.tr\/index.php\/wp-json\/wp\/v2\/product\/703134","targetHints":{"allow":["GET"]}}],"collection":[{"href":"https:\/\/roveyayinevi.com.tr\/index.php\/wp-json\/wp\/v2\/product"}],"about":[{"href":"https:\/\/roveyayinevi.com.tr\/index.php\/wp-json\/wp\/v2\/types\/product"}],"wp:attachment":[{"href":"https:\/\/roveyayinevi.com.tr\/index.php\/wp-json\/wp\/v2\/media?parent=703134"}],"wp:term":[{"taxonomy":"product_brand","embeddable":true,"href":"https:\/\/roveyayinevi.com.tr\/index.php\/wp-json\/wp\/v2\/product_brand?post=703134"},{"taxonomy":"product_cat","embeddable":true,"href":"https:\/\/roveyayinevi.com.tr\/index.php\/wp-json\/wp\/v2\/product_cat?post=703134"},{"taxonomy":"product_tag","embeddable":true,"href":"https:\/\/roveyayinevi.com.tr\/index.php\/wp-json\/wp\/v2\/product_tag?post=703134"}],"curies":[{"name":"wp","href":"https:\/\/api.w.org\/{rel}","templated":true}]}}