{"id":703132,"date":"2025-08-27T15:22:35","date_gmt":"2025-08-27T12:22:35","guid":{"rendered":"https:\/\/roveyayinevi.com.tr\/index.php\/urun\/windsorun-sen-kadinlari\/"},"modified":"2026-04-16T02:12:30","modified_gmt":"2026-04-15T23:12:30","slug":"windsorun-sen-kadinlari","status":"publish","type":"product","link":"https:\/\/roveyayinevi.com.tr\/index.php\/urun\/windsorun-sen-kadinlari\/","title":{"rendered":"Windsor&#8217;un \u015een Kad\u0131nlar\u0131"},"content":{"rendered":"<p>William Shakespeare (1564-1616): Oyunlar\u0131 ve \u015fiirlerinde insanl\u0131k durumlar\u0131n\u0131 dile getiri\u015f g\u00fcc\u00fcyle yakla\u015f\u0131k 400 y\u0131ld\u0131r b\u00fct\u00fcn d\u00fcnya okur ve seyircilerini etkilemeyi s\u00fcrd\u00fcren efsanevi yazar. I. Elizabeth\u2019in Kral IV. Henry\u2019nin birinci b\u00f6l\u00fcm\u00fcn\u00fc izledikten sonra Shakespeare\u2019den \u00e7ok be\u011fendi\u011fi Falstaff karakterine dair bir oyun yazmas\u0131n\u0131 istedi\u011fi, Shakespeare\u2019in de Falstaff\u2019\u0131 \u00f6l\u00fcms\u00fcz k\u0131lmak i\u00e7in Kral IV. Henry\u2019nin ikinci b\u00f6l\u00fcm\u00fcn\u00fc yazmay\u0131 erteleyip, Windsor\u2019un \u015een Kad\u0131nlar\u0131\u2019n\u0131 yazd\u0131\u011f\u0131 rivayet edilir. Oyunun ilk kez 1597 y\u0131l\u0131nda krali\u00e7enin huzurunda oynand\u0131\u011f\u0131 tahmin edilmektedir. Windsor\u2019un \u015een Kad\u0131nlar\u0131 gerek olay \u00f6rg\u00fcs\u00fc, gerek karakterleri, gerekse de dil oyunlar\u0131 a\u00e7\u0131s\u0131ndan Shakespeare\u2019in en \u00f6nemli komedyalar\u0131ndan biridir. \ufffcTan\u0131t\u0131m Metni<\/p>\n","protected":false},"excerpt":{"rendered":"<p>William Shakespeare (1564-1616): Oyunlar\u0131 ve \u015fiirlerinde insanl\u0131k durumlar\u0131n\u0131 dile getiri\u015f g\u00fcc\u00fcyle yakla\u015f\u0131k 400 y\u0131ld\u0131r b\u00fct\u00fcn d\u00fcnya okur ve seyircilerini etkilemeyi s\u00fcrd\u00fcren efsanevi yazar. I. Elizabeth\u2019in Kral<span class=\"excerpt-hellip\"> [\u2026]<\/span><\/p>\n","protected":false},"featured_media":0,"template":"","meta":{"_monsterinsights_skip_tracking":false,"_monsterinsights_sitenote_active":false,"_monsterinsights_sitenote_note":"","_monsterinsights_sitenote_category":0},"product_brand":[],"product_cat":[12291,12866],"product_tag":[],"class_list":{"0":"post-703132","1":"product","2":"type-product","3":"status-publish","5":"product_cat-edebiyat","6":"product_cat-ingiliz-edebiyati","7":"pa_cilt-ciltsiz","8":"pa_tur-kitap","9":"pa_yayinevi-is-bankasi-kultur-yayinlari","10":"pa_yazar-william-shakespeare","12":"first","13":"instock","14":"sale","15":"shipping-taxable","16":"purchasable","17":"product-type-simple"},"_links":{"self":[{"href":"https:\/\/roveyayinevi.com.tr\/index.php\/wp-json\/wp\/v2\/product\/703132","targetHints":{"allow":["GET"]}}],"collection":[{"href":"https:\/\/roveyayinevi.com.tr\/index.php\/wp-json\/wp\/v2\/product"}],"about":[{"href":"https:\/\/roveyayinevi.com.tr\/index.php\/wp-json\/wp\/v2\/types\/product"}],"wp:attachment":[{"href":"https:\/\/roveyayinevi.com.tr\/index.php\/wp-json\/wp\/v2\/media?parent=703132"}],"wp:term":[{"taxonomy":"product_brand","embeddable":true,"href":"https:\/\/roveyayinevi.com.tr\/index.php\/wp-json\/wp\/v2\/product_brand?post=703132"},{"taxonomy":"product_cat","embeddable":true,"href":"https:\/\/roveyayinevi.com.tr\/index.php\/wp-json\/wp\/v2\/product_cat?post=703132"},{"taxonomy":"product_tag","embeddable":true,"href":"https:\/\/roveyayinevi.com.tr\/index.php\/wp-json\/wp\/v2\/product_tag?post=703132"}],"curies":[{"name":"wp","href":"https:\/\/api.w.org\/{rel}","templated":true}]}}