{"id":703129,"date":"2025-08-27T15:22:34","date_gmt":"2025-08-27T12:22:34","guid":{"rendered":"https:\/\/roveyayinevi.com.tr\/index.php\/urun\/ruyalar-2\/"},"modified":"2026-04-16T02:12:30","modified_gmt":"2026-04-15T23:12:30","slug":"ruyalar-2","status":"publish","type":"product","link":"https:\/\/roveyayinevi.com.tr\/index.php\/urun\/ruyalar-2\/","title":{"rendered":"R\u00fcyalar"},"content":{"rendered":"<p>Yazar, psikiyatrist, eg\u0306itimci, ressam ve bir de seyyah olan Carl Gustav Jung, ru\u0308yalar hakk\u0131ndaki fikirlerini bu derlemede toplam\u0131\u015ft\u0131r. Gizemcilik, din, ku\u0308ltu\u0308r, semboller gibi ana temalar\u0131 kendine o\u0308zgu\u0308 ve maharetli anlat\u0131m teknig\u0306iyle okuyucuya sunmu\u015ftur. Ru\u0308yalar\u0131 filmsel o\u0308zellikleriyle te\u015fhis etmi\u015f, ayr\u0131ca sadece \u015fahsi planda so\u0308z konusu olan &#8220;ki\u015fisel ru\u0308yalar&#8221; ile hepimizin tecru\u0308be ettig\u0306i ve kolektif bilin\u00e7d\u0131\u015f\u0131n\u0131n u\u0308ru\u0308nu\u0308 olan &#8220;bu\u0308yu\u0308k ru\u0308yalar&#8221; aras\u0131nda ayr\u0131m yapm\u0131\u015ft\u0131r. Yirminci yu\u0308zy\u0131l\u0131n en etkin figu\u0308rlerinden biri olarak Jung, R\u00fcyalar adl\u0131 eseriyle kendi u\u0308rettig\u0306i s\u0131rad\u0131\u015f\u0131 kavramlara anla\u015f\u0131l\u0131r tarzda bir giri\u015f yapmakla kalmam\u0131\u015f, bunun yan\u0131nda toplu eserlerinin nitelikli okunmas\u0131 i\u00e7in de en ideal yo\u0308ntemi sunmu\u015ftur.<\/p>\n","protected":false},"excerpt":{"rendered":"<p>Yazar, psikiyatrist, eg\u0306itimci, ressam ve bir de seyyah olan Carl Gustav Jung, ru\u0308yalar hakk\u0131ndaki fikirlerini bu derlemede toplam\u0131\u015ft\u0131r. Gizemcilik, din, ku\u0308ltu\u0308r, semboller gibi ana temalar\u0131 kendine<span class=\"excerpt-hellip\"> [\u2026]<\/span><\/p>\n","protected":false},"featured_media":0,"template":"","meta":{"_monsterinsights_skip_tracking":false,"_monsterinsights_sitenote_active":false,"_monsterinsights_sitenote_note":"","_monsterinsights_sitenote_category":0},"product_brand":[],"product_cat":[12358,12357],"product_tag":[],"class_list":{"0":"post-703129","1":"product","2":"type-product","3":"status-publish","5":"product_cat-genel-psikoloji","6":"product_cat-psikoloji","7":"pa_cilt-ciltsiz","8":"pa_tur-kitap","9":"pa_yayinevi-pinhan-yayincilik","10":"pa_yazar-carl-gustav-jung","12":"first","13":"instock","14":"sale","15":"shipping-taxable","16":"purchasable","17":"product-type-simple"},"_links":{"self":[{"href":"https:\/\/roveyayinevi.com.tr\/index.php\/wp-json\/wp\/v2\/product\/703129","targetHints":{"allow":["GET"]}}],"collection":[{"href":"https:\/\/roveyayinevi.com.tr\/index.php\/wp-json\/wp\/v2\/product"}],"about":[{"href":"https:\/\/roveyayinevi.com.tr\/index.php\/wp-json\/wp\/v2\/types\/product"}],"wp:attachment":[{"href":"https:\/\/roveyayinevi.com.tr\/index.php\/wp-json\/wp\/v2\/media?parent=703129"}],"wp:term":[{"taxonomy":"product_brand","embeddable":true,"href":"https:\/\/roveyayinevi.com.tr\/index.php\/wp-json\/wp\/v2\/product_brand?post=703129"},{"taxonomy":"product_cat","embeddable":true,"href":"https:\/\/roveyayinevi.com.tr\/index.php\/wp-json\/wp\/v2\/product_cat?post=703129"},{"taxonomy":"product_tag","embeddable":true,"href":"https:\/\/roveyayinevi.com.tr\/index.php\/wp-json\/wp\/v2\/product_tag?post=703129"}],"curies":[{"name":"wp","href":"https:\/\/api.w.org\/{rel}","templated":true}]}}