{"id":703128,"date":"2025-08-27T15:22:33","date_gmt":"2025-08-27T12:22:33","guid":{"rendered":"https:\/\/roveyayinevi.com.tr\/index.php\/urun\/sahneye-koyma-sanati\/"},"modified":"2026-04-16T02:12:30","modified_gmt":"2026-04-15T23:12:30","slug":"sahneye-koyma-sanati","status":"publish","type":"product","link":"https:\/\/roveyayinevi.com.tr\/index.php\/urun\/sahneye-koyma-sanati\/","title":{"rendered":"Sahneye Koyma Sanat\u0131"},"content":{"rendered":"<p>Antoine, Belasco, Stanislavski, Craig, Meyerhold, Copeau, Vaktangov, Hopkins, Jouvet, Zakava, Guthrie, Logan\u2026 Tiyatronun sadece prati\u011fini de\u011fil, bu prati\u011fe temel olu\u015fturan teorileri de \u00fcretmi\u015f ve tiyatronun san\u0131lan\u0131n aksine, \u201ciki kalas, bir heves\u201dten \u00e7ok daha \u00f6nemli i\u015flevlerinin oldu\u011funu d\u00fc\u015f\u00fcnen tiyatro insanlar\u0131d\u0131r hepsi.Tiyatronun \u00fc\u00e7 duvar\u0131n\u0131n aras\u0131nda kalan alan\u0131n, yani sahnenin, nas\u0131l hayata daha fazla yakla\u015ft\u0131r\u0131laca\u011f\u0131n\u0131, hayat\u0131 ve insan\u0131 \u201csahne\u201dde nas\u0131l estetize edebilece\u011fini konu alan bir disiplin olarak \u201csahneye koyma\u201dn\u0131n ara\u015ft\u0131r\u0131lmas\u0131\u2026 Antoine, Sahneye Koyma Sanat\u0131 ile ilgili olarak bak\u0131n neler yazm\u0131\u015f: \u201cBence, \u00e7a\u011fda\u015f sahneye koyuculuk \u2012ger\u00e7ekte g\u00fcn\u00fcm\u00fczde oldu\u011fu gibi\u2012 sadece \u00f6zel \u00e7er\u00e7evesi i\u00e7inde eyleme uymakla kalmamal\u0131, ayn\u0131 zamanda eylemin as\u0131l karakterini belirleyip havas\u0131n\u0131 da yaratmal\u0131d\u0131r.\u201d Tiyatronun bir disiplini olarak d\u00fc\u015f\u00fcnebilece\u011fimiz bu alanda de\u011ferli tiyatro insanlar\u0131n\u0131n kaleme ald\u0131klar\u0131n\u0131 yine \u015fair, tiyatrocu, sanat ve k\u00fclt\u00fcr insan\u0131 Suat Ta\u015fer\u2019in \u00e7evirisi ile sunuyoruz okurlar\u0131m\u0131za\u2026 \ufffc<\/p>\n","protected":false},"excerpt":{"rendered":"<p>Antoine, Belasco, Stanislavski, Craig, Meyerhold, Copeau, Vaktangov, Hopkins, Jouvet, Zakava, Guthrie, Logan\u2026 Tiyatronun sadece prati\u011fini de\u011fil, bu prati\u011fe temel olu\u015fturan teorileri de \u00fcretmi\u015f ve tiyatronun san\u0131lan\u0131n<span class=\"excerpt-hellip\"> [\u2026]<\/span><\/p>\n","protected":false},"featured_media":0,"template":"","meta":{"_monsterinsights_skip_tracking":false,"_monsterinsights_sitenote_active":false,"_monsterinsights_sitenote_note":"","_monsterinsights_sitenote_category":0},"product_brand":[],"product_cat":[12409,12408],"product_tag":[],"class_list":{"0":"post-703128","1":"product","2":"type-product","3":"status-publish","5":"product_cat-fotograf-sinema-tiyatro","6":"product_cat-sanat","7":"pa_cilt-ciltsiz","8":"pa_tur-kitap","9":"pa_yayinevi-pegasus-yayinlari","10":"pa_yazar-e-vaktangov","12":"first","13":"instock","14":"sale","15":"shipping-taxable","16":"purchasable","17":"product-type-simple"},"_links":{"self":[{"href":"https:\/\/roveyayinevi.com.tr\/index.php\/wp-json\/wp\/v2\/product\/703128","targetHints":{"allow":["GET"]}}],"collection":[{"href":"https:\/\/roveyayinevi.com.tr\/index.php\/wp-json\/wp\/v2\/product"}],"about":[{"href":"https:\/\/roveyayinevi.com.tr\/index.php\/wp-json\/wp\/v2\/types\/product"}],"wp:attachment":[{"href":"https:\/\/roveyayinevi.com.tr\/index.php\/wp-json\/wp\/v2\/media?parent=703128"}],"wp:term":[{"taxonomy":"product_brand","embeddable":true,"href":"https:\/\/roveyayinevi.com.tr\/index.php\/wp-json\/wp\/v2\/product_brand?post=703128"},{"taxonomy":"product_cat","embeddable":true,"href":"https:\/\/roveyayinevi.com.tr\/index.php\/wp-json\/wp\/v2\/product_cat?post=703128"},{"taxonomy":"product_tag","embeddable":true,"href":"https:\/\/roveyayinevi.com.tr\/index.php\/wp-json\/wp\/v2\/product_tag?post=703128"}],"curies":[{"name":"wp","href":"https:\/\/api.w.org\/{rel}","templated":true}]}}