{"id":703123,"date":"2025-08-27T15:22:31","date_gmt":"2025-08-27T12:22:31","guid":{"rendered":"https:\/\/roveyayinevi.com.tr\/index.php\/urun\/turkce-cumle-bilgisi\/"},"modified":"2026-04-16T02:12:30","modified_gmt":"2026-04-15T23:12:30","slug":"turkce-cumle-bilgisi","status":"publish","type":"product","link":"https:\/\/roveyayinevi.com.tr\/index.php\/urun\/turkce-cumle-bilgisi\/","title":{"rendered":"T\u00fcrk\u00e7e C\u00fcmle Bilgisi"},"content":{"rendered":"<p>C\u00fcmle bilgisi \u00e7al\u0131\u015fmalar\u0131, dili anlamak ve t\u00fcrl\u00fc c\u00fcmle tiplerini g\u00f6rmek i\u00e7in \u00f6nemli bir ara\u015ft\u0131rma alan\u0131d\u0131r. Bu alanda yerli ve yabanc\u0131 ara\u015ft\u0131rmac\u0131lar\u0131n g\u00f6rd\u00fckleri, tan\u0131mlamaya ve anlatmaya \u00e7al\u0131\u015ft\u0131klar\u0131 hususlar birbirleriyle \u00f6rt\u00fc\u015febildikleri gibi farkl\u0131 bak\u0131\u015f tarzlar\u0131n\u0131 da ortaya koyabilmektedir. Her bak\u0131\u015f\u0131n \u00e7ok k\u0131ymetli oldu\u011fu, dilimizi anlamaya ve anlatmaya tek bir anlay\u0131\u015f\u0131n yeterli olamayaca\u011f\u0131 a\u00e7\u0131kt\u0131r. Bu y\u00fczden dil bilgisinde ortaya \u00e7\u0131kan terim ve tasnif sorunlar\u0131na makul bir seviyeye \u00e7eken, dilin i\u015fleyi\u015fine ait her t\u00fcrl\u00fc g\u00f6r\u00fc\u015fe de\u011fer vermek, yeni dil bilgisi y\u00f6ntem ve uygulamalar\u0131na uzak kalmamak gerekir. <\/p>\n","protected":false},"excerpt":{"rendered":"<p>C\u00fcmle bilgisi \u00e7al\u0131\u015fmalar\u0131, dili anlamak ve t\u00fcrl\u00fc c\u00fcmle tiplerini g\u00f6rmek i\u00e7in \u00f6nemli bir ara\u015ft\u0131rma alan\u0131d\u0131r. Bu alanda yerli ve yabanc\u0131 ara\u015ft\u0131rmac\u0131lar\u0131n g\u00f6rd\u00fckleri, tan\u0131mlamaya ve anlatmaya \u00e7al\u0131\u015ft\u0131klar\u0131<span class=\"excerpt-hellip\"> [\u2026]<\/span><\/p>\n","protected":false},"featured_media":0,"template":"","meta":{"_monsterinsights_skip_tracking":false,"_monsterinsights_sitenote_active":false,"_monsterinsights_sitenote_note":"","_monsterinsights_sitenote_category":0},"product_brand":[],"product_cat":[14597,12566],"product_tag":[],"class_list":{"0":"post-703123","1":"product","2":"type-product","3":"status-publish","5":"product_cat-dil-ogrenimi","6":"product_cat-egitim","7":"pa_cilt-ciltsiz","8":"pa_tur-kitap","9":"pa_yayinevi-ani-yayincilik","10":"pa_yazar-bedri-sarica","12":"first","13":"instock","14":"sale","15":"shipping-taxable","16":"purchasable","17":"product-type-simple"},"_links":{"self":[{"href":"https:\/\/roveyayinevi.com.tr\/index.php\/wp-json\/wp\/v2\/product\/703123","targetHints":{"allow":["GET"]}}],"collection":[{"href":"https:\/\/roveyayinevi.com.tr\/index.php\/wp-json\/wp\/v2\/product"}],"about":[{"href":"https:\/\/roveyayinevi.com.tr\/index.php\/wp-json\/wp\/v2\/types\/product"}],"wp:attachment":[{"href":"https:\/\/roveyayinevi.com.tr\/index.php\/wp-json\/wp\/v2\/media?parent=703123"}],"wp:term":[{"taxonomy":"product_brand","embeddable":true,"href":"https:\/\/roveyayinevi.com.tr\/index.php\/wp-json\/wp\/v2\/product_brand?post=703123"},{"taxonomy":"product_cat","embeddable":true,"href":"https:\/\/roveyayinevi.com.tr\/index.php\/wp-json\/wp\/v2\/product_cat?post=703123"},{"taxonomy":"product_tag","embeddable":true,"href":"https:\/\/roveyayinevi.com.tr\/index.php\/wp-json\/wp\/v2\/product_tag?post=703123"}],"curies":[{"name":"wp","href":"https:\/\/api.w.org\/{rel}","templated":true}]}}