{"id":703120,"date":"2025-08-27T15:22:30","date_gmt":"2025-08-27T12:22:30","guid":{"rendered":"https:\/\/roveyayinevi.com.tr\/index.php\/urun\/kotu-kedi-okulu-karistiriyor\/"},"modified":"2026-04-16T02:12:30","modified_gmt":"2026-04-15T23:12:30","slug":"kotu-kedi-okulu-karistiriyor","status":"publish","type":"product","link":"https:\/\/roveyayinevi.com.tr\/index.php\/urun\/kotu-kedi-okulu-karistiriyor\/","title":{"rendered":"K\u00f6t\u00fc Kedi Okulu Kar\u0131\u015ft\u0131r\u0131yor"},"content":{"rendered":"<p>Pisicik ve Ku\u00e7u iyice yaramaz oldular!Evde s\u00fcrekli kavga ediyor, ba\u011f\u0131r\u0131yor, h\u0131rl\u0131yor, t\u0131sl\u0131yorlar.Sahipleri b\u0131kt\u0131 art\u0131k! Bir \u00e7\u00f6z\u00fcm bulam\u0131yorlar.Bu y\u00fczden\u2026 Pisicik ve Ku\u00e7u i\u00e7in okul vakti geldi!Uslu durmay\u0131 okulda \u00f6\u011frenecekler!Bakal\u0131m Pisicik k\u00f6t\u00fcl\u00fckten vazge\u00e7ip iyi bir kedi olabilecek mi?<\/p>\n","protected":false},"excerpt":{"rendered":"<p>Pisicik ve Ku\u00e7u iyice yaramaz oldular!Evde s\u00fcrekli kavga ediyor, ba\u011f\u0131r\u0131yor, h\u0131rl\u0131yor, t\u0131sl\u0131yorlar.Sahipleri b\u0131kt\u0131 art\u0131k! Bir \u00e7\u00f6z\u00fcm bulam\u0131yorlar.Bu y\u00fczden\u2026 Pisicik ve Ku\u00e7u i\u00e7in okul vakti geldi!Uslu durmay\u0131<span class=\"excerpt-hellip\"> [\u2026]<\/span><\/p>\n","protected":false},"featured_media":0,"template":"","meta":{"_monsterinsights_skip_tracking":false,"_monsterinsights_sitenote_active":false,"_monsterinsights_sitenote_note":"","_monsterinsights_sitenote_category":0},"product_brand":[],"product_cat":[12275,12274],"product_tag":[],"class_list":{"0":"post-703120","1":"product","2":"type-product","3":"status-publish","5":"product_cat-6-12-yas-kitaplari","6":"product_cat-cocuk-ve-genclik-kitaplari","7":"pa_cilt-ciltli","8":"pa_tur-kitap","9":"pa_yayinevi-epsilon-yayinlari","10":"pa_yazar-nick-bruel","12":"first","13":"instock","14":"sale","15":"shipping-taxable","16":"purchasable","17":"product-type-simple"},"_links":{"self":[{"href":"https:\/\/roveyayinevi.com.tr\/index.php\/wp-json\/wp\/v2\/product\/703120","targetHints":{"allow":["GET"]}}],"collection":[{"href":"https:\/\/roveyayinevi.com.tr\/index.php\/wp-json\/wp\/v2\/product"}],"about":[{"href":"https:\/\/roveyayinevi.com.tr\/index.php\/wp-json\/wp\/v2\/types\/product"}],"wp:attachment":[{"href":"https:\/\/roveyayinevi.com.tr\/index.php\/wp-json\/wp\/v2\/media?parent=703120"}],"wp:term":[{"taxonomy":"product_brand","embeddable":true,"href":"https:\/\/roveyayinevi.com.tr\/index.php\/wp-json\/wp\/v2\/product_brand?post=703120"},{"taxonomy":"product_cat","embeddable":true,"href":"https:\/\/roveyayinevi.com.tr\/index.php\/wp-json\/wp\/v2\/product_cat?post=703120"},{"taxonomy":"product_tag","embeddable":true,"href":"https:\/\/roveyayinevi.com.tr\/index.php\/wp-json\/wp\/v2\/product_tag?post=703120"}],"curies":[{"name":"wp","href":"https:\/\/api.w.org\/{rel}","templated":true}]}}