{"id":703118,"date":"2025-08-27T15:22:29","date_gmt":"2025-08-27T12:22:29","guid":{"rendered":"https:\/\/roveyayinevi.com.tr\/index.php\/urun\/ikiz-aynasi-sanattan-portreler\/"},"modified":"2026-04-16T02:12:30","modified_gmt":"2026-04-15T23:12:30","slug":"ikiz-aynasi-sanattan-portreler","status":"publish","type":"product","link":"https:\/\/roveyayinevi.com.tr\/index.php\/urun\/ikiz-aynasi-sanattan-portreler\/","title":{"rendered":"\u0130kiz Aynas\u0131 Sanattan Portreler"},"content":{"rendered":"<p>Edebiyat , sinema , tiyatro , resim , m\u00fczik ve g\u00fczel sanatlar \u00fczerine rengarenk sorular ve her biri samimiyetle verilmi\u015f cevaplar\u2026 <\/p>\n","protected":false},"excerpt":{"rendered":"<p>Edebiyat , sinema , tiyatro , resim , m\u00fczik ve g\u00fczel sanatlar \u00fczerine rengarenk sorular ve her biri samimiyetle verilmi\u015f cevaplar\u2026<\/p>\n","protected":false},"featured_media":0,"template":"","meta":{"_monsterinsights_skip_tracking":false,"_monsterinsights_sitenote_active":false,"_monsterinsights_sitenote_note":"","_monsterinsights_sitenote_category":0},"product_brand":[],"product_cat":[12291,30969],"product_tag":[],"class_list":{"0":"post-703118","1":"product","2":"type-product","3":"status-publish","5":"product_cat-edebiyat","6":"product_cat-soylesi-edebiyat","7":"pa_tur-kitap","8":"pa_yayinevi-profil-kitap","9":"pa_yazar-kubra-sonmezisik","11":"first","12":"instock","13":"sale","14":"shipping-taxable","15":"purchasable","16":"product-type-simple"},"_links":{"self":[{"href":"https:\/\/roveyayinevi.com.tr\/index.php\/wp-json\/wp\/v2\/product\/703118","targetHints":{"allow":["GET"]}}],"collection":[{"href":"https:\/\/roveyayinevi.com.tr\/index.php\/wp-json\/wp\/v2\/product"}],"about":[{"href":"https:\/\/roveyayinevi.com.tr\/index.php\/wp-json\/wp\/v2\/types\/product"}],"wp:attachment":[{"href":"https:\/\/roveyayinevi.com.tr\/index.php\/wp-json\/wp\/v2\/media?parent=703118"}],"wp:term":[{"taxonomy":"product_brand","embeddable":true,"href":"https:\/\/roveyayinevi.com.tr\/index.php\/wp-json\/wp\/v2\/product_brand?post=703118"},{"taxonomy":"product_cat","embeddable":true,"href":"https:\/\/roveyayinevi.com.tr\/index.php\/wp-json\/wp\/v2\/product_cat?post=703118"},{"taxonomy":"product_tag","embeddable":true,"href":"https:\/\/roveyayinevi.com.tr\/index.php\/wp-json\/wp\/v2\/product_tag?post=703118"}],"curies":[{"name":"wp","href":"https:\/\/api.w.org\/{rel}","templated":true}]}}