{"id":703117,"date":"2025-08-27T15:22:29","date_gmt":"2025-08-27T12:22:29","guid":{"rendered":"https:\/\/roveyayinevi.com.tr\/index.php\/urun\/ac\/"},"modified":"2026-04-16T02:12:30","modified_gmt":"2026-04-15T23:12:30","slug":"ac","status":"publish","type":"product","link":"https:\/\/roveyayinevi.com.tr\/index.php\/urun\/ac\/","title":{"rendered":"A\u00e7"},"content":{"rendered":"<p>\u201c\u00c7ocuklar durun, bir s\u00f6yleyece\u011fim\u201d var diye ilikledi kad\u0131n laf\u0131n\u0131n arkas\u0131na kibarl\u0131\u011f\u0131n\u0131. \u201cSaadet\u201d dedi\u2026 \u201cNerede oturuyor? Bu sokakta imi\u015f evi. Evinden d\u0131\u015far\u0131ya a\u00e7\u0131k otururmu\u015f huzur beyaz\u0131\u201d dedim. <\/p>\n","protected":false},"excerpt":{"rendered":"<p>\u201c\u00c7ocuklar durun, bir s\u00f6yleyece\u011fim\u201d var diye ilikledi kad\u0131n laf\u0131n\u0131n arkas\u0131na kibarl\u0131\u011f\u0131n\u0131. \u201cSaadet\u201d dedi\u2026 \u201cNerede oturuyor? Bu sokakta imi\u015f evi. Evinden d\u0131\u015far\u0131ya a\u00e7\u0131k otururmu\u015f huzur beyaz\u0131\u201d dedim.<\/p>\n","protected":false},"featured_media":0,"template":"","meta":{"_monsterinsights_skip_tracking":false,"_monsterinsights_sitenote_active":false,"_monsterinsights_sitenote_note":"","_monsterinsights_sitenote_category":0},"product_brand":[],"product_cat":[12291,12711],"product_tag":[],"class_list":{"0":"post-703117","1":"product","2":"type-product","3":"status-publish","5":"product_cat-edebiyat","6":"product_cat-roman-oyku","7":"pa_tur-kitap","8":"pa_yayinevi-profil-kitap","9":"pa_yazar-zeynep-yazici","11":"first","12":"instock","13":"sale","14":"shipping-taxable","15":"purchasable","16":"product-type-simple"},"_links":{"self":[{"href":"https:\/\/roveyayinevi.com.tr\/index.php\/wp-json\/wp\/v2\/product\/703117","targetHints":{"allow":["GET"]}}],"collection":[{"href":"https:\/\/roveyayinevi.com.tr\/index.php\/wp-json\/wp\/v2\/product"}],"about":[{"href":"https:\/\/roveyayinevi.com.tr\/index.php\/wp-json\/wp\/v2\/types\/product"}],"wp:attachment":[{"href":"https:\/\/roveyayinevi.com.tr\/index.php\/wp-json\/wp\/v2\/media?parent=703117"}],"wp:term":[{"taxonomy":"product_brand","embeddable":true,"href":"https:\/\/roveyayinevi.com.tr\/index.php\/wp-json\/wp\/v2\/product_brand?post=703117"},{"taxonomy":"product_cat","embeddable":true,"href":"https:\/\/roveyayinevi.com.tr\/index.php\/wp-json\/wp\/v2\/product_cat?post=703117"},{"taxonomy":"product_tag","embeddable":true,"href":"https:\/\/roveyayinevi.com.tr\/index.php\/wp-json\/wp\/v2\/product_tag?post=703117"}],"curies":[{"name":"wp","href":"https:\/\/api.w.org\/{rel}","templated":true}]}}